{"id":13,"date":"2022-08-10T17:01:12","date_gmt":"2022-08-10T17:01:12","guid":{"rendered":"http:\/\/soon2come.website\/?page_id=13"},"modified":"2024-02-12T21:52:40","modified_gmt":"2024-02-12T21:52:40","slug":"about","status":"publish","type":"page","link":"https:\/\/eaulogik.ca\/fr\/what-to-look-for\/about\/","title":{"rendered":"\u00c0 propos"},"content":{"rendered":"<div data-elementor-type=\"wp-page\" data-elementor-id=\"13\" class=\"elementor elementor-13\">\n\t\t\t\t\t\t<section class=\"elementor-section elementor-top-section elementor-element elementor-element-a64e96b elementor-section-boxed elementor-section-height-default elementor-section-height-default\" data-id=\"a64e96b\" data-element_type=\"section\" data-e-type=\"section\">\n\t\t\t\t\t\t<div class=\"elementor-container elementor-column-gap-default\">\n\t\t\t\t\t<div class=\"elementor-column elementor-col-50 elementor-top-column elementor-element elementor-element-a7e563c\" data-id=\"a7e563c\" data-element_type=\"column\" data-e-type=\"column\">\n\t\t\t<div class=\"elementor-widget-wrap elementor-element-populated\">\n\t\t\t\t\t\t<div class=\"elementor-element elementor-element-9bcd30b elementor-widget elementor-widget-image\" data-id=\"9bcd30b\" data-element_type=\"widget\" data-e-type=\"widget\" data-widget_type=\"image.default\">\n\t\t\t\t<div class=\"elementor-widget-container\">\n\t\t\t\t\t\t\t\t\t\t\t\t\t\t\t<img decoding=\"async\" width=\"300\" height=\"113\" src=\"https:\/\/eaulogik.ca\/wp-content\/uploads\/2022\/09\/repairware-eua-logo-2.jpg\" class=\"attachment-medium size-medium wp-image-3816\" alt=\"\" srcset=\"https:\/\/eaulogik.ca\/wp-content\/uploads\/2022\/09\/repairware-eua-logo-2.jpg 531w, https:\/\/eaulogik.ca\/wp-content\/uploads\/2022\/09\/repairware-eua-logo-2-200x75.jpg 200w, https:\/\/eaulogik.ca\/wp-content\/uploads\/2022\/09\/repairware-eua-logo-2-400x151.jpg 400w\" sizes=\"(max-width: 300px) 100vw, 300px\" \/>\t\t\t\t\t\t\t\t\t\t\t\t\t\t\t<\/div>\n\t\t\t\t<\/div>\n\t\t\t\t\t<\/div>\n\t\t<\/div>\n\t\t\t\t<div class=\"elementor-column elementor-col-50 elementor-top-column elementor-element elementor-element-85047ee\" data-id=\"85047ee\" data-element_type=\"column\" data-e-type=\"column\">\n\t\t\t<div class=\"elementor-widget-wrap elementor-element-populated\">\n\t\t\t\t\t\t<div class=\"elementor-element elementor-element-ad49c31 elementor-widget elementor-widget-image\" data-id=\"ad49c31\" data-element_type=\"widget\" data-e-type=\"widget\" data-widget_type=\"image.default\">\n\t\t\t\t<div class=\"elementor-widget-container\">\n\t\t\t\t\t\t\t\t\t\t\t\t\t\t\t<img fetchpriority=\"high\" decoding=\"async\" width=\"800\" height=\"223\" src=\"https:\/\/eaulogik.ca\/wp-content\/uploads\/2022\/10\/repairware-truck-2-1024x285.jpg\" class=\"attachment-large size-large wp-image-4701\" alt=\"Repairware for Service Fast Reliable Professional\" srcset=\"https:\/\/eaulogik.ca\/wp-content\/uploads\/2022\/10\/repairware-truck-2-1024x285.jpg 1024w, https:\/\/eaulogik.ca\/wp-content\/uploads\/2022\/10\/repairware-truck-2-200x56.jpg 200w, https:\/\/eaulogik.ca\/wp-content\/uploads\/2022\/10\/repairware-truck-2-400x111.jpg 400w, https:\/\/eaulogik.ca\/wp-content\/uploads\/2022\/10\/repairware-truck-2-300x84.jpg 300w, https:\/\/eaulogik.ca\/wp-content\/uploads\/2022\/10\/repairware-truck-2-768x214.jpg 768w, https:\/\/eaulogik.ca\/wp-content\/uploads\/2022\/10\/repairware-truck-2-18x5.jpg 18w, https:\/\/eaulogik.ca\/wp-content\/uploads\/2022\/10\/repairware-truck-2.jpg 1435w\" sizes=\"(max-width: 800px) 100vw, 800px\" \/>\t\t\t\t\t\t\t\t\t\t\t\t\t\t\t<\/div>\n\t\t\t\t<\/div>\n\t\t\t\t\t<\/div>\n\t\t<\/div>\n\t\t\t\t\t<\/div>\n\t\t<\/section>\n\t\t\t\t<section class=\"elementor-section elementor-top-section elementor-element elementor-element-edbc172 elementor-section-boxed elementor-section-height-default elementor-section-height-default\" data-id=\"edbc172\" data-element_type=\"section\" data-e-type=\"section\">\n\t\t\t\t\t\t<div class=\"elementor-container elementor-column-gap-default\">\n\t\t\t\t\t<div class=\"elementor-column elementor-col-100 elementor-top-column elementor-element elementor-element-fd17da5\" data-id=\"fd17da5\" data-element_type=\"column\" data-e-type=\"column\">\n\t\t\t<div class=\"elementor-widget-wrap elementor-element-populated\">\n\t\t\t\t\t\t<div class=\"elementor-element elementor-element-43ee7d1 elementor-widget elementor-widget-text-editor\" data-id=\"43ee7d1\" data-element_type=\"widget\" data-e-type=\"widget\" data-widget_type=\"text-editor.default\">\n\t\t\t\t<div class=\"elementor-widget-container\">\n\t\t\t\t\t\t\t\t\t<div class=\"elementor-element elementor-element-387c303 elementor-widget elementor-widget-heading\" data-id=\"387c303\" data-element_type=\"widget\" data-widget_type=\"heading.default\"><div class=\"elementor-widget-container\"><h2 class=\"elementor-heading-title elementor-size-default\"><span style=\"color: #488cba;\">Notre histoire<\/span><\/h2><\/div><\/div><div class=\"elementor-element elementor-element-9e9407f elementor-widget elementor-widget-text-editor\" data-id=\"9e9407f\" data-element_type=\"widget\" data-widget_type=\"text-editor.default\"><div class=\"elementor-widget-container\"><p>Eaulogik a \u00e9t\u00e9 cr\u00e9\u00e9e en 2015 en tant que division de\u00a0<a href=\"https:\/\/www.repairware.ca\">RepairWare<\/a>. Sa mission est de fournir des distributeurs d'eau haut de gamme partout au Canada pour le lieu de travail et la maison.<\/p><p>For more than 30 years, thousands of customers from coast to coast have relied on RepairWare to provide professional in-home and commercial service.<\/p><p>Avec Eaulogik, le client obtient un\u00a0<a href=\"https:\/\/eaulogikca.wpenginepowered.com\/service\/\">installation professionnelle<\/a>\u00a0et l'entretien continu de leur distributeur d'eau. Ceci est effectu\u00e9 par une \u00e9quipe de techniciens enti\u00e8rement form\u00e9s.<\/p><p>Our customers enjoy drinking fresh, clean and purified water from the best water dispensers available. They also have the comfort of knowing their product is backed up by Canada\u2019s foremost national service company, RepairWare.<\/p><p>Rejoignez-nous et aidez-nous \u00e0 partager notre vision d'am\u00e9liorer votre monde en r\u00e9duisant l'utilisation de bouteilles en plastique destructrices.<\/p><\/div><\/div>\t\t\t\t\t\t\t\t<\/div>\n\t\t\t\t<\/div>\n\t\t\t\t\t<\/div>\n\t\t<\/div>\n\t\t\t\t\t<\/div>\n\t\t<\/section>\n\t\t\t\t<\/div>","protected":false},"excerpt":{"rendered":"<p>Our Story Eaulogik was created in 2015 as a division of\u00a0RepairWare. Its mission is to provide premium water dispensers across Canada for both the workplace and home. For more than 30 years, thousands of customers from coast to coast have relied on RepairWare to provide professional in-home and commercial service. With Eaulogik, the customer gets [&hellip;]<\/p>\n","protected":false},"author":1,"featured_media":0,"parent":3600,"menu_order":0,"comment_status":"closed","ping_status":"closed","template":"","meta":{"footnotes":""},"class_list":["post-13","page","type-page","status-publish","hentry"],"yoast_head":"<!-- This site is optimized with the Yoast SEO Premium plugin v24.4 (Yoast SEO v27.4) - https:\/\/yoast.com\/product\/yoast-seo-premium-wordpress\/ -->\n<title>About - Eaulogik<\/title>\n<meta name=\"description\" content=\"Eaulogik rents and sells brand name sparkling cold water dispensers and coolers.\" \/>\n<meta name=\"robots\" content=\"index, follow, max-snippet:-1, max-image-preview:large, max-video-preview:-1\" \/>\n<link rel=\"canonical\" href=\"https:\/\/eaulogik.ca\/fr\/what-to-look-for\/about\/\" \/>\n<meta property=\"og:locale\" content=\"fr_CA\" \/>\n<meta property=\"og:type\" content=\"article\" \/>\n<meta property=\"og:title\" content=\"About\" \/>\n<meta property=\"og:description\" content=\"Eaulogik rents and sells brand name sparkling cold water dispensers and coolers.\" \/>\n<meta property=\"og:url\" content=\"https:\/\/eaulogik.ca\/fr\/what-to-look-for\/about\/\" \/>\n<meta property=\"og:site_name\" content=\"Eaulogik\" \/>\n<meta property=\"article:modified_time\" content=\"2024-02-12T21:52:40+00:00\" \/>\n<meta property=\"og:image\" content=\"https:\/\/eaulogikca.wpenginepowered.com\/wp-content\/uploads\/2022\/09\/repairware-eua-logo-2.jpg\" \/>\n<meta name=\"twitter:card\" content=\"summary_large_image\" \/>\n<meta name=\"twitter:label1\" content=\"Est. reading time\" \/>\n\t<meta name=\"twitter:data1\" content=\"2 minutes\" \/>\n<script type=\"application\/ld+json\" class=\"yoast-schema-graph\">{\"@context\":\"https:\\\/\\\/schema.org\",\"@graph\":[{\"@type\":\"WebPage\",\"@id\":\"https:\\\/\\\/eaulogik.ca\\\/en\\\/what-to-look-for\\\/about\\\/\",\"url\":\"https:\\\/\\\/eaulogik.ca\\\/en\\\/what-to-look-for\\\/about\\\/\",\"name\":\"About - Eaulogik\",\"isPartOf\":{\"@id\":\"https:\\\/\\\/eaulogik.ca\\\/en\\\/#website\"},\"primaryImageOfPage\":{\"@id\":\"https:\\\/\\\/eaulogik.ca\\\/en\\\/what-to-look-for\\\/about\\\/#primaryimage\"},\"image\":{\"@id\":\"https:\\\/\\\/eaulogik.ca\\\/en\\\/what-to-look-for\\\/about\\\/#primaryimage\"},\"thumbnailUrl\":\"https:\\\/\\\/eaulogikca.wpenginepowered.com\\\/wp-content\\\/uploads\\\/2022\\\/09\\\/repairware-eua-logo-2.jpg\",\"datePublished\":\"2022-08-10T17:01:12+00:00\",\"dateModified\":\"2024-02-12T21:52:40+00:00\",\"description\":\"Eaulogik rents and sells brand name sparkling cold water dispensers and coolers.\",\"breadcrumb\":{\"@id\":\"https:\\\/\\\/eaulogik.ca\\\/en\\\/what-to-look-for\\\/about\\\/#breadcrumb\"},\"inLanguage\":\"fr-CA\",\"potentialAction\":[{\"@type\":\"ReadAction\",\"target\":[\"https:\\\/\\\/eaulogik.ca\\\/en\\\/what-to-look-for\\\/about\\\/\"]}]},{\"@type\":\"ImageObject\",\"inLanguage\":\"fr-CA\",\"@id\":\"https:\\\/\\\/eaulogik.ca\\\/en\\\/what-to-look-for\\\/about\\\/#primaryimage\",\"url\":\"https:\\\/\\\/eaulogikca.wpenginepowered.com\\\/wp-content\\\/uploads\\\/2022\\\/09\\\/repairware-eua-logo-2.jpg\",\"contentUrl\":\"https:\\\/\\\/eaulogikca.wpenginepowered.com\\\/wp-content\\\/uploads\\\/2022\\\/09\\\/repairware-eua-logo-2.jpg\"},{\"@type\":\"BreadcrumbList\",\"@id\":\"https:\\\/\\\/eaulogik.ca\\\/en\\\/what-to-look-for\\\/about\\\/#breadcrumb\",\"itemListElement\":[{\"@type\":\"ListItem\",\"position\":1,\"name\":\"Home\",\"item\":\"https:\\\/\\\/eaulogik.ca\\\/en\\\/\"},{\"@type\":\"ListItem\",\"position\":2,\"name\":\"What to Look For\",\"item\":\"https:\\\/\\\/eaulogik.ca\\\/en\\\/what-to-look-for\\\/\"},{\"@type\":\"ListItem\",\"position\":3,\"name\":\"About\"}]},{\"@type\":\"WebSite\",\"@id\":\"https:\\\/\\\/eaulogik.ca\\\/en\\\/#website\",\"url\":\"https:\\\/\\\/eaulogik.ca\\\/en\\\/\",\"name\":\"Eaulogik\",\"description\":\"Touchless, Bottleless Water Coolers\",\"publisher\":{\"@id\":\"https:\\\/\\\/eaulogik.ca\\\/en\\\/#organization\"},\"potentialAction\":[{\"@type\":\"SearchAction\",\"target\":{\"@type\":\"EntryPoint\",\"urlTemplate\":\"https:\\\/\\\/eaulogik.ca\\\/en\\\/?s={search_term_string}\"},\"query-input\":{\"@type\":\"PropertyValueSpecification\",\"valueRequired\":true,\"valueName\":\"search_term_string\"}}],\"inLanguage\":\"fr-CA\"},{\"@type\":\"Organization\",\"@id\":\"https:\\\/\\\/eaulogik.ca\\\/en\\\/#organization\",\"name\":\"Eaulogik\",\"url\":\"https:\\\/\\\/eaulogik.ca\\\/en\\\/\",\"logo\":{\"@type\":\"ImageObject\",\"inLanguage\":\"fr-CA\",\"@id\":\"https:\\\/\\\/eaulogik.ca\\\/en\\\/#\\\/schema\\\/logo\\\/image\\\/\",\"url\":\"https:\\\/\\\/eaulogik.ca\\\/wp-content\\\/uploads\\\/2022\\\/09\\\/eua-logo-sq.png\",\"contentUrl\":\"https:\\\/\\\/eaulogik.ca\\\/wp-content\\\/uploads\\\/2022\\\/09\\\/eua-logo-sq.png\",\"width\":500,\"height\":498,\"caption\":\"Eaulogik\"},\"image\":{\"@id\":\"https:\\\/\\\/eaulogik.ca\\\/en\\\/#\\\/schema\\\/logo\\\/image\\\/\"}}]}<\/script>\n<!-- \/ Yoast SEO Premium plugin. -->","yoast_head_json":{"title":"About - Eaulogik","description":"Eaulogik rents and sells brand name sparkling cold water dispensers and coolers.","robots":{"index":"index","follow":"follow","max-snippet":"max-snippet:-1","max-image-preview":"max-image-preview:large","max-video-preview":"max-video-preview:-1"},"canonical":"https:\/\/eaulogik.ca\/fr\/what-to-look-for\/about\/","og_locale":"fr_CA","og_type":"article","og_title":"About","og_description":"Eaulogik rents and sells brand name sparkling cold water dispensers and coolers.","og_url":"https:\/\/eaulogik.ca\/fr\/what-to-look-for\/about\/","og_site_name":"Eaulogik","article_modified_time":"2024-02-12T21:52:40+00:00","og_image":[{"url":"https:\/\/eaulogikca.wpenginepowered.com\/wp-content\/uploads\/2022\/09\/repairware-eua-logo-2.jpg","type":"","width":"","height":""}],"twitter_card":"summary_large_image","twitter_misc":{"Est. reading time":"2 minutes"},"schema":{"@context":"https:\/\/schema.org","@graph":[{"@type":"WebPage","@id":"https:\/\/eaulogik.ca\/en\/what-to-look-for\/about\/","url":"https:\/\/eaulogik.ca\/en\/what-to-look-for\/about\/","name":"About - Eaulogik","isPartOf":{"@id":"https:\/\/eaulogik.ca\/en\/#website"},"primaryImageOfPage":{"@id":"https:\/\/eaulogik.ca\/en\/what-to-look-for\/about\/#primaryimage"},"image":{"@id":"https:\/\/eaulogik.ca\/en\/what-to-look-for\/about\/#primaryimage"},"thumbnailUrl":"https:\/\/eaulogikca.wpenginepowered.com\/wp-content\/uploads\/2022\/09\/repairware-eua-logo-2.jpg","datePublished":"2022-08-10T17:01:12+00:00","dateModified":"2024-02-12T21:52:40+00:00","description":"Eaulogik rents and sells brand name sparkling cold water dispensers and coolers.","breadcrumb":{"@id":"https:\/\/eaulogik.ca\/en\/what-to-look-for\/about\/#breadcrumb"},"inLanguage":"fr-CA","potentialAction":[{"@type":"ReadAction","target":["https:\/\/eaulogik.ca\/en\/what-to-look-for\/about\/"]}]},{"@type":"ImageObject","inLanguage":"fr-CA","@id":"https:\/\/eaulogik.ca\/en\/what-to-look-for\/about\/#primaryimage","url":"https:\/\/eaulogikca.wpenginepowered.com\/wp-content\/uploads\/2022\/09\/repairware-eua-logo-2.jpg","contentUrl":"https:\/\/eaulogikca.wpenginepowered.com\/wp-content\/uploads\/2022\/09\/repairware-eua-logo-2.jpg"},{"@type":"BreadcrumbList","@id":"https:\/\/eaulogik.ca\/en\/what-to-look-for\/about\/#breadcrumb","itemListElement":[{"@type":"ListItem","position":1,"name":"Home","item":"https:\/\/eaulogik.ca\/en\/"},{"@type":"ListItem","position":2,"name":"What to Look For","item":"https:\/\/eaulogik.ca\/en\/what-to-look-for\/"},{"@type":"ListItem","position":3,"name":"About"}]},{"@type":"WebSite","@id":"https:\/\/eaulogik.ca\/en\/#website","url":"https:\/\/eaulogik.ca\/en\/","name":"Eaulogik","description":"Touchless, Bottleless Water Coolers","publisher":{"@id":"https:\/\/eaulogik.ca\/en\/#organization"},"potentialAction":[{"@type":"SearchAction","target":{"@type":"EntryPoint","urlTemplate":"https:\/\/eaulogik.ca\/en\/?s={search_term_string}"},"query-input":{"@type":"PropertyValueSpecification","valueRequired":true,"valueName":"search_term_string"}}],"inLanguage":"fr-CA"},{"@type":"Organization","@id":"https:\/\/eaulogik.ca\/en\/#organization","name":"Eaulogik","url":"https:\/\/eaulogik.ca\/en\/","logo":{"@type":"ImageObject","inLanguage":"fr-CA","@id":"https:\/\/eaulogik.ca\/en\/#\/schema\/logo\/image\/","url":"https:\/\/eaulogik.ca\/wp-content\/uploads\/2022\/09\/eua-logo-sq.png","contentUrl":"https:\/\/eaulogik.ca\/wp-content\/uploads\/2022\/09\/eua-logo-sq.png","width":500,"height":498,"caption":"Eaulogik"},"image":{"@id":"https:\/\/eaulogik.ca\/en\/#\/schema\/logo\/image\/"}}]}},"_links":{"self":[{"href":"https:\/\/eaulogik.ca\/fr\/wp-json\/wp\/v2\/pages\/13","targetHints":{"allow":["GET"]}}],"collection":[{"href":"https:\/\/eaulogik.ca\/fr\/wp-json\/wp\/v2\/pages"}],"about":[{"href":"https:\/\/eaulogik.ca\/fr\/wp-json\/wp\/v2\/types\/page"}],"author":[{"embeddable":true,"href":"https:\/\/eaulogik.ca\/fr\/wp-json\/wp\/v2\/users\/1"}],"replies":[{"embeddable":true,"href":"https:\/\/eaulogik.ca\/fr\/wp-json\/wp\/v2\/comments?post=13"}],"version-history":[{"count":0,"href":"https:\/\/eaulogik.ca\/fr\/wp-json\/wp\/v2\/pages\/13\/revisions"}],"up":[{"embeddable":true,"href":"https:\/\/eaulogik.ca\/fr\/wp-json\/wp\/v2\/pages\/3600"}],"wp:attachment":[{"href":"https:\/\/eaulogik.ca\/fr\/wp-json\/wp\/v2\/media?parent=13"}],"curies":[{"name":"wp","href":"https:\/\/api.w.org\/{rel}","templated":true}]}}