{"id":2099,"date":"2022-08-21T22:35:05","date_gmt":"2022-08-21T22:35:05","guid":{"rendered":"https:\/\/soon2come.website\/?page_id=2099"},"modified":"2022-08-24T20:32:18","modified_gmt":"2022-08-24T20:32:18","slug":"terms-and-conditions","status":"publish","type":"page","link":"https:\/\/eaulogik.ca\/fr\/terms-and-conditions\/","title":{"rendered":"Termes et Conditions"},"content":{"rendered":"<div data-elementor-type=\"wp-page\" data-elementor-id=\"2099\" class=\"elementor elementor-2099\">\n\t\t\t\t\t\t<section class=\"elementor-section elementor-top-section elementor-element elementor-element-c69e07f elementor-section-boxed elementor-section-height-default elementor-section-height-default\" data-id=\"c69e07f\" data-element_type=\"section\" data-e-type=\"section\">\n\t\t\t\t\t\t<div class=\"elementor-container elementor-column-gap-default\">\n\t\t\t\t\t<div class=\"elementor-column elementor-col-16 elementor-top-column elementor-element elementor-element-6c3f5d5\" data-id=\"6c3f5d5\" data-element_type=\"column\" data-e-type=\"column\">\n\t\t\t<div class=\"elementor-widget-wrap\">\n\t\t\t\t\t\t\t<\/div>\n\t\t<\/div>\n\t\t\t\t<div class=\"elementor-column elementor-col-66 elementor-top-column elementor-element elementor-element-d5264e7\" data-id=\"d5264e7\" data-element_type=\"column\" data-e-type=\"column\">\n\t\t\t<div class=\"elementor-widget-wrap elementor-element-populated\">\n\t\t\t\t\t\t<div class=\"elementor-element elementor-element-ce7288d elementor-widget elementor-widget-text-editor\" data-id=\"ce7288d\" data-element_type=\"widget\" data-e-type=\"widget\" data-widget_type=\"text-editor.default\">\n\t\t\t\t<div class=\"elementor-widget-container\">\n\t\t\t\t\t\t\t\t\t<div id=\"comp-kli22kt81\" class=\"_1Q9if\" data-testid=\"richTextElement\"><h2 class=\"font_2\">TERMES ET CONDITIONS<\/h2><\/div><div id=\"comp-kli22ktg\" class=\"_1Q9if\" data-testid=\"richTextElement\"><p class=\"font_8\"><strong><span class=\"wixGuard\">\u200b<\/span>Garantie de satisfaction \u00e0 100%. Si le produit tombe en panne et ne peut pas \u00eatre r\u00e9par\u00e9 dans un d\u00e9lai raisonnable, l\u2019unit\u00e9 sera remplac\u00e9e.<\/strong><\/p><p class=\"font_8\"><span class=\"wixGuard\">\u200b<\/span><strong>\u200bLe prix d\u2019achat comprend:<\/strong><\/p><p class=\"font_8\">1 an de garantie<\/p><p class=\"font_8\">L\u2019entretien annuel est en sus<\/p><p class=\"font_8\">Les filtres et la lumi\u00e8re UV peuvent \u00eatre achet\u00e9s s\u00e9par\u00e9ment<\/p><p class=\"font_8\"><span class=\"wixGuard\">\u200b<\/span><strong>\u200bLocation d\u2019entreprise<\/strong><\/p><p class=\"font_8\">145 $ pour une installation standard \u00e0 moins de 15 pieds de la source d\u2019eau.<\/p><p class=\"font_8\">La location mensuelle et annuelle comprend<\/p><p class=\"font_8\">Entretien annuel, filtre, changements de lumi\u00e8re UV<\/p><p class=\"font_8\"><span class=\"wixGuard\">\u200b<\/span><strong>\u200bPour les unit\u00e9s avec eau p\u00e9tillante<\/strong><\/p><p class=\"font_8\">Un r\u00e9servoir de CO2 est n\u00e9cessaire. Un r\u00e9servoir de CO2 de 5 LB avec r\u00e9gulateur   295 $<\/p><p class=\"font_8\">Est bon pour environ 3000 verres. Il est de la responsabilit\u00e9 du client de faire remplir le r\u00e9servoir. Le co\u00fbt r\u00e9gulier est d\u2019environ 30 $ pour le faire remplir par un fournisseur local.<\/p><p>Les recharges par notre \u00e9quipe de support technique sont de 135 $, y compris le r\u00e9servoir rempli.<\/p><\/div>\t\t\t\t\t\t\t\t<\/div>\n\t\t\t\t<\/div>\n\t\t\t\t\t<\/div>\n\t\t<\/div>\n\t\t\t\t<div class=\"elementor-column elementor-col-16 elementor-top-column elementor-element elementor-element-4e192b7\" data-id=\"4e192b7\" data-element_type=\"column\" data-e-type=\"column\">\n\t\t\t<div class=\"elementor-widget-wrap\">\n\t\t\t\t\t\t\t<\/div>\n\t\t<\/div>\n\t\t\t\t\t<\/div>\n\t\t<\/section>\n\t\t\t\t<\/div>","protected":false},"excerpt":{"rendered":"<p>Eaulogik\u2019s\u00a0 Terms and Conditions \u200b100% Satisfaction Guarantee. If the product fails and cannot be repaired within a reasonable time, the unit will be replaced. \u200bPurchase Price Includes: 1-year warranty Annual maintenance is extra Filters and UV light may be purchased separately. \u200bCorporate Rentals $145 for a standard installation within 15 feet of the water source. [&hellip;]<\/p>\n","protected":false},"author":1,"featured_media":0,"parent":0,"menu_order":0,"comment_status":"closed","ping_status":"closed","template":"","meta":{"footnotes":""},"class_list":["post-2099","page","type-page","status-publish","hentry"],"yoast_head":"<!-- This site is optimized with the Yoast SEO Premium plugin v24.4 (Yoast SEO v27.3) - https:\/\/yoast.com\/product\/yoast-seo-premium-wordpress\/ -->\n<title>Terms and Conditions - Eaulogik<\/title>\n<meta name=\"robots\" content=\"index, follow, max-snippet:-1, max-image-preview:large, max-video-preview:-1\" \/>\n<link rel=\"canonical\" href=\"https:\/\/eaulogik.ca\/fr\/terms-and-conditions\/\" \/>\n<meta property=\"og:locale\" content=\"fr_CA\" \/>\n<meta property=\"og:type\" content=\"article\" \/>\n<meta property=\"og:title\" content=\"Terms and Conditions\" \/>\n<meta property=\"og:description\" content=\"Eaulogik\u2019s\u00a0 Terms and Conditions \u200b100% Satisfaction Guarantee. If the product fails and cannot be repaired within a reasonable time, the unit will be replaced. \u200bPurchase Price Includes: 1-year warranty Annual maintenance is extra Filters and UV light may be purchased separately. \u200bCorporate Rentals $145 for a standard installation within 15 feet of the water source. [&hellip;]\" \/>\n<meta property=\"og:url\" content=\"https:\/\/eaulogik.ca\/fr\/terms-and-conditions\/\" \/>\n<meta property=\"og:site_name\" content=\"Eaulogik\" \/>\n<meta property=\"article:modified_time\" content=\"2022-08-24T20:32:18+00:00\" \/>\n<meta name=\"twitter:card\" content=\"summary_large_image\" \/>\n<meta name=\"twitter:label1\" content=\"Est. reading time\" \/>\n\t<meta name=\"twitter:data1\" content=\"1 minute\" \/>\n<script type=\"application\/ld+json\" class=\"yoast-schema-graph\">{\"@context\":\"https:\\\/\\\/schema.org\",\"@graph\":[{\"@type\":\"WebPage\",\"@id\":\"https:\\\/\\\/eaulogik.ca\\\/en\\\/terms-and-conditions\\\/\",\"url\":\"https:\\\/\\\/eaulogik.ca\\\/en\\\/terms-and-conditions\\\/\",\"name\":\"Terms and Conditions - Eaulogik\",\"isPartOf\":{\"@id\":\"https:\\\/\\\/eaulogik.ca\\\/en\\\/#website\"},\"datePublished\":\"2022-08-21T22:35:05+00:00\",\"dateModified\":\"2022-08-24T20:32:18+00:00\",\"breadcrumb\":{\"@id\":\"https:\\\/\\\/eaulogik.ca\\\/en\\\/terms-and-conditions\\\/#breadcrumb\"},\"inLanguage\":\"fr-CA\",\"potentialAction\":[{\"@type\":\"ReadAction\",\"target\":[\"https:\\\/\\\/eaulogik.ca\\\/en\\\/terms-and-conditions\\\/\"]}]},{\"@type\":\"BreadcrumbList\",\"@id\":\"https:\\\/\\\/eaulogik.ca\\\/en\\\/terms-and-conditions\\\/#breadcrumb\",\"itemListElement\":[{\"@type\":\"ListItem\",\"position\":1,\"name\":\"Home\",\"item\":\"https:\\\/\\\/eaulogik.ca\\\/\"},{\"@type\":\"ListItem\",\"position\":2,\"name\":\"Terms and Conditions\"}]},{\"@type\":\"WebSite\",\"@id\":\"https:\\\/\\\/eaulogik.ca\\\/en\\\/#website\",\"url\":\"https:\\\/\\\/eaulogik.ca\\\/en\\\/\",\"name\":\"Eaulogik\",\"description\":\"Touchless, Bottleless Water Coolers\",\"publisher\":{\"@id\":\"https:\\\/\\\/eaulogik.ca\\\/en\\\/#organization\"},\"potentialAction\":[{\"@type\":\"SearchAction\",\"target\":{\"@type\":\"EntryPoint\",\"urlTemplate\":\"https:\\\/\\\/eaulogik.ca\\\/en\\\/?s={search_term_string}\"},\"query-input\":{\"@type\":\"PropertyValueSpecification\",\"valueRequired\":true,\"valueName\":\"search_term_string\"}}],\"inLanguage\":\"fr-CA\"},{\"@type\":\"Organization\",\"@id\":\"https:\\\/\\\/eaulogik.ca\\\/en\\\/#organization\",\"name\":\"Eaulogik\",\"url\":\"https:\\\/\\\/eaulogik.ca\\\/en\\\/\",\"logo\":{\"@type\":\"ImageObject\",\"inLanguage\":\"fr-CA\",\"@id\":\"https:\\\/\\\/eaulogik.ca\\\/en\\\/#\\\/schema\\\/logo\\\/image\\\/\",\"url\":\"https:\\\/\\\/eaulogik.ca\\\/wp-content\\\/uploads\\\/2022\\\/09\\\/eua-logo-sq.png\",\"contentUrl\":\"https:\\\/\\\/eaulogik.ca\\\/wp-content\\\/uploads\\\/2022\\\/09\\\/eua-logo-sq.png\",\"width\":500,\"height\":498,\"caption\":\"Eaulogik\"},\"image\":{\"@id\":\"https:\\\/\\\/eaulogik.ca\\\/en\\\/#\\\/schema\\\/logo\\\/image\\\/\"}}]}<\/script>\n<!-- \/ Yoast SEO Premium plugin. -->","yoast_head_json":{"title":"Terms and Conditions - Eaulogik","robots":{"index":"index","follow":"follow","max-snippet":"max-snippet:-1","max-image-preview":"max-image-preview:large","max-video-preview":"max-video-preview:-1"},"canonical":"https:\/\/eaulogik.ca\/fr\/terms-and-conditions\/","og_locale":"fr_CA","og_type":"article","og_title":"Terms and Conditions","og_description":"Eaulogik\u2019s\u00a0 Terms and Conditions \u200b100% Satisfaction Guarantee. If the product fails and cannot be repaired within a reasonable time, the unit will be replaced. \u200bPurchase Price Includes: 1-year warranty Annual maintenance is extra Filters and UV light may be purchased separately. \u200bCorporate Rentals $145 for a standard installation within 15 feet of the water source. [&hellip;]","og_url":"https:\/\/eaulogik.ca\/fr\/terms-and-conditions\/","og_site_name":"Eaulogik","article_modified_time":"2022-08-24T20:32:18+00:00","twitter_card":"summary_large_image","twitter_misc":{"Est. reading time":"1 minute"},"schema":{"@context":"https:\/\/schema.org","@graph":[{"@type":"WebPage","@id":"https:\/\/eaulogik.ca\/en\/terms-and-conditions\/","url":"https:\/\/eaulogik.ca\/en\/terms-and-conditions\/","name":"Terms and Conditions - Eaulogik","isPartOf":{"@id":"https:\/\/eaulogik.ca\/en\/#website"},"datePublished":"2022-08-21T22:35:05+00:00","dateModified":"2022-08-24T20:32:18+00:00","breadcrumb":{"@id":"https:\/\/eaulogik.ca\/en\/terms-and-conditions\/#breadcrumb"},"inLanguage":"fr-CA","potentialAction":[{"@type":"ReadAction","target":["https:\/\/eaulogik.ca\/en\/terms-and-conditions\/"]}]},{"@type":"BreadcrumbList","@id":"https:\/\/eaulogik.ca\/en\/terms-and-conditions\/#breadcrumb","itemListElement":[{"@type":"ListItem","position":1,"name":"Home","item":"https:\/\/eaulogik.ca\/"},{"@type":"ListItem","position":2,"name":"Terms and Conditions"}]},{"@type":"WebSite","@id":"https:\/\/eaulogik.ca\/en\/#website","url":"https:\/\/eaulogik.ca\/en\/","name":"Eaulogik","description":"Touchless, Bottleless Water Coolers","publisher":{"@id":"https:\/\/eaulogik.ca\/en\/#organization"},"potentialAction":[{"@type":"SearchAction","target":{"@type":"EntryPoint","urlTemplate":"https:\/\/eaulogik.ca\/en\/?s={search_term_string}"},"query-input":{"@type":"PropertyValueSpecification","valueRequired":true,"valueName":"search_term_string"}}],"inLanguage":"fr-CA"},{"@type":"Organization","@id":"https:\/\/eaulogik.ca\/en\/#organization","name":"Eaulogik","url":"https:\/\/eaulogik.ca\/en\/","logo":{"@type":"ImageObject","inLanguage":"fr-CA","@id":"https:\/\/eaulogik.ca\/en\/#\/schema\/logo\/image\/","url":"https:\/\/eaulogik.ca\/wp-content\/uploads\/2022\/09\/eua-logo-sq.png","contentUrl":"https:\/\/eaulogik.ca\/wp-content\/uploads\/2022\/09\/eua-logo-sq.png","width":500,"height":498,"caption":"Eaulogik"},"image":{"@id":"https:\/\/eaulogik.ca\/en\/#\/schema\/logo\/image\/"}}]}},"_links":{"self":[{"href":"https:\/\/eaulogik.ca\/fr\/wp-json\/wp\/v2\/pages\/2099","targetHints":{"allow":["GET"]}}],"collection":[{"href":"https:\/\/eaulogik.ca\/fr\/wp-json\/wp\/v2\/pages"}],"about":[{"href":"https:\/\/eaulogik.ca\/fr\/wp-json\/wp\/v2\/types\/page"}],"author":[{"embeddable":true,"href":"https:\/\/eaulogik.ca\/fr\/wp-json\/wp\/v2\/users\/1"}],"replies":[{"embeddable":true,"href":"https:\/\/eaulogik.ca\/fr\/wp-json\/wp\/v2\/comments?post=2099"}],"version-history":[{"count":0,"href":"https:\/\/eaulogik.ca\/fr\/wp-json\/wp\/v2\/pages\/2099\/revisions"}],"wp:attachment":[{"href":"https:\/\/eaulogik.ca\/fr\/wp-json\/wp\/v2\/media?parent=2099"}],"curies":[{"name":"wp","href":"https:\/\/api.w.org\/{rel}","templated":true}]}}