{"id":1013,"date":"2022-08-16T19:45:03","date_gmt":"2022-08-16T19:45:03","guid":{"rendered":"http:\/\/soon2come.website\/?post_type=product&#038;p=1013"},"modified":"2023-03-23T02:19:29","modified_gmt":"2023-03-23T02:19:29","slug":"blupura-taps","status":"publish","type":"product","link":"https:\/\/eaulogik.ca\/fr\/product\/blupura-taps\/","title":{"rendered":"Robinets Blupura"},"content":{"rendered":"<h2>Blupura Taps for dispensing filtered cold, sparkling and hot water<\/h2>\n<p>Il peut \u00eatre connect\u00e9 \u00e0 tout type de refroidisseur sous comptoir.<br \/>\nPour une bonne installation du syst\u00e8me, l\u2019utilisation du WATER BLOCK est obligatoire.<\/p>\n<h2>Mod\u00e8les disponibles<\/h2>\n<ul>\n<li>T1<\/li>\n<li>T3<\/li>\n<li>T5<\/li>\n<\/ul>","protected":false},"excerpt":{"rendered":"<h4><strong>Robinets \u00e0 associer aux mod\u00e8les sous-comptoirs<\/strong><\/h4>","protected":false},"featured_media":3348,"template":"","meta":[],"product_brand":[],"product_cat":[49,17,20],"product_tag":[],"class_list":{"0":"post-1013","1":"product","2":"type-product","3":"status-publish","4":"has-post-thumbnail","6":"product_cat-kitchen-taps","7":"product_cat-other","8":"product_cat-residential-water-dispensers","10":"first","11":"instock","12":"shipping-taxable","13":"purchasable","14":"product-type-variable","15":"has-default-attributes"},"yoast_head":"<!-- This site is optimized with the Yoast SEO Premium plugin v24.4 (Yoast SEO v27.4) - https:\/\/yoast.com\/product\/yoast-seo-premium-wordpress\/ -->\n<title>Blupura Taps - Eaulogik<\/title>\n<meta name=\"description\" content=\"Blupura Taps for dispensing filtered cold, sparkling and hot water. Robinets Blupura pour la distribution d&#039;eau froide, p\u00e9tillante et chaude filtr\u00e9e\" \/>\n<meta name=\"robots\" content=\"index, follow, max-snippet:-1, max-image-preview:large, max-video-preview:-1\" \/>\n<link rel=\"canonical\" href=\"https:\/\/eaulogik.ca\/fr\/product\/blupura-taps\/\" \/>\n<meta property=\"og:locale\" content=\"fr_CA\" \/>\n<meta property=\"og:type\" content=\"article\" \/>\n<meta property=\"og:title\" content=\"Blupura Taps\" \/>\n<meta property=\"og:description\" content=\"Blupura Taps for dispensing filtered cold, sparkling and hot water. Robinets Blupura pour la distribution d&#039;eau froide, p\u00e9tillante et chaude filtr\u00e9e\" \/>\n<meta property=\"og:url\" content=\"https:\/\/eaulogik.ca\/fr\/product\/blupura-taps\/\" \/>\n<meta property=\"og:site_name\" content=\"Eaulogik\" \/>\n<meta property=\"article:modified_time\" content=\"2023-03-23T02:19:29+00:00\" \/>\n<meta property=\"og:image\" content=\"https:\/\/eaulogik.ca\/wp-content\/uploads\/2022\/08\/Blupura-Taps.png\" \/>\n\t<meta property=\"og:image:width\" content=\"800\" \/>\n\t<meta property=\"og:image:height\" content=\"800\" \/>\n\t<meta property=\"og:image:type\" content=\"image\/png\" \/>\n<meta name=\"twitter:card\" content=\"summary_large_image\" \/>\n<meta name=\"twitter:label1\" content=\"Est. reading time\" \/>\n\t<meta name=\"twitter:data1\" content=\"1 minute\" \/>\n<script type=\"application\/ld+json\" class=\"yoast-schema-graph\">{\"@context\":\"https:\\\/\\\/schema.org\",\"@graph\":[{\"@type\":\"WebPage\",\"@id\":\"https:\\\/\\\/eaulogik.ca\\\/en\\\/product\\\/blupura-taps\\\/\",\"url\":\"https:\\\/\\\/eaulogik.ca\\\/en\\\/product\\\/blupura-taps\\\/\",\"name\":\"Blupura Taps - Eaulogik\",\"isPartOf\":{\"@id\":\"https:\\\/\\\/eaulogik.ca\\\/en\\\/#website\"},\"primaryImageOfPage\":{\"@id\":\"https:\\\/\\\/eaulogik.ca\\\/en\\\/product\\\/blupura-taps\\\/#primaryimage\"},\"image\":{\"@id\":\"https:\\\/\\\/eaulogik.ca\\\/en\\\/product\\\/blupura-taps\\\/#primaryimage\"},\"thumbnailUrl\":\"https:\\\/\\\/eaulogik.ca\\\/wp-content\\\/uploads\\\/2022\\\/08\\\/Blupura-Taps.png\",\"datePublished\":\"2022-08-16T19:45:03+00:00\",\"dateModified\":\"2023-03-23T02:19:29+00:00\",\"description\":\"Blupura Taps for dispensing filtered cold, sparkling and hot water. Robinets Blupura pour la distribution d'eau froide, p\u00e9tillante et chaude filtr\u00e9e\",\"breadcrumb\":{\"@id\":\"https:\\\/\\\/eaulogik.ca\\\/en\\\/product\\\/blupura-taps\\\/#breadcrumb\"},\"inLanguage\":\"fr-CA\",\"potentialAction\":[{\"@type\":\"ReadAction\",\"target\":[\"https:\\\/\\\/eaulogik.ca\\\/en\\\/product\\\/blupura-taps\\\/\"]}]},{\"@type\":\"ImageObject\",\"inLanguage\":\"fr-CA\",\"@id\":\"https:\\\/\\\/eaulogik.ca\\\/en\\\/product\\\/blupura-taps\\\/#primaryimage\",\"url\":\"https:\\\/\\\/eaulogik.ca\\\/wp-content\\\/uploads\\\/2022\\\/08\\\/Blupura-Taps.png\",\"contentUrl\":\"https:\\\/\\\/eaulogik.ca\\\/wp-content\\\/uploads\\\/2022\\\/08\\\/Blupura-Taps.png\",\"width\":800,\"height\":800},{\"@type\":\"BreadcrumbList\",\"@id\":\"https:\\\/\\\/eaulogik.ca\\\/en\\\/product\\\/blupura-taps\\\/#breadcrumb\",\"itemListElement\":[{\"@type\":\"ListItem\",\"position\":1,\"name\":\"Home\",\"item\":\"https:\\\/\\\/eaulogik.ca\\\/en\\\/\"},{\"@type\":\"ListItem\",\"position\":2,\"name\":\"Shop\",\"item\":\"https:\\\/\\\/eaulogik.ca\\\/en\\\/shop\\\/\"},{\"@type\":\"ListItem\",\"position\":3,\"name\":\"Blupura Taps\"}]},{\"@type\":\"WebSite\",\"@id\":\"https:\\\/\\\/eaulogik.ca\\\/en\\\/#website\",\"url\":\"https:\\\/\\\/eaulogik.ca\\\/en\\\/\",\"name\":\"Eaulogik\",\"description\":\"Touchless, Bottleless Water Coolers\",\"publisher\":{\"@id\":\"https:\\\/\\\/eaulogik.ca\\\/en\\\/#organization\"},\"potentialAction\":[{\"@type\":\"SearchAction\",\"target\":{\"@type\":\"EntryPoint\",\"urlTemplate\":\"https:\\\/\\\/eaulogik.ca\\\/en\\\/?s={search_term_string}\"},\"query-input\":{\"@type\":\"PropertyValueSpecification\",\"valueRequired\":true,\"valueName\":\"search_term_string\"}}],\"inLanguage\":\"fr-CA\"},{\"@type\":\"Organization\",\"@id\":\"https:\\\/\\\/eaulogik.ca\\\/en\\\/#organization\",\"name\":\"Eaulogik\",\"url\":\"https:\\\/\\\/eaulogik.ca\\\/en\\\/\",\"logo\":{\"@type\":\"ImageObject\",\"inLanguage\":\"fr-CA\",\"@id\":\"https:\\\/\\\/eaulogik.ca\\\/en\\\/#\\\/schema\\\/logo\\\/image\\\/\",\"url\":\"https:\\\/\\\/eaulogik.ca\\\/wp-content\\\/uploads\\\/2022\\\/09\\\/eua-logo-sq.png\",\"contentUrl\":\"https:\\\/\\\/eaulogik.ca\\\/wp-content\\\/uploads\\\/2022\\\/09\\\/eua-logo-sq.png\",\"width\":500,\"height\":498,\"caption\":\"Eaulogik\"},\"image\":{\"@id\":\"https:\\\/\\\/eaulogik.ca\\\/en\\\/#\\\/schema\\\/logo\\\/image\\\/\"}}]}<\/script>\n<!-- \/ Yoast SEO Premium plugin. -->","yoast_head_json":{"title":"Blupura Taps - Eaulogik","description":"Blupura Taps for dispensing filtered cold, sparkling and hot water. Robinets Blupura pour la distribution d'eau froide, p\u00e9tillante et chaude filtr\u00e9e","robots":{"index":"index","follow":"follow","max-snippet":"max-snippet:-1","max-image-preview":"max-image-preview:large","max-video-preview":"max-video-preview:-1"},"canonical":"https:\/\/eaulogik.ca\/fr\/product\/blupura-taps\/","og_locale":"fr_CA","og_type":"article","og_title":"Blupura Taps","og_description":"Blupura Taps for dispensing filtered cold, sparkling and hot water. Robinets Blupura pour la distribution d'eau froide, p\u00e9tillante et chaude filtr\u00e9e","og_url":"https:\/\/eaulogik.ca\/fr\/product\/blupura-taps\/","og_site_name":"Eaulogik","article_modified_time":"2023-03-23T02:19:29+00:00","og_image":[{"width":800,"height":800,"url":"https:\/\/eaulogik.ca\/wp-content\/uploads\/2022\/08\/Blupura-Taps.png","type":"image\/png"}],"twitter_card":"summary_large_image","twitter_misc":{"Est. reading time":"1 minute"},"schema":{"@context":"https:\/\/schema.org","@graph":[{"@type":"WebPage","@id":"https:\/\/eaulogik.ca\/en\/product\/blupura-taps\/","url":"https:\/\/eaulogik.ca\/en\/product\/blupura-taps\/","name":"Blupura Taps - Eaulogik","isPartOf":{"@id":"https:\/\/eaulogik.ca\/en\/#website"},"primaryImageOfPage":{"@id":"https:\/\/eaulogik.ca\/en\/product\/blupura-taps\/#primaryimage"},"image":{"@id":"https:\/\/eaulogik.ca\/en\/product\/blupura-taps\/#primaryimage"},"thumbnailUrl":"https:\/\/eaulogik.ca\/wp-content\/uploads\/2022\/08\/Blupura-Taps.png","datePublished":"2022-08-16T19:45:03+00:00","dateModified":"2023-03-23T02:19:29+00:00","description":"Blupura Taps for dispensing filtered cold, sparkling and hot water. Robinets Blupura pour la distribution d'eau froide, p\u00e9tillante et chaude filtr\u00e9e","breadcrumb":{"@id":"https:\/\/eaulogik.ca\/en\/product\/blupura-taps\/#breadcrumb"},"inLanguage":"fr-CA","potentialAction":[{"@type":"ReadAction","target":["https:\/\/eaulogik.ca\/en\/product\/blupura-taps\/"]}]},{"@type":"ImageObject","inLanguage":"fr-CA","@id":"https:\/\/eaulogik.ca\/en\/product\/blupura-taps\/#primaryimage","url":"https:\/\/eaulogik.ca\/wp-content\/uploads\/2022\/08\/Blupura-Taps.png","contentUrl":"https:\/\/eaulogik.ca\/wp-content\/uploads\/2022\/08\/Blupura-Taps.png","width":800,"height":800},{"@type":"BreadcrumbList","@id":"https:\/\/eaulogik.ca\/en\/product\/blupura-taps\/#breadcrumb","itemListElement":[{"@type":"ListItem","position":1,"name":"Home","item":"https:\/\/eaulogik.ca\/en\/"},{"@type":"ListItem","position":2,"name":"Shop","item":"https:\/\/eaulogik.ca\/en\/shop\/"},{"@type":"ListItem","position":3,"name":"Blupura Taps"}]},{"@type":"WebSite","@id":"https:\/\/eaulogik.ca\/en\/#website","url":"https:\/\/eaulogik.ca\/en\/","name":"Eaulogik","description":"Touchless, Bottleless Water Coolers","publisher":{"@id":"https:\/\/eaulogik.ca\/en\/#organization"},"potentialAction":[{"@type":"SearchAction","target":{"@type":"EntryPoint","urlTemplate":"https:\/\/eaulogik.ca\/en\/?s={search_term_string}"},"query-input":{"@type":"PropertyValueSpecification","valueRequired":true,"valueName":"search_term_string"}}],"inLanguage":"fr-CA"},{"@type":"Organization","@id":"https:\/\/eaulogik.ca\/en\/#organization","name":"Eaulogik","url":"https:\/\/eaulogik.ca\/en\/","logo":{"@type":"ImageObject","inLanguage":"fr-CA","@id":"https:\/\/eaulogik.ca\/en\/#\/schema\/logo\/image\/","url":"https:\/\/eaulogik.ca\/wp-content\/uploads\/2022\/09\/eua-logo-sq.png","contentUrl":"https:\/\/eaulogik.ca\/wp-content\/uploads\/2022\/09\/eua-logo-sq.png","width":500,"height":498,"caption":"Eaulogik"},"image":{"@id":"https:\/\/eaulogik.ca\/en\/#\/schema\/logo\/image\/"}}]}},"_links":{"self":[{"href":"https:\/\/eaulogik.ca\/fr\/wp-json\/wp\/v2\/product\/1013","targetHints":{"allow":["GET"]}}],"collection":[{"href":"https:\/\/eaulogik.ca\/fr\/wp-json\/wp\/v2\/product"}],"about":[{"href":"https:\/\/eaulogik.ca\/fr\/wp-json\/wp\/v2\/types\/product"}],"version-history":[{"count":0,"href":"https:\/\/eaulogik.ca\/fr\/wp-json\/wp\/v2\/product\/1013\/revisions"}],"wp:featuredmedia":[{"embeddable":true,"href":"https:\/\/eaulogik.ca\/fr\/wp-json\/wp\/v2\/media\/3348"}],"wp:attachment":[{"href":"https:\/\/eaulogik.ca\/fr\/wp-json\/wp\/v2\/media?parent=1013"}],"wp:term":[{"taxonomy":"product_brand","embeddable":true,"href":"https:\/\/eaulogik.ca\/fr\/wp-json\/wp\/v2\/product_brand?post=1013"},{"taxonomy":"product_cat","embeddable":true,"href":"https:\/\/eaulogik.ca\/fr\/wp-json\/wp\/v2\/product_cat?post=1013"},{"taxonomy":"product_tag","embeddable":true,"href":"https:\/\/eaulogik.ca\/fr\/wp-json\/wp\/v2\/product_tag?post=1013"}],"curies":[{"name":"wp","href":"https:\/\/api.w.org\/{rel}","templated":true}]}}