{"id":1063,"date":"2022-08-17T02:19:03","date_gmt":"2022-08-17T02:19:03","guid":{"rendered":"https:\/\/soon2come.website\/?post_type=product&#038;p=1063"},"modified":"2022-08-29T14:04:53","modified_gmt":"2022-08-29T14:04:53","slug":"blusoda-box-hot-30-cold-ambient-hot","status":"publish","type":"product","link":"https:\/\/eaulogik.ca\/fr\/product\/blusoda-box-hot-30-cold-ambient-hot\/","title":{"rendered":"Blusoda Box  Hot 30 (Cold Ambient &#038; Hot)"},"content":{"rendered":"<ul class=\"font_8\">\n<li>Une solution intelligente et peu encombrante, vous laissant la libert\u00e9 de choisir le robinet qui correspond le mieux \u00e0 votre environnement.<\/li>\n<li>Taille compacte gr\u00e2ce au convoyeur d'air innovant con\u00e7u pour les meubles sous \u00e9vier de la cuisine.<\/li>\n<li>Toute la puissance d'un carbonateur professionnel.<\/li>\n<li>Certifications <img decoding=\"async\" class=\"alignnone size-full wp-image-901\" src=\"http:\/\/soon2come.website\/wp-content\/uploads\/2022\/08\/certs-300x51-1.png\" alt=\"\" width=\"300\" height=\"51\" srcset=\"https:\/\/eaulogik.ca\/wp-content\/uploads\/2022\/08\/certs-300x51-1.png 300w, https:\/\/eaulogik.ca\/wp-content\/uploads\/2022\/08\/certs-300x51-1-200x34.png 200w\" sizes=\"(max-width: 300px) 100vw, 300px\" \/><\/li>\n<\/ul>\n<ul class=\"font_8\">\n<li>Distribue 3 types d'eau selon la version s\u00e9lectionn\u00e9e<\/li>\n<\/ul>\n<ul>\n<li>N\u00e9cessite une prise \u00e9lectrique<\/li>\n<li>Installation standard \u00e0 moins de 10 pieds de la source d'eau 145 $<\/li>\n<li>Pour l'eau gazeuse... R\u00e9servoir de CO2 de 5 LB (bon pour 2 \u00e0 3 000 verres) 295 $.<\/li>\n<li>Le filtre doit \u00eatre chang\u00e9 tous les 12 mois.<\/li>\n<li>La visite d'entretien annuelle pr\u00e9vue par un technicien qualifi\u00e9 est de 145 $.\n<ul>\n<li>\n<ul>\n<li>Modifier le filtre<\/li>\n<li>D\u00e9sinfectez l'appareil<\/li>\n<\/ul>\n<\/li>\n<\/ul>\n<\/li>\n<\/ul>","protected":false},"excerpt":{"rendered":"<p>A smart, space-saving solution, leaving you the freedom to choose the tap that better fits with your environment. Compact size thanks to the innovative air conveyor designed for the under sink furniture of the kitchen. All the power of a professional carbonator. Certifications Dispenses 3 types of water according to the selected version Require a [&hellip;]<\/p>\n","protected":false},"featured_media":995,"template":"","meta":[],"product_brand":[],"product_cat":[29],"product_tag":[],"class_list":{"0":"post-1063","1":"product","2":"type-product","3":"status-publish","4":"has-post-thumbnail","6":"product_cat-under-the-counter","8":"first","9":"instock","10":"shipping-taxable","11":"product-type-simple"},"yoast_head":"<!-- This site is optimized with the Yoast SEO Premium plugin v24.4 (Yoast SEO v27.3) - https:\/\/yoast.com\/product\/yoast-seo-premium-wordpress\/ -->\n<title>Blusoda Box Hot 30 (Cold Ambient &amp; Hot) - Eaulogik<\/title>\n<meta name=\"robots\" content=\"index, follow, max-snippet:-1, max-image-preview:large, max-video-preview:-1\" \/>\n<link rel=\"canonical\" href=\"https:\/\/eaulogik.ca\/fr\/product\/blusoda-box-hot-30-cold-ambient-hot\/\" \/>\n<meta property=\"og:locale\" content=\"fr_CA\" \/>\n<meta property=\"og:type\" content=\"article\" \/>\n<meta property=\"og:title\" content=\"Blusoda Box Hot 30 (Cold Ambient &amp; Hot)\" \/>\n<meta property=\"og:description\" content=\"A smart, space-saving solution, leaving you the freedom to choose the tap that better fits with your environment. Compact size thanks to the innovative air conveyor designed for the under sink furniture of the kitchen. All the power of a professional carbonator. Certifications Dispenses 3 types of water according to the selected version Require a [&hellip;]\" \/>\n<meta property=\"og:url\" content=\"https:\/\/eaulogik.ca\/fr\/product\/blusoda-box-hot-30-cold-ambient-hot\/\" \/>\n<meta property=\"og:site_name\" content=\"Eaulogik\" \/>\n<meta property=\"article:modified_time\" content=\"2022-08-29T14:04:53+00:00\" \/>\n<meta property=\"og:image\" content=\"https:\/\/eaulogik.ca\/wp-content\/uploads\/2022\/08\/blusoda-box.png\" \/>\n\t<meta property=\"og:image:width\" content=\"635\" \/>\n\t<meta property=\"og:image:height\" content=\"635\" \/>\n\t<meta property=\"og:image:type\" content=\"image\/png\" \/>\n<meta name=\"twitter:card\" content=\"summary_large_image\" \/>\n<script type=\"application\/ld+json\" class=\"yoast-schema-graph\">{\"@context\":\"https:\\\/\\\/schema.org\",\"@graph\":[{\"@type\":\"WebPage\",\"@id\":\"https:\\\/\\\/eaulogik.ca\\\/fr\\\/product\\\/blusoda-box-hot-30-cold-ambient-hot\\\/\",\"url\":\"https:\\\/\\\/eaulogik.ca\\\/fr\\\/product\\\/blusoda-box-hot-30-cold-ambient-hot\\\/\",\"name\":\"Blusoda Box Hot 30 (Cold Ambient & Hot) - Eaulogik\",\"isPartOf\":{\"@id\":\"https:\\\/\\\/eaulogik.ca\\\/en\\\/#website\"},\"primaryImageOfPage\":{\"@id\":\"https:\\\/\\\/eaulogik.ca\\\/fr\\\/product\\\/blusoda-box-hot-30-cold-ambient-hot\\\/#primaryimage\"},\"image\":{\"@id\":\"https:\\\/\\\/eaulogik.ca\\\/fr\\\/product\\\/blusoda-box-hot-30-cold-ambient-hot\\\/#primaryimage\"},\"thumbnailUrl\":\"https:\\\/\\\/eaulogik.ca\\\/wp-content\\\/uploads\\\/2022\\\/08\\\/blusoda-box.png\",\"datePublished\":\"2022-08-17T02:19:03+00:00\",\"dateModified\":\"2022-08-29T14:04:53+00:00\",\"breadcrumb\":{\"@id\":\"https:\\\/\\\/eaulogik.ca\\\/fr\\\/product\\\/blusoda-box-hot-30-cold-ambient-hot\\\/#breadcrumb\"},\"inLanguage\":\"fr-CA\",\"potentialAction\":[{\"@type\":\"ReadAction\",\"target\":[\"https:\\\/\\\/eaulogik.ca\\\/fr\\\/product\\\/blusoda-box-hot-30-cold-ambient-hot\\\/\"]}]},{\"@type\":\"ImageObject\",\"inLanguage\":\"fr-CA\",\"@id\":\"https:\\\/\\\/eaulogik.ca\\\/fr\\\/product\\\/blusoda-box-hot-30-cold-ambient-hot\\\/#primaryimage\",\"url\":\"https:\\\/\\\/eaulogik.ca\\\/wp-content\\\/uploads\\\/2022\\\/08\\\/blusoda-box.png\",\"contentUrl\":\"https:\\\/\\\/eaulogik.ca\\\/wp-content\\\/uploads\\\/2022\\\/08\\\/blusoda-box.png\",\"width\":635,\"height\":635},{\"@type\":\"BreadcrumbList\",\"@id\":\"https:\\\/\\\/eaulogik.ca\\\/fr\\\/product\\\/blusoda-box-hot-30-cold-ambient-hot\\\/#breadcrumb\",\"itemListElement\":[{\"@type\":\"ListItem\",\"position\":1,\"name\":\"Home\",\"item\":\"https:\\\/\\\/eaulogik.ca\\\/\"},{\"@type\":\"ListItem\",\"position\":2,\"name\":\"Shop\",\"item\":\"https:\\\/\\\/eaulogik.ca\\\/en\\\/shop\\\/\"},{\"@type\":\"ListItem\",\"position\":3,\"name\":\"Blusoda Box Hot 30 (Cold Ambient &#038; Hot)\"}]},{\"@type\":\"WebSite\",\"@id\":\"https:\\\/\\\/eaulogik.ca\\\/en\\\/#website\",\"url\":\"https:\\\/\\\/eaulogik.ca\\\/en\\\/\",\"name\":\"Eaulogik\",\"description\":\"Touchless, Bottleless Water Coolers\",\"publisher\":{\"@id\":\"https:\\\/\\\/eaulogik.ca\\\/en\\\/#organization\"},\"potentialAction\":[{\"@type\":\"SearchAction\",\"target\":{\"@type\":\"EntryPoint\",\"urlTemplate\":\"https:\\\/\\\/eaulogik.ca\\\/en\\\/?s={search_term_string}\"},\"query-input\":{\"@type\":\"PropertyValueSpecification\",\"valueRequired\":true,\"valueName\":\"search_term_string\"}}],\"inLanguage\":\"fr-CA\"},{\"@type\":\"Organization\",\"@id\":\"https:\\\/\\\/eaulogik.ca\\\/en\\\/#organization\",\"name\":\"Eaulogik\",\"url\":\"https:\\\/\\\/eaulogik.ca\\\/en\\\/\",\"logo\":{\"@type\":\"ImageObject\",\"inLanguage\":\"fr-CA\",\"@id\":\"https:\\\/\\\/eaulogik.ca\\\/en\\\/#\\\/schema\\\/logo\\\/image\\\/\",\"url\":\"https:\\\/\\\/eaulogik.ca\\\/wp-content\\\/uploads\\\/2022\\\/09\\\/eua-logo-sq.png\",\"contentUrl\":\"https:\\\/\\\/eaulogik.ca\\\/wp-content\\\/uploads\\\/2022\\\/09\\\/eua-logo-sq.png\",\"width\":500,\"height\":498,\"caption\":\"Eaulogik\"},\"image\":{\"@id\":\"https:\\\/\\\/eaulogik.ca\\\/en\\\/#\\\/schema\\\/logo\\\/image\\\/\"}}]}<\/script>\n<!-- \/ Yoast SEO Premium plugin. -->","yoast_head_json":{"title":"Blusoda Box Hot 30 (Cold Ambient & Hot) - Eaulogik","robots":{"index":"index","follow":"follow","max-snippet":"max-snippet:-1","max-image-preview":"max-image-preview:large","max-video-preview":"max-video-preview:-1"},"canonical":"https:\/\/eaulogik.ca\/fr\/product\/blusoda-box-hot-30-cold-ambient-hot\/","og_locale":"fr_CA","og_type":"article","og_title":"Blusoda Box Hot 30 (Cold Ambient & Hot)","og_description":"A smart, space-saving solution, leaving you the freedom to choose the tap that better fits with your environment. Compact size thanks to the innovative air conveyor designed for the under sink furniture of the kitchen. All the power of a professional carbonator. Certifications Dispenses 3 types of water according to the selected version Require a [&hellip;]","og_url":"https:\/\/eaulogik.ca\/fr\/product\/blusoda-box-hot-30-cold-ambient-hot\/","og_site_name":"Eaulogik","article_modified_time":"2022-08-29T14:04:53+00:00","og_image":[{"width":635,"height":635,"url":"https:\/\/eaulogik.ca\/wp-content\/uploads\/2022\/08\/blusoda-box.png","type":"image\/png"}],"twitter_card":"summary_large_image","schema":{"@context":"https:\/\/schema.org","@graph":[{"@type":"WebPage","@id":"https:\/\/eaulogik.ca\/fr\/product\/blusoda-box-hot-30-cold-ambient-hot\/","url":"https:\/\/eaulogik.ca\/fr\/product\/blusoda-box-hot-30-cold-ambient-hot\/","name":"Blusoda Box Hot 30 (Cold Ambient & Hot) - Eaulogik","isPartOf":{"@id":"https:\/\/eaulogik.ca\/en\/#website"},"primaryImageOfPage":{"@id":"https:\/\/eaulogik.ca\/fr\/product\/blusoda-box-hot-30-cold-ambient-hot\/#primaryimage"},"image":{"@id":"https:\/\/eaulogik.ca\/fr\/product\/blusoda-box-hot-30-cold-ambient-hot\/#primaryimage"},"thumbnailUrl":"https:\/\/eaulogik.ca\/wp-content\/uploads\/2022\/08\/blusoda-box.png","datePublished":"2022-08-17T02:19:03+00:00","dateModified":"2022-08-29T14:04:53+00:00","breadcrumb":{"@id":"https:\/\/eaulogik.ca\/fr\/product\/blusoda-box-hot-30-cold-ambient-hot\/#breadcrumb"},"inLanguage":"fr-CA","potentialAction":[{"@type":"ReadAction","target":["https:\/\/eaulogik.ca\/fr\/product\/blusoda-box-hot-30-cold-ambient-hot\/"]}]},{"@type":"ImageObject","inLanguage":"fr-CA","@id":"https:\/\/eaulogik.ca\/fr\/product\/blusoda-box-hot-30-cold-ambient-hot\/#primaryimage","url":"https:\/\/eaulogik.ca\/wp-content\/uploads\/2022\/08\/blusoda-box.png","contentUrl":"https:\/\/eaulogik.ca\/wp-content\/uploads\/2022\/08\/blusoda-box.png","width":635,"height":635},{"@type":"BreadcrumbList","@id":"https:\/\/eaulogik.ca\/fr\/product\/blusoda-box-hot-30-cold-ambient-hot\/#breadcrumb","itemListElement":[{"@type":"ListItem","position":1,"name":"Home","item":"https:\/\/eaulogik.ca\/"},{"@type":"ListItem","position":2,"name":"Shop","item":"https:\/\/eaulogik.ca\/en\/shop\/"},{"@type":"ListItem","position":3,"name":"Blusoda Box Hot 30 (Cold Ambient &#038; Hot)"}]},{"@type":"WebSite","@id":"https:\/\/eaulogik.ca\/en\/#website","url":"https:\/\/eaulogik.ca\/en\/","name":"Eaulogik","description":"Touchless, Bottleless Water Coolers","publisher":{"@id":"https:\/\/eaulogik.ca\/en\/#organization"},"potentialAction":[{"@type":"SearchAction","target":{"@type":"EntryPoint","urlTemplate":"https:\/\/eaulogik.ca\/en\/?s={search_term_string}"},"query-input":{"@type":"PropertyValueSpecification","valueRequired":true,"valueName":"search_term_string"}}],"inLanguage":"fr-CA"},{"@type":"Organization","@id":"https:\/\/eaulogik.ca\/en\/#organization","name":"Eaulogik","url":"https:\/\/eaulogik.ca\/en\/","logo":{"@type":"ImageObject","inLanguage":"fr-CA","@id":"https:\/\/eaulogik.ca\/en\/#\/schema\/logo\/image\/","url":"https:\/\/eaulogik.ca\/wp-content\/uploads\/2022\/09\/eua-logo-sq.png","contentUrl":"https:\/\/eaulogik.ca\/wp-content\/uploads\/2022\/09\/eua-logo-sq.png","width":500,"height":498,"caption":"Eaulogik"},"image":{"@id":"https:\/\/eaulogik.ca\/en\/#\/schema\/logo\/image\/"}}]}},"_links":{"self":[{"href":"https:\/\/eaulogik.ca\/fr\/wp-json\/wp\/v2\/product\/1063","targetHints":{"allow":["GET"]}}],"collection":[{"href":"https:\/\/eaulogik.ca\/fr\/wp-json\/wp\/v2\/product"}],"about":[{"href":"https:\/\/eaulogik.ca\/fr\/wp-json\/wp\/v2\/types\/product"}],"version-history":[{"count":0,"href":"https:\/\/eaulogik.ca\/fr\/wp-json\/wp\/v2\/product\/1063\/revisions"}],"wp:featuredmedia":[{"embeddable":true,"href":"https:\/\/eaulogik.ca\/fr\/wp-json\/wp\/v2\/media\/995"}],"wp:attachment":[{"href":"https:\/\/eaulogik.ca\/fr\/wp-json\/wp\/v2\/media?parent=1063"}],"wp:term":[{"taxonomy":"product_brand","embeddable":true,"href":"https:\/\/eaulogik.ca\/fr\/wp-json\/wp\/v2\/product_brand?post=1063"},{"taxonomy":"product_cat","embeddable":true,"href":"https:\/\/eaulogik.ca\/fr\/wp-json\/wp\/v2\/product_cat?post=1063"},{"taxonomy":"product_tag","embeddable":true,"href":"https:\/\/eaulogik.ca\/fr\/wp-json\/wp\/v2\/product_tag?post=1063"}],"curies":[{"name":"wp","href":"https:\/\/api.w.org\/{rel}","templated":true}]}}