{"id":1095,"date":"2022-08-17T04:03:46","date_gmt":"2022-08-17T04:03:46","guid":{"rendered":"https:\/\/soon2come.website\/?post_type=product&#038;p=1095"},"modified":"2024-09-08T15:12:19","modified_gmt":"2024-09-08T15:12:19","slug":"bluglass-tower-one-hot-cold-sparkling-hot","status":"publish","type":"product","link":"https:\/\/eaulogik.ca\/fr\/product\/bluglass-tower-one-hot-cold-sparkling-hot\/","title":{"rendered":"Bluglass Tour Un 2w ( Froid et P\u00e9tillant)"},"content":{"rendered":"<h2><strong>Bluglass Tour Un Chaud <\/strong><strong>Distribution <\/strong><strong>d'eau froide p\u00e9tillante et chaude<\/strong><\/h2>\n<p><img fetchpriority=\"high\" decoding=\"async\" class=\"alignnone size-full wp-image-5482\" src=\"https:\/\/eaulogikca.wpenginepowered.com\/wp-content\/uploads\/2022\/08\/bluglass.png\" alt=\"\" width=\"786\" height=\"602\" srcset=\"https:\/\/eaulogik.ca\/wp-content\/uploads\/2022\/08\/bluglass.png 786w, https:\/\/eaulogik.ca\/wp-content\/uploads\/2022\/08\/bluglass-200x153.png 200w, https:\/\/eaulogik.ca\/wp-content\/uploads\/2022\/08\/bluglass-400x306.png 400w, https:\/\/eaulogik.ca\/wp-content\/uploads\/2022\/08\/bluglass-300x230.png 300w, https:\/\/eaulogik.ca\/wp-content\/uploads\/2022\/08\/bluglass-768x588.png 768w, https:\/\/eaulogik.ca\/wp-content\/uploads\/2022\/08\/bluglass-16x12.png 16w\" sizes=\"(max-width: 786px) 100vw, 786px\" \/><\/p>\n<p>&nbsp;<\/p>\n<div>Le robinet pour ceux qui recherchent la beaut\u00e9 et des performances imbattables. Tout le style de la gamme Bluglass avec un seul point de distribution.<\/div>\n<ul class=\"font_8\">\n<li>\n<p class=\"font_8\">Fabriqu\u00e9 en acier inoxydable de haute qualit\u00e9 et en verre tremp\u00e9.<\/p>\n<\/li>\n<li>\n<p class=\"font_8\">Distribue de l'eau plate froide, de l'eau chaude et de l'eau gazeuse.<\/p>\n<\/li>\n<li>\n<p class=\"font_8\">Disponible la version BLUGLASS TOWER UN FROID CHAUD.<\/p>\n<\/li>\n<li>\n<p class=\"font_8\">Il peut \u00eatre con\u00e7u pour s\u2019adapter \u00e0 tous les types de refroidisseurs sous le comptoir.<\/p>\n<\/li>\n<\/ul>\n<h2>Combinez avec :<\/h2>\n<h2 class=\"product_title entry-title\">Bo\u00eete Blupura sous le comptoir avec option froid, ambiant, chaud et p\u00e9tillant.<\/h2>\n<p><img decoding=\"async\" class=\"alignnone wp-image-5015 size-medium\" src=\"https:\/\/eaulogikca.wpenginepowered.com\/wp-content\/uploads\/2022\/08\/blusoda-box-1-300x300.png\" alt=\"\" width=\"300\" height=\"300\" srcset=\"https:\/\/eaulogik.ca\/wp-content\/uploads\/2022\/08\/blusoda-box-1-300x300.png 300w, https:\/\/eaulogik.ca\/wp-content\/uploads\/2022\/08\/blusoda-box-1-200x200.png 200w, https:\/\/eaulogik.ca\/wp-content\/uploads\/2022\/08\/blusoda-box-1-100x100.png 100w, https:\/\/eaulogik.ca\/wp-content\/uploads\/2022\/08\/blusoda-box-1-400x400.png 400w, https:\/\/eaulogik.ca\/wp-content\/uploads\/2022\/08\/blusoda-box-1-150x150.png 150w, https:\/\/eaulogik.ca\/wp-content\/uploads\/2022\/08\/blusoda-box-1-12x12.png 12w, https:\/\/eaulogik.ca\/wp-content\/uploads\/2022\/08\/blusoda-box-1.png 635w\" sizes=\"(max-width: 300px) 100vw, 300px\" \/>\u00a0 \u00a0 \u00a0<img decoding=\"async\" class=\"alignnone wp-image-5133 size-medium\" src=\"https:\/\/eaulogikca.wpenginepowered.com\/wp-content\/uploads\/2022\/11\/Bluglass-tower_box-300x294.jpg\" alt=\"\" width=\"300\" height=\"294\" srcset=\"https:\/\/eaulogik.ca\/wp-content\/uploads\/2022\/11\/Bluglass-tower_box-300x294.jpg 300w, https:\/\/eaulogik.ca\/wp-content\/uploads\/2022\/11\/Bluglass-tower_box-200x196.jpg 200w, https:\/\/eaulogik.ca\/wp-content\/uploads\/2022\/11\/Bluglass-tower_box-400x392.jpg 400w, https:\/\/eaulogik.ca\/wp-content\/uploads\/2022\/11\/Bluglass-tower_box-12x12.jpg 12w, https:\/\/eaulogik.ca\/wp-content\/uploads\/2022\/11\/Bluglass-tower_box.jpg 474w\" sizes=\"(max-width: 300px) 100vw, 300px\" \/><\/p>\n<ul>\n<li>Une solution intelligente et peu encombrante, vous laissant la libert\u00e9 de choisir le robinet qui correspond le mieux \u00e0 votre environnement.<\/li>\n<li>Taille compacte gr\u00e2ce \u00e0 l'innovant convoyeur \u00e0 air con\u00e7u pour les meubles sous \u00e9vier de la cuisine.<\/li>\n<li>Toute la puissance d'un carbonateur professionnel.<\/li>\n<li>Certifications<\/li>\n<li>Se connecte \u00e0 la ligne d'eau froide normale sous votre \u00e9vier.<\/li>\n<li>Options de distribution d'eau filtr\u00e9e froide, ambiante, chaude et gazeuse.<\/li>\n<li>Livr\u00e9 avec un r\u00e9servoir de CO2 et un r\u00e9gulateur et un filtre \u00e0 bloc de carbone pour purifier l'eau.<\/li>\n<li>N\u00e9cessite une prise de courant de 110 V.<\/li>\n<li>Installation gratuite (offre \u00e0 dur\u00e9e limit\u00e9e)<\/li>\n<\/ul>\n<p>&nbsp;<\/p>\n<p>&nbsp;<\/p>\n<p>&nbsp;<\/p>","protected":false},"excerpt":{"rendered":"<h4>Bluglass Tower One Froid, Chaud P\u00e9tillant Chaud<\/h4>","protected":false},"featured_media":3345,"template":"","meta":[],"product_brand":[],"product_cat":[19,20,40],"product_tag":[42,43],"class_list":{"0":"post-1095","1":"product","2":"type-product","3":"status-publish","4":"has-post-thumbnail","6":"product_cat-commercial-water-dispensers","7":"product_cat-residential-water-dispensers","8":"product_cat-sparkling","9":"product_tag-eau-gazeuse","10":"product_tag-sparkling-water","12":"first","13":"instock","14":"shipping-taxable","15":"product-type-simple"},"yoast_head":"<!-- This site is optimized with the Yoast SEO Premium plugin v24.4 (Yoast SEO v27.3) - https:\/\/yoast.com\/product\/yoast-seo-premium-wordpress\/ -->\n<title>Blupura Bluglass Tap<\/title>\n<meta name=\"description\" content=\"Bluglass Tower dispensing cold, hot and sparkling water\" \/>\n<meta name=\"robots\" content=\"index, follow, max-snippet:-1, max-image-preview:large, max-video-preview:-1\" \/>\n<link rel=\"canonical\" href=\"https:\/\/eaulogik.ca\/fr\/product\/bluglass-tower-one-hot-cold-sparkling-hot\/\" \/>\n<meta property=\"og:locale\" content=\"fr_CA\" \/>\n<meta property=\"og:type\" content=\"article\" \/>\n<meta property=\"og:title\" content=\"Bluglass Tower One Hot (Cold Sparkling Hot) **\" \/>\n<meta property=\"og:description\" content=\"Bluglass Tower dispensing cold, hot and sparkling water\" \/>\n<meta property=\"og:url\" content=\"https:\/\/eaulogik.ca\/fr\/product\/bluglass-tower-one-hot-cold-sparkling-hot\/\" \/>\n<meta property=\"og:site_name\" content=\"Eaulogik\" \/>\n<meta property=\"article:modified_time\" content=\"2024-09-08T15:12:19+00:00\" \/>\n<meta property=\"og:image\" content=\"https:\/\/eaulogik.ca\/wp-content\/uploads\/2022\/08\/Bluglass-Tower-One.png\" \/>\n\t<meta property=\"og:image:width\" content=\"800\" \/>\n\t<meta property=\"og:image:height\" content=\"800\" \/>\n\t<meta property=\"og:image:type\" content=\"image\/png\" \/>\n<meta name=\"twitter:card\" content=\"summary_large_image\" \/>\n<meta name=\"twitter:label1\" content=\"Est. reading time\" \/>\n\t<meta name=\"twitter:data1\" content=\"2 minutes\" \/>\n<script type=\"application\/ld+json\" class=\"yoast-schema-graph\">{\"@context\":\"https:\\\/\\\/schema.org\",\"@graph\":[{\"@type\":\"WebPage\",\"@id\":\"https:\\\/\\\/eaulogik.ca\\\/en\\\/product\\\/bluglass-tower-one-hot-cold-sparkling-hot\\\/\",\"url\":\"https:\\\/\\\/eaulogik.ca\\\/en\\\/product\\\/bluglass-tower-one-hot-cold-sparkling-hot\\\/\",\"name\":\"Blupura Bluglass Tap\",\"isPartOf\":{\"@id\":\"https:\\\/\\\/eaulogik.ca\\\/en\\\/#website\"},\"primaryImageOfPage\":{\"@id\":\"https:\\\/\\\/eaulogik.ca\\\/en\\\/product\\\/bluglass-tower-one-hot-cold-sparkling-hot\\\/#primaryimage\"},\"image\":{\"@id\":\"https:\\\/\\\/eaulogik.ca\\\/en\\\/product\\\/bluglass-tower-one-hot-cold-sparkling-hot\\\/#primaryimage\"},\"thumbnailUrl\":\"https:\\\/\\\/eaulogik.ca\\\/wp-content\\\/uploads\\\/2022\\\/08\\\/Bluglass-Tower-One.png\",\"datePublished\":\"2022-08-17T04:03:46+00:00\",\"dateModified\":\"2024-09-08T15:12:19+00:00\",\"description\":\"Bluglass Tower dispensing cold, hot and sparkling water\",\"breadcrumb\":{\"@id\":\"https:\\\/\\\/eaulogik.ca\\\/en\\\/product\\\/bluglass-tower-one-hot-cold-sparkling-hot\\\/#breadcrumb\"},\"inLanguage\":\"fr-CA\",\"potentialAction\":[{\"@type\":\"ReadAction\",\"target\":[\"https:\\\/\\\/eaulogik.ca\\\/en\\\/product\\\/bluglass-tower-one-hot-cold-sparkling-hot\\\/\"]}]},{\"@type\":\"ImageObject\",\"inLanguage\":\"fr-CA\",\"@id\":\"https:\\\/\\\/eaulogik.ca\\\/en\\\/product\\\/bluglass-tower-one-hot-cold-sparkling-hot\\\/#primaryimage\",\"url\":\"https:\\\/\\\/eaulogik.ca\\\/wp-content\\\/uploads\\\/2022\\\/08\\\/Bluglass-Tower-One.png\",\"contentUrl\":\"https:\\\/\\\/eaulogik.ca\\\/wp-content\\\/uploads\\\/2022\\\/08\\\/Bluglass-Tower-One.png\",\"width\":800,\"height\":800,\"caption\":\"Bluglass Tower\"},{\"@type\":\"BreadcrumbList\",\"@id\":\"https:\\\/\\\/eaulogik.ca\\\/en\\\/product\\\/bluglass-tower-one-hot-cold-sparkling-hot\\\/#breadcrumb\",\"itemListElement\":[{\"@type\":\"ListItem\",\"position\":1,\"name\":\"Home\",\"item\":\"https:\\\/\\\/eaulogik.ca\\\/\"},{\"@type\":\"ListItem\",\"position\":2,\"name\":\"Shop\",\"item\":\"https:\\\/\\\/eaulogik.ca\\\/en\\\/shop\\\/\"},{\"@type\":\"ListItem\",\"position\":3,\"name\":\"Bluglass Tower One Hot (Cold Sparkling Hot) **\"}]},{\"@type\":\"WebSite\",\"@id\":\"https:\\\/\\\/eaulogik.ca\\\/en\\\/#website\",\"url\":\"https:\\\/\\\/eaulogik.ca\\\/en\\\/\",\"name\":\"Eaulogik\",\"description\":\"Touchless, Bottleless Water Coolers\",\"publisher\":{\"@id\":\"https:\\\/\\\/eaulogik.ca\\\/en\\\/#organization\"},\"potentialAction\":[{\"@type\":\"SearchAction\",\"target\":{\"@type\":\"EntryPoint\",\"urlTemplate\":\"https:\\\/\\\/eaulogik.ca\\\/en\\\/?s={search_term_string}\"},\"query-input\":{\"@type\":\"PropertyValueSpecification\",\"valueRequired\":true,\"valueName\":\"search_term_string\"}}],\"inLanguage\":\"fr-CA\"},{\"@type\":\"Organization\",\"@id\":\"https:\\\/\\\/eaulogik.ca\\\/en\\\/#organization\",\"name\":\"Eaulogik\",\"url\":\"https:\\\/\\\/eaulogik.ca\\\/en\\\/\",\"logo\":{\"@type\":\"ImageObject\",\"inLanguage\":\"fr-CA\",\"@id\":\"https:\\\/\\\/eaulogik.ca\\\/en\\\/#\\\/schema\\\/logo\\\/image\\\/\",\"url\":\"https:\\\/\\\/eaulogik.ca\\\/wp-content\\\/uploads\\\/2022\\\/09\\\/eua-logo-sq.png\",\"contentUrl\":\"https:\\\/\\\/eaulogik.ca\\\/wp-content\\\/uploads\\\/2022\\\/09\\\/eua-logo-sq.png\",\"width\":500,\"height\":498,\"caption\":\"Eaulogik\"},\"image\":{\"@id\":\"https:\\\/\\\/eaulogik.ca\\\/en\\\/#\\\/schema\\\/logo\\\/image\\\/\"}}]}<\/script>\n<!-- \/ Yoast SEO Premium plugin. -->","yoast_head_json":{"title":"Blupura Bluglass Tap","description":"Bluglass Tower dispensing cold, hot and sparkling water","robots":{"index":"index","follow":"follow","max-snippet":"max-snippet:-1","max-image-preview":"max-image-preview:large","max-video-preview":"max-video-preview:-1"},"canonical":"https:\/\/eaulogik.ca\/fr\/product\/bluglass-tower-one-hot-cold-sparkling-hot\/","og_locale":"fr_CA","og_type":"article","og_title":"Bluglass Tower One Hot (Cold Sparkling Hot) **","og_description":"Bluglass Tower dispensing cold, hot and sparkling water","og_url":"https:\/\/eaulogik.ca\/fr\/product\/bluglass-tower-one-hot-cold-sparkling-hot\/","og_site_name":"Eaulogik","article_modified_time":"2024-09-08T15:12:19+00:00","og_image":[{"width":800,"height":800,"url":"https:\/\/eaulogik.ca\/wp-content\/uploads\/2022\/08\/Bluglass-Tower-One.png","type":"image\/png"}],"twitter_card":"summary_large_image","twitter_misc":{"Est. reading time":"2 minutes"},"schema":{"@context":"https:\/\/schema.org","@graph":[{"@type":"WebPage","@id":"https:\/\/eaulogik.ca\/en\/product\/bluglass-tower-one-hot-cold-sparkling-hot\/","url":"https:\/\/eaulogik.ca\/en\/product\/bluglass-tower-one-hot-cold-sparkling-hot\/","name":"Blupura Bluglass Tap","isPartOf":{"@id":"https:\/\/eaulogik.ca\/en\/#website"},"primaryImageOfPage":{"@id":"https:\/\/eaulogik.ca\/en\/product\/bluglass-tower-one-hot-cold-sparkling-hot\/#primaryimage"},"image":{"@id":"https:\/\/eaulogik.ca\/en\/product\/bluglass-tower-one-hot-cold-sparkling-hot\/#primaryimage"},"thumbnailUrl":"https:\/\/eaulogik.ca\/wp-content\/uploads\/2022\/08\/Bluglass-Tower-One.png","datePublished":"2022-08-17T04:03:46+00:00","dateModified":"2024-09-08T15:12:19+00:00","description":"Bluglass Tower dispensing cold, hot and sparkling water","breadcrumb":{"@id":"https:\/\/eaulogik.ca\/en\/product\/bluglass-tower-one-hot-cold-sparkling-hot\/#breadcrumb"},"inLanguage":"fr-CA","potentialAction":[{"@type":"ReadAction","target":["https:\/\/eaulogik.ca\/en\/product\/bluglass-tower-one-hot-cold-sparkling-hot\/"]}]},{"@type":"ImageObject","inLanguage":"fr-CA","@id":"https:\/\/eaulogik.ca\/en\/product\/bluglass-tower-one-hot-cold-sparkling-hot\/#primaryimage","url":"https:\/\/eaulogik.ca\/wp-content\/uploads\/2022\/08\/Bluglass-Tower-One.png","contentUrl":"https:\/\/eaulogik.ca\/wp-content\/uploads\/2022\/08\/Bluglass-Tower-One.png","width":800,"height":800,"caption":"Bluglass Tower"},{"@type":"BreadcrumbList","@id":"https:\/\/eaulogik.ca\/en\/product\/bluglass-tower-one-hot-cold-sparkling-hot\/#breadcrumb","itemListElement":[{"@type":"ListItem","position":1,"name":"Home","item":"https:\/\/eaulogik.ca\/"},{"@type":"ListItem","position":2,"name":"Shop","item":"https:\/\/eaulogik.ca\/en\/shop\/"},{"@type":"ListItem","position":3,"name":"Bluglass Tower One Hot (Cold Sparkling Hot) **"}]},{"@type":"WebSite","@id":"https:\/\/eaulogik.ca\/en\/#website","url":"https:\/\/eaulogik.ca\/en\/","name":"Eaulogik","description":"Touchless, Bottleless Water Coolers","publisher":{"@id":"https:\/\/eaulogik.ca\/en\/#organization"},"potentialAction":[{"@type":"SearchAction","target":{"@type":"EntryPoint","urlTemplate":"https:\/\/eaulogik.ca\/en\/?s={search_term_string}"},"query-input":{"@type":"PropertyValueSpecification","valueRequired":true,"valueName":"search_term_string"}}],"inLanguage":"fr-CA"},{"@type":"Organization","@id":"https:\/\/eaulogik.ca\/en\/#organization","name":"Eaulogik","url":"https:\/\/eaulogik.ca\/en\/","logo":{"@type":"ImageObject","inLanguage":"fr-CA","@id":"https:\/\/eaulogik.ca\/en\/#\/schema\/logo\/image\/","url":"https:\/\/eaulogik.ca\/wp-content\/uploads\/2022\/09\/eua-logo-sq.png","contentUrl":"https:\/\/eaulogik.ca\/wp-content\/uploads\/2022\/09\/eua-logo-sq.png","width":500,"height":498,"caption":"Eaulogik"},"image":{"@id":"https:\/\/eaulogik.ca\/en\/#\/schema\/logo\/image\/"}}]}},"_links":{"self":[{"href":"https:\/\/eaulogik.ca\/fr\/wp-json\/wp\/v2\/product\/1095","targetHints":{"allow":["GET"]}}],"collection":[{"href":"https:\/\/eaulogik.ca\/fr\/wp-json\/wp\/v2\/product"}],"about":[{"href":"https:\/\/eaulogik.ca\/fr\/wp-json\/wp\/v2\/types\/product"}],"version-history":[{"count":0,"href":"https:\/\/eaulogik.ca\/fr\/wp-json\/wp\/v2\/product\/1095\/revisions"}],"wp:featuredmedia":[{"embeddable":true,"href":"https:\/\/eaulogik.ca\/fr\/wp-json\/wp\/v2\/media\/3345"}],"wp:attachment":[{"href":"https:\/\/eaulogik.ca\/fr\/wp-json\/wp\/v2\/media?parent=1095"}],"wp:term":[{"taxonomy":"product_brand","embeddable":true,"href":"https:\/\/eaulogik.ca\/fr\/wp-json\/wp\/v2\/product_brand?post=1095"},{"taxonomy":"product_cat","embeddable":true,"href":"https:\/\/eaulogik.ca\/fr\/wp-json\/wp\/v2\/product_cat?post=1095"},{"taxonomy":"product_tag","embeddable":true,"href":"https:\/\/eaulogik.ca\/fr\/wp-json\/wp\/v2\/product_tag?post=1095"}],"curies":[{"name":"wp","href":"https:\/\/api.w.org\/{rel}","templated":true}]}}