{"id":1099,"date":"2022-08-17T04:08:40","date_gmt":"2022-08-17T04:08:40","guid":{"rendered":"https:\/\/soon2come.website\/?post_type=product&#038;p=1099"},"modified":"2024-09-06T03:17:45","modified_gmt":"2024-09-06T03:17:45","slug":"filtered-cold-sparkling-water","status":"publish","type":"product","link":"https:\/\/eaulogik.ca\/fr\/product\/filtered-cold-sparkling-water\/","title":{"rendered":"BLUGLASS TOUR UN"},"content":{"rendered":"<p>Small counter top water dispenser for filtered cold, sparkling and hot water.<\/p>\n<p class=\"font_8\">Ce robinet est destin\u00e9 \u00e0 ceux qui recherchent la beaut\u00e9 et des performances imbattables avec un seul point de distribution.<\/p>\n<h2 class=\"font_8\"><span class=\"wixGuard\">Fonctionnalit\u00e9<\/span><\/h2>\n<ul class=\"font_8\">\n<li>\n<p class=\"font_8\">Fabriqu\u00e9 en acier inoxydable de haute qualit\u00e9 et en verre tremp\u00e9.<\/p>\n<\/li>\n<li>\n<p class=\"font_8\">Distribution d\u2019eau fra\u00eeche plate, d\u2019eau temp\u00e9r\u00e9e et d\u2019eau fra\u00eeche gazeuse.<\/p>\n<\/li>\n<li>\n<p class=\"font_8\">Disponible la version BLUGLASS TOUR UN CHAUD<\/p>\n<\/li>\n<li>\n<p class=\"font_8\">Il peut \u00eatre con\u00e7u pour s\u2019adapter \u00e0 tous les types de refroidisseurs sous le comptoir.<\/p>\n<\/li>\n<\/ul>\n<p class=\"font_8\"><a href=\"https:\/\/eaulogikca.wpenginepowered.com\/en\/product\/under-the-counter\/\"><strong>Pour une utilisation exclusive avec les glaci\u00e8res approuv\u00e9es Blupura.<\/strong><\/a><\/p>","protected":false},"excerpt":{"rendered":"<h4>BLUGLASS TOUR UN<\/h4>","protected":false},"featured_media":3345,"template":"","meta":[],"product_brand":[],"product_cat":[17],"product_tag":[],"class_list":{"0":"post-1099","1":"product","2":"type-product","3":"status-publish","4":"has-post-thumbnail","6":"product_cat-other","8":"first","9":"instock","10":"shipping-taxable","11":"product-type-grouped"},"yoast_head":"<!-- This site is optimized with the Yoast SEO Premium plugin v24.4 (Yoast SEO v27.3) - https:\/\/yoast.com\/product\/yoast-seo-premium-wordpress\/ -->\n<title>BLUGLASS TOWER ONE - Eaulogik<\/title>\n<meta name=\"description\" content=\"Small counter top water dispenser filtered cold, sparkling and hot water. Petit distributeur d&#039;eau de comptoir pour eau froide, p\u00e9tillante et chaude filtr\u00e9e\" \/>\n<meta name=\"robots\" content=\"index, follow, max-snippet:-1, max-image-preview:large, max-video-preview:-1\" \/>\n<link rel=\"canonical\" href=\"https:\/\/eaulogik.ca\/fr\/product\/filtered-cold-sparkling-water\/\" \/>\n<meta property=\"og:locale\" content=\"fr_CA\" \/>\n<meta property=\"og:type\" content=\"article\" \/>\n<meta property=\"og:title\" content=\"BLUGLASS TOWER ONE\" \/>\n<meta property=\"og:description\" content=\"Small counter top water dispenser filtered cold, sparkling and hot water. Petit distributeur d&#039;eau de comptoir pour eau froide, p\u00e9tillante et chaude filtr\u00e9e\" \/>\n<meta property=\"og:url\" content=\"https:\/\/eaulogik.ca\/fr\/product\/filtered-cold-sparkling-water\/\" \/>\n<meta property=\"og:site_name\" content=\"Eaulogik\" \/>\n<meta property=\"article:modified_time\" content=\"2024-09-06T03:17:45+00:00\" \/>\n<meta property=\"og:image\" content=\"https:\/\/eaulogik.ca\/wp-content\/uploads\/2022\/08\/Bluglass-Tower-One.png\" \/>\n\t<meta property=\"og:image:width\" content=\"800\" \/>\n\t<meta property=\"og:image:height\" content=\"800\" \/>\n\t<meta property=\"og:image:type\" content=\"image\/png\" \/>\n<meta name=\"twitter:card\" content=\"summary_large_image\" \/>\n<meta name=\"twitter:label1\" content=\"Est. reading time\" \/>\n\t<meta name=\"twitter:data1\" content=\"1 minute\" \/>\n<script type=\"application\/ld+json\" class=\"yoast-schema-graph\">{\"@context\":\"https:\\\/\\\/schema.org\",\"@graph\":[{\"@type\":\"WebPage\",\"@id\":\"https:\\\/\\\/eaulogik.ca\\\/en\\\/product\\\/filtered-cold-sparkling-water\\\/\",\"url\":\"https:\\\/\\\/eaulogik.ca\\\/en\\\/product\\\/filtered-cold-sparkling-water\\\/\",\"name\":\"BLUGLASS TOWER ONE - Eaulogik\",\"isPartOf\":{\"@id\":\"https:\\\/\\\/eaulogik.ca\\\/en\\\/#website\"},\"primaryImageOfPage\":{\"@id\":\"https:\\\/\\\/eaulogik.ca\\\/en\\\/product\\\/filtered-cold-sparkling-water\\\/#primaryimage\"},\"image\":{\"@id\":\"https:\\\/\\\/eaulogik.ca\\\/en\\\/product\\\/filtered-cold-sparkling-water\\\/#primaryimage\"},\"thumbnailUrl\":\"https:\\\/\\\/eaulogik.ca\\\/wp-content\\\/uploads\\\/2022\\\/08\\\/Bluglass-Tower-One.png\",\"datePublished\":\"2022-08-17T04:08:40+00:00\",\"dateModified\":\"2024-09-06T03:17:45+00:00\",\"description\":\"Small counter top water dispenser filtered cold, sparkling and hot water. Petit distributeur d'eau de comptoir pour eau froide, p\u00e9tillante et chaude filtr\u00e9e\",\"breadcrumb\":{\"@id\":\"https:\\\/\\\/eaulogik.ca\\\/en\\\/product\\\/filtered-cold-sparkling-water\\\/#breadcrumb\"},\"inLanguage\":\"fr-CA\",\"potentialAction\":[{\"@type\":\"ReadAction\",\"target\":[\"https:\\\/\\\/eaulogik.ca\\\/en\\\/product\\\/filtered-cold-sparkling-water\\\/\"]}]},{\"@type\":\"ImageObject\",\"inLanguage\":\"fr-CA\",\"@id\":\"https:\\\/\\\/eaulogik.ca\\\/en\\\/product\\\/filtered-cold-sparkling-water\\\/#primaryimage\",\"url\":\"https:\\\/\\\/eaulogik.ca\\\/wp-content\\\/uploads\\\/2022\\\/08\\\/Bluglass-Tower-One.png\",\"contentUrl\":\"https:\\\/\\\/eaulogik.ca\\\/wp-content\\\/uploads\\\/2022\\\/08\\\/Bluglass-Tower-One.png\",\"width\":800,\"height\":800,\"caption\":\"Bluglass Tower\"},{\"@type\":\"BreadcrumbList\",\"@id\":\"https:\\\/\\\/eaulogik.ca\\\/en\\\/product\\\/filtered-cold-sparkling-water\\\/#breadcrumb\",\"itemListElement\":[{\"@type\":\"ListItem\",\"position\":1,\"name\":\"Home\",\"item\":\"https:\\\/\\\/eaulogik.ca\\\/\"},{\"@type\":\"ListItem\",\"position\":2,\"name\":\"Shop\",\"item\":\"https:\\\/\\\/eaulogik.ca\\\/en\\\/shop\\\/\"},{\"@type\":\"ListItem\",\"position\":3,\"name\":\"BLUGLASS TOWER ONE\"}]},{\"@type\":\"WebSite\",\"@id\":\"https:\\\/\\\/eaulogik.ca\\\/en\\\/#website\",\"url\":\"https:\\\/\\\/eaulogik.ca\\\/en\\\/\",\"name\":\"Eaulogik\",\"description\":\"Touchless, Bottleless Water Coolers\",\"publisher\":{\"@id\":\"https:\\\/\\\/eaulogik.ca\\\/en\\\/#organization\"},\"potentialAction\":[{\"@type\":\"SearchAction\",\"target\":{\"@type\":\"EntryPoint\",\"urlTemplate\":\"https:\\\/\\\/eaulogik.ca\\\/en\\\/?s={search_term_string}\"},\"query-input\":{\"@type\":\"PropertyValueSpecification\",\"valueRequired\":true,\"valueName\":\"search_term_string\"}}],\"inLanguage\":\"fr-CA\"},{\"@type\":\"Organization\",\"@id\":\"https:\\\/\\\/eaulogik.ca\\\/en\\\/#organization\",\"name\":\"Eaulogik\",\"url\":\"https:\\\/\\\/eaulogik.ca\\\/en\\\/\",\"logo\":{\"@type\":\"ImageObject\",\"inLanguage\":\"fr-CA\",\"@id\":\"https:\\\/\\\/eaulogik.ca\\\/en\\\/#\\\/schema\\\/logo\\\/image\\\/\",\"url\":\"https:\\\/\\\/eaulogik.ca\\\/wp-content\\\/uploads\\\/2022\\\/09\\\/eua-logo-sq.png\",\"contentUrl\":\"https:\\\/\\\/eaulogik.ca\\\/wp-content\\\/uploads\\\/2022\\\/09\\\/eua-logo-sq.png\",\"width\":500,\"height\":498,\"caption\":\"Eaulogik\"},\"image\":{\"@id\":\"https:\\\/\\\/eaulogik.ca\\\/en\\\/#\\\/schema\\\/logo\\\/image\\\/\"}}]}<\/script>\n<!-- \/ Yoast SEO Premium plugin. -->","yoast_head_json":{"title":"BLUGLASS TOWER ONE - Eaulogik","description":"Small counter top water dispenser filtered cold, sparkling and hot water. Petit distributeur d'eau de comptoir pour eau froide, p\u00e9tillante et chaude filtr\u00e9e","robots":{"index":"index","follow":"follow","max-snippet":"max-snippet:-1","max-image-preview":"max-image-preview:large","max-video-preview":"max-video-preview:-1"},"canonical":"https:\/\/eaulogik.ca\/fr\/product\/filtered-cold-sparkling-water\/","og_locale":"fr_CA","og_type":"article","og_title":"BLUGLASS TOWER ONE","og_description":"Small counter top water dispenser filtered cold, sparkling and hot water. Petit distributeur d'eau de comptoir pour eau froide, p\u00e9tillante et chaude filtr\u00e9e","og_url":"https:\/\/eaulogik.ca\/fr\/product\/filtered-cold-sparkling-water\/","og_site_name":"Eaulogik","article_modified_time":"2024-09-06T03:17:45+00:00","og_image":[{"width":800,"height":800,"url":"https:\/\/eaulogik.ca\/wp-content\/uploads\/2022\/08\/Bluglass-Tower-One.png","type":"image\/png"}],"twitter_card":"summary_large_image","twitter_misc":{"Est. reading time":"1 minute"},"schema":{"@context":"https:\/\/schema.org","@graph":[{"@type":"WebPage","@id":"https:\/\/eaulogik.ca\/en\/product\/filtered-cold-sparkling-water\/","url":"https:\/\/eaulogik.ca\/en\/product\/filtered-cold-sparkling-water\/","name":"BLUGLASS TOWER ONE - Eaulogik","isPartOf":{"@id":"https:\/\/eaulogik.ca\/en\/#website"},"primaryImageOfPage":{"@id":"https:\/\/eaulogik.ca\/en\/product\/filtered-cold-sparkling-water\/#primaryimage"},"image":{"@id":"https:\/\/eaulogik.ca\/en\/product\/filtered-cold-sparkling-water\/#primaryimage"},"thumbnailUrl":"https:\/\/eaulogik.ca\/wp-content\/uploads\/2022\/08\/Bluglass-Tower-One.png","datePublished":"2022-08-17T04:08:40+00:00","dateModified":"2024-09-06T03:17:45+00:00","description":"Small counter top water dispenser filtered cold, sparkling and hot water. Petit distributeur d'eau de comptoir pour eau froide, p\u00e9tillante et chaude filtr\u00e9e","breadcrumb":{"@id":"https:\/\/eaulogik.ca\/en\/product\/filtered-cold-sparkling-water\/#breadcrumb"},"inLanguage":"fr-CA","potentialAction":[{"@type":"ReadAction","target":["https:\/\/eaulogik.ca\/en\/product\/filtered-cold-sparkling-water\/"]}]},{"@type":"ImageObject","inLanguage":"fr-CA","@id":"https:\/\/eaulogik.ca\/en\/product\/filtered-cold-sparkling-water\/#primaryimage","url":"https:\/\/eaulogik.ca\/wp-content\/uploads\/2022\/08\/Bluglass-Tower-One.png","contentUrl":"https:\/\/eaulogik.ca\/wp-content\/uploads\/2022\/08\/Bluglass-Tower-One.png","width":800,"height":800,"caption":"Bluglass Tower"},{"@type":"BreadcrumbList","@id":"https:\/\/eaulogik.ca\/en\/product\/filtered-cold-sparkling-water\/#breadcrumb","itemListElement":[{"@type":"ListItem","position":1,"name":"Home","item":"https:\/\/eaulogik.ca\/"},{"@type":"ListItem","position":2,"name":"Shop","item":"https:\/\/eaulogik.ca\/en\/shop\/"},{"@type":"ListItem","position":3,"name":"BLUGLASS TOWER ONE"}]},{"@type":"WebSite","@id":"https:\/\/eaulogik.ca\/en\/#website","url":"https:\/\/eaulogik.ca\/en\/","name":"Eaulogik","description":"Touchless, Bottleless Water Coolers","publisher":{"@id":"https:\/\/eaulogik.ca\/en\/#organization"},"potentialAction":[{"@type":"SearchAction","target":{"@type":"EntryPoint","urlTemplate":"https:\/\/eaulogik.ca\/en\/?s={search_term_string}"},"query-input":{"@type":"PropertyValueSpecification","valueRequired":true,"valueName":"search_term_string"}}],"inLanguage":"fr-CA"},{"@type":"Organization","@id":"https:\/\/eaulogik.ca\/en\/#organization","name":"Eaulogik","url":"https:\/\/eaulogik.ca\/en\/","logo":{"@type":"ImageObject","inLanguage":"fr-CA","@id":"https:\/\/eaulogik.ca\/en\/#\/schema\/logo\/image\/","url":"https:\/\/eaulogik.ca\/wp-content\/uploads\/2022\/09\/eua-logo-sq.png","contentUrl":"https:\/\/eaulogik.ca\/wp-content\/uploads\/2022\/09\/eua-logo-sq.png","width":500,"height":498,"caption":"Eaulogik"},"image":{"@id":"https:\/\/eaulogik.ca\/en\/#\/schema\/logo\/image\/"}}]}},"_links":{"self":[{"href":"https:\/\/eaulogik.ca\/fr\/wp-json\/wp\/v2\/product\/1099","targetHints":{"allow":["GET"]}}],"collection":[{"href":"https:\/\/eaulogik.ca\/fr\/wp-json\/wp\/v2\/product"}],"about":[{"href":"https:\/\/eaulogik.ca\/fr\/wp-json\/wp\/v2\/types\/product"}],"version-history":[{"count":0,"href":"https:\/\/eaulogik.ca\/fr\/wp-json\/wp\/v2\/product\/1099\/revisions"}],"wp:featuredmedia":[{"embeddable":true,"href":"https:\/\/eaulogik.ca\/fr\/wp-json\/wp\/v2\/media\/3345"}],"wp:attachment":[{"href":"https:\/\/eaulogik.ca\/fr\/wp-json\/wp\/v2\/media?parent=1099"}],"wp:term":[{"taxonomy":"product_brand","embeddable":true,"href":"https:\/\/eaulogik.ca\/fr\/wp-json\/wp\/v2\/product_brand?post=1099"},{"taxonomy":"product_cat","embeddable":true,"href":"https:\/\/eaulogik.ca\/fr\/wp-json\/wp\/v2\/product_cat?post=1099"},{"taxonomy":"product_tag","embeddable":true,"href":"https:\/\/eaulogik.ca\/fr\/wp-json\/wp\/v2\/product_tag?post=1099"}],"curies":[{"name":"wp","href":"https:\/\/api.w.org\/{rel}","templated":true}]}}