{"id":1406,"date":"2022-08-18T01:14:17","date_gmt":"2022-08-18T01:14:17","guid":{"rendered":"https:\/\/soon2come.website\/?post_type=product&#038;p=1406"},"modified":"2022-11-20T18:54:26","modified_gmt":"2022-11-20T18:54:26","slug":"bluseven-cold-ambient-sparkling","status":"publish","type":"product","link":"https:\/\/eaulogik.ca\/fr\/product\/bluseven-cold-ambient-sparkling\/","title":{"rendered":"BluSeven (p\u00e9tillant, ambiant et froid) **"},"content":{"rendered":"<h4><strong>BluSeven (p\u00e9tillant, ambiant et froid) **<\/strong><\/h4>\n<h4><strong>Pour une utilisation exclusive avec les glaci\u00e8res approuv\u00e9es par Blupura.<\/strong><\/h4>\n<ul>\n<li>Design impressionnant,<\/li>\n<li>Qualit\u00e9 de fabrication exceptionnelle,<\/li>\n<li>Hautes performances et haute technologie,<\/li>\n<li>Parfait pour l\u2019int\u00e9gration dans vos unit\u00e9s de cuisine,<\/li>\n<li class=\"font_8\">Design moderne: enti\u00e8rement en acier inoxydable avec des composants de haute technologie.<\/li>\n<li class=\"font_8\">Affichage \u00e9lectronique avec commandes \u00e0 \u00e9cran tactile.<\/li>\n<\/ul>","protected":false},"excerpt":{"rendered":"<h4><strong>BluSeven (p\u00e9tillant, ambiant et froid) **<\/strong><\/h4>","protected":false},"featured_media":3340,"template":"","meta":[],"product_brand":[],"product_cat":[44],"product_tag":[],"class_list":{"0":"post-1406","1":"product","2":"type-product","3":"status-publish","4":"has-post-thumbnail","6":"product_cat-sparkling-2","8":"first","9":"instock","10":"shipping-taxable","11":"product-type-simple"},"yoast_head":"<!-- This site is optimized with the Yoast SEO Premium plugin v24.4 (Yoast SEO v27.4) - https:\/\/yoast.com\/product\/yoast-seo-premium-wordpress\/ -->\n<title>BluSeven (Cold Ambient Sparkling) ** - Eaulogik<\/title>\n<meta name=\"robots\" content=\"index, follow, max-snippet:-1, max-image-preview:large, max-video-preview:-1\" \/>\n<link rel=\"canonical\" href=\"https:\/\/eaulogik.ca\/fr\/product\/bluseven-cold-ambient-sparkling\/\" \/>\n<meta property=\"og:locale\" content=\"fr_CA\" \/>\n<meta property=\"og:type\" content=\"article\" \/>\n<meta property=\"og:title\" content=\"BluSeven (Cold Ambient Sparkling) **\" \/>\n<meta property=\"og:description\" content=\"BluSeven (Cold Ambient Sparkling) **\" \/>\n<meta property=\"og:url\" content=\"https:\/\/eaulogik.ca\/fr\/product\/bluseven-cold-ambient-sparkling\/\" \/>\n<meta property=\"og:site_name\" content=\"Eaulogik\" \/>\n<meta property=\"article:modified_time\" content=\"2022-11-20T18:54:26+00:00\" \/>\n<meta property=\"og:image\" content=\"https:\/\/eaulogik.ca\/wp-content\/uploads\/2022\/08\/Bluseven.png\" \/>\n\t<meta property=\"og:image:width\" content=\"800\" \/>\n\t<meta property=\"og:image:height\" content=\"800\" \/>\n\t<meta property=\"og:image:type\" content=\"image\/png\" \/>\n<meta name=\"twitter:card\" content=\"summary_large_image\" \/>\n<script type=\"application\/ld+json\" class=\"yoast-schema-graph\">{\"@context\":\"https:\\\/\\\/schema.org\",\"@graph\":[{\"@type\":\"WebPage\",\"@id\":\"https:\\\/\\\/eaulogik.ca\\\/en\\\/product\\\/bluseven-cold-ambient-sparkling\\\/\",\"url\":\"https:\\\/\\\/eaulogik.ca\\\/en\\\/product\\\/bluseven-cold-ambient-sparkling\\\/\",\"name\":\"BluSeven (Cold Ambient Sparkling) ** - Eaulogik\",\"isPartOf\":{\"@id\":\"https:\\\/\\\/eaulogik.ca\\\/en\\\/#website\"},\"primaryImageOfPage\":{\"@id\":\"https:\\\/\\\/eaulogik.ca\\\/en\\\/product\\\/bluseven-cold-ambient-sparkling\\\/#primaryimage\"},\"image\":{\"@id\":\"https:\\\/\\\/eaulogik.ca\\\/en\\\/product\\\/bluseven-cold-ambient-sparkling\\\/#primaryimage\"},\"thumbnailUrl\":\"https:\\\/\\\/eaulogik.ca\\\/wp-content\\\/uploads\\\/2022\\\/08\\\/Bluseven.png\",\"datePublished\":\"2022-08-18T01:14:17+00:00\",\"dateModified\":\"2022-11-20T18:54:26+00:00\",\"breadcrumb\":{\"@id\":\"https:\\\/\\\/eaulogik.ca\\\/en\\\/product\\\/bluseven-cold-ambient-sparkling\\\/#breadcrumb\"},\"inLanguage\":\"fr-CA\",\"potentialAction\":[{\"@type\":\"ReadAction\",\"target\":[\"https:\\\/\\\/eaulogik.ca\\\/en\\\/product\\\/bluseven-cold-ambient-sparkling\\\/\"]}]},{\"@type\":\"ImageObject\",\"inLanguage\":\"fr-CA\",\"@id\":\"https:\\\/\\\/eaulogik.ca\\\/en\\\/product\\\/bluseven-cold-ambient-sparkling\\\/#primaryimage\",\"url\":\"https:\\\/\\\/eaulogik.ca\\\/wp-content\\\/uploads\\\/2022\\\/08\\\/Bluseven.png\",\"contentUrl\":\"https:\\\/\\\/eaulogik.ca\\\/wp-content\\\/uploads\\\/2022\\\/08\\\/Bluseven.png\",\"width\":800,\"height\":800},{\"@type\":\"BreadcrumbList\",\"@id\":\"https:\\\/\\\/eaulogik.ca\\\/en\\\/product\\\/bluseven-cold-ambient-sparkling\\\/#breadcrumb\",\"itemListElement\":[{\"@type\":\"ListItem\",\"position\":1,\"name\":\"Home\",\"item\":\"https:\\\/\\\/eaulogik.ca\\\/\"},{\"@type\":\"ListItem\",\"position\":2,\"name\":\"Shop\",\"item\":\"https:\\\/\\\/eaulogik.ca\\\/en\\\/shop\\\/\"},{\"@type\":\"ListItem\",\"position\":3,\"name\":\"BluSeven (Cold Ambient Sparkling) **\"}]},{\"@type\":\"WebSite\",\"@id\":\"https:\\\/\\\/eaulogik.ca\\\/en\\\/#website\",\"url\":\"https:\\\/\\\/eaulogik.ca\\\/en\\\/\",\"name\":\"Eaulogik\",\"description\":\"Touchless, Bottleless Water Coolers\",\"publisher\":{\"@id\":\"https:\\\/\\\/eaulogik.ca\\\/en\\\/#organization\"},\"potentialAction\":[{\"@type\":\"SearchAction\",\"target\":{\"@type\":\"EntryPoint\",\"urlTemplate\":\"https:\\\/\\\/eaulogik.ca\\\/en\\\/?s={search_term_string}\"},\"query-input\":{\"@type\":\"PropertyValueSpecification\",\"valueRequired\":true,\"valueName\":\"search_term_string\"}}],\"inLanguage\":\"fr-CA\"},{\"@type\":\"Organization\",\"@id\":\"https:\\\/\\\/eaulogik.ca\\\/en\\\/#organization\",\"name\":\"Eaulogik\",\"url\":\"https:\\\/\\\/eaulogik.ca\\\/en\\\/\",\"logo\":{\"@type\":\"ImageObject\",\"inLanguage\":\"fr-CA\",\"@id\":\"https:\\\/\\\/eaulogik.ca\\\/en\\\/#\\\/schema\\\/logo\\\/image\\\/\",\"url\":\"https:\\\/\\\/eaulogik.ca\\\/wp-content\\\/uploads\\\/2022\\\/09\\\/eua-logo-sq.png\",\"contentUrl\":\"https:\\\/\\\/eaulogik.ca\\\/wp-content\\\/uploads\\\/2022\\\/09\\\/eua-logo-sq.png\",\"width\":500,\"height\":498,\"caption\":\"Eaulogik\"},\"image\":{\"@id\":\"https:\\\/\\\/eaulogik.ca\\\/en\\\/#\\\/schema\\\/logo\\\/image\\\/\"}}]}<\/script>\n<!-- \/ Yoast SEO Premium plugin. -->","yoast_head_json":{"title":"BluSeven (Cold Ambient Sparkling) ** - Eaulogik","robots":{"index":"index","follow":"follow","max-snippet":"max-snippet:-1","max-image-preview":"max-image-preview:large","max-video-preview":"max-video-preview:-1"},"canonical":"https:\/\/eaulogik.ca\/fr\/product\/bluseven-cold-ambient-sparkling\/","og_locale":"fr_CA","og_type":"article","og_title":"BluSeven (Cold Ambient Sparkling) **","og_description":"BluSeven (Cold Ambient Sparkling) **","og_url":"https:\/\/eaulogik.ca\/fr\/product\/bluseven-cold-ambient-sparkling\/","og_site_name":"Eaulogik","article_modified_time":"2022-11-20T18:54:26+00:00","og_image":[{"width":800,"height":800,"url":"https:\/\/eaulogik.ca\/wp-content\/uploads\/2022\/08\/Bluseven.png","type":"image\/png"}],"twitter_card":"summary_large_image","schema":{"@context":"https:\/\/schema.org","@graph":[{"@type":"WebPage","@id":"https:\/\/eaulogik.ca\/en\/product\/bluseven-cold-ambient-sparkling\/","url":"https:\/\/eaulogik.ca\/en\/product\/bluseven-cold-ambient-sparkling\/","name":"BluSeven (Cold Ambient Sparkling) ** - Eaulogik","isPartOf":{"@id":"https:\/\/eaulogik.ca\/en\/#website"},"primaryImageOfPage":{"@id":"https:\/\/eaulogik.ca\/en\/product\/bluseven-cold-ambient-sparkling\/#primaryimage"},"image":{"@id":"https:\/\/eaulogik.ca\/en\/product\/bluseven-cold-ambient-sparkling\/#primaryimage"},"thumbnailUrl":"https:\/\/eaulogik.ca\/wp-content\/uploads\/2022\/08\/Bluseven.png","datePublished":"2022-08-18T01:14:17+00:00","dateModified":"2022-11-20T18:54:26+00:00","breadcrumb":{"@id":"https:\/\/eaulogik.ca\/en\/product\/bluseven-cold-ambient-sparkling\/#breadcrumb"},"inLanguage":"fr-CA","potentialAction":[{"@type":"ReadAction","target":["https:\/\/eaulogik.ca\/en\/product\/bluseven-cold-ambient-sparkling\/"]}]},{"@type":"ImageObject","inLanguage":"fr-CA","@id":"https:\/\/eaulogik.ca\/en\/product\/bluseven-cold-ambient-sparkling\/#primaryimage","url":"https:\/\/eaulogik.ca\/wp-content\/uploads\/2022\/08\/Bluseven.png","contentUrl":"https:\/\/eaulogik.ca\/wp-content\/uploads\/2022\/08\/Bluseven.png","width":800,"height":800},{"@type":"BreadcrumbList","@id":"https:\/\/eaulogik.ca\/en\/product\/bluseven-cold-ambient-sparkling\/#breadcrumb","itemListElement":[{"@type":"ListItem","position":1,"name":"Home","item":"https:\/\/eaulogik.ca\/"},{"@type":"ListItem","position":2,"name":"Shop","item":"https:\/\/eaulogik.ca\/en\/shop\/"},{"@type":"ListItem","position":3,"name":"BluSeven (Cold Ambient Sparkling) **"}]},{"@type":"WebSite","@id":"https:\/\/eaulogik.ca\/en\/#website","url":"https:\/\/eaulogik.ca\/en\/","name":"Eaulogik","description":"Touchless, Bottleless Water Coolers","publisher":{"@id":"https:\/\/eaulogik.ca\/en\/#organization"},"potentialAction":[{"@type":"SearchAction","target":{"@type":"EntryPoint","urlTemplate":"https:\/\/eaulogik.ca\/en\/?s={search_term_string}"},"query-input":{"@type":"PropertyValueSpecification","valueRequired":true,"valueName":"search_term_string"}}],"inLanguage":"fr-CA"},{"@type":"Organization","@id":"https:\/\/eaulogik.ca\/en\/#organization","name":"Eaulogik","url":"https:\/\/eaulogik.ca\/en\/","logo":{"@type":"ImageObject","inLanguage":"fr-CA","@id":"https:\/\/eaulogik.ca\/en\/#\/schema\/logo\/image\/","url":"https:\/\/eaulogik.ca\/wp-content\/uploads\/2022\/09\/eua-logo-sq.png","contentUrl":"https:\/\/eaulogik.ca\/wp-content\/uploads\/2022\/09\/eua-logo-sq.png","width":500,"height":498,"caption":"Eaulogik"},"image":{"@id":"https:\/\/eaulogik.ca\/en\/#\/schema\/logo\/image\/"}}]}},"_links":{"self":[{"href":"https:\/\/eaulogik.ca\/fr\/wp-json\/wp\/v2\/product\/1406","targetHints":{"allow":["GET"]}}],"collection":[{"href":"https:\/\/eaulogik.ca\/fr\/wp-json\/wp\/v2\/product"}],"about":[{"href":"https:\/\/eaulogik.ca\/fr\/wp-json\/wp\/v2\/types\/product"}],"version-history":[{"count":0,"href":"https:\/\/eaulogik.ca\/fr\/wp-json\/wp\/v2\/product\/1406\/revisions"}],"wp:featuredmedia":[{"embeddable":true,"href":"https:\/\/eaulogik.ca\/fr\/wp-json\/wp\/v2\/media\/3340"}],"wp:attachment":[{"href":"https:\/\/eaulogik.ca\/fr\/wp-json\/wp\/v2\/media?parent=1406"}],"wp:term":[{"taxonomy":"product_brand","embeddable":true,"href":"https:\/\/eaulogik.ca\/fr\/wp-json\/wp\/v2\/product_brand?post=1406"},{"taxonomy":"product_cat","embeddable":true,"href":"https:\/\/eaulogik.ca\/fr\/wp-json\/wp\/v2\/product_cat?post=1406"},{"taxonomy":"product_tag","embeddable":true,"href":"https:\/\/eaulogik.ca\/fr\/wp-json\/wp\/v2\/product_tag?post=1406"}],"curies":[{"name":"wp","href":"https:\/\/api.w.org\/{rel}","templated":true}]}}