{"id":1410,"date":"2022-08-18T01:23:02","date_gmt":"2022-08-18T01:23:02","guid":{"rendered":"https:\/\/soon2come.website\/?post_type=product&#038;p=1410"},"modified":"2023-06-06T02:52:29","modified_gmt":"2023-06-06T02:52:29","slug":"bluseven-cold-ambient-sparkling-hot","status":"publish","type":"product","link":"https:\/\/eaulogik.ca\/fr\/product\/bluseven-cold-ambient-sparkling-hot\/","title":{"rendered":"BluSeven Robinet froid ambiant p\u00e9tillant et chaud"},"content":{"rendered":"<h2>BluSeven Robinet froid ambiant p\u00e9tillant et chaud<\/h2>\n<p><img fetchpriority=\"high\" decoding=\"async\" class=\"alignnone size-full wp-image-5017\" src=\"https:\/\/eaulogikca.wpenginepowered.com\/wp-content\/uploads\/2022\/08\/blu-7.png\" alt=\"\" width=\"1640\" height=\"400\" srcset=\"https:\/\/eaulogik.ca\/wp-content\/uploads\/2022\/08\/blu-7.png 1640w, https:\/\/eaulogik.ca\/wp-content\/uploads\/2022\/08\/blu-7-200x49.png 200w, https:\/\/eaulogik.ca\/wp-content\/uploads\/2022\/08\/blu-7-400x98.png 400w, https:\/\/eaulogik.ca\/wp-content\/uploads\/2022\/08\/blu-7-300x73.png 300w, https:\/\/eaulogik.ca\/wp-content\/uploads\/2022\/08\/blu-7-1024x250.png 1024w, https:\/\/eaulogik.ca\/wp-content\/uploads\/2022\/08\/blu-7-768x187.png 768w, https:\/\/eaulogik.ca\/wp-content\/uploads\/2022\/08\/blu-7-1536x375.png 1536w, https:\/\/eaulogik.ca\/wp-content\/uploads\/2022\/08\/blu-7-18x4.png 18w\" sizes=\"(max-width: 1640px) 100vw, 1640px\" \/><\/p>\n<ul class=\"font_8\">\n<li>Une solution intelligente et peu encombrante, vous laissant la libert\u00e9 de choisir le robinet qui correspond le mieux \u00e0 votre environnement.<\/li>\n<li>Taille compacte gr\u00e2ce \u00e0 l'innovant convoyeur \u00e0 air con\u00e7u pour les meubles sous \u00e9vier de la cuisine.<\/li>\n<li>Toute la puissance d'un carbonateur professionnel.<\/li>\n<li>Certifications<\/li>\n<\/ul>\n<ul>\n<li>&#8216;Impressive design,<\/li>\n<li>Qualit\u00e9 de fabrication exceptionnelle,<\/li>\n<li>Hautes performances et haute technologie,<\/li>\n<li>Parfait pour l\u2019int\u00e9gration dans vos unit\u00e9s de cuisine,<\/li>\n<li class=\"font_8\">Design moderne: enti\u00e8rement en acier inoxydable avec des composants de haute technologie.<\/li>\n<li class=\"font_8\">Affichage \u00e9lectronique avec commandes \u00e0 \u00e9cran tactile.<\/li>\n<li class=\"font_8\">Jusqu\u2019\u00e0 7 options de distribution\n<ul>\n<li class=\"font_8\">eau froide<\/li>\n<li>Eau froide filtr\u00e9e<\/li>\n<li>Temp\u00e9rature ambiante<\/li>\n<li>Gazeuse<\/li>\n<li>P\u00e9tillante<\/li>\n<li>Eau chaude<\/li>\n<\/ul>\n<\/li>\n<\/ul>\n<h2>Combinez avec :<\/h2>\n<p><img decoding=\"async\" class=\"alignnone wp-image-5015 size-medium\" src=\"https:\/\/eaulogikca.wpenginepowered.com\/wp-content\/uploads\/2022\/08\/blusoda-box-1-300x300.png\" alt=\"\" width=\"300\" height=\"300\" srcset=\"https:\/\/eaulogik.ca\/wp-content\/uploads\/2022\/08\/blusoda-box-1-300x300.png 300w, https:\/\/eaulogik.ca\/wp-content\/uploads\/2022\/08\/blusoda-box-1-200x200.png 200w, https:\/\/eaulogik.ca\/wp-content\/uploads\/2022\/08\/blusoda-box-1-100x100.png 100w, https:\/\/eaulogik.ca\/wp-content\/uploads\/2022\/08\/blusoda-box-1-400x400.png 400w, https:\/\/eaulogik.ca\/wp-content\/uploads\/2022\/08\/blusoda-box-1-150x150.png 150w, https:\/\/eaulogik.ca\/wp-content\/uploads\/2022\/08\/blusoda-box-1-12x12.png 12w, https:\/\/eaulogik.ca\/wp-content\/uploads\/2022\/08\/blusoda-box-1.png 635w\" sizes=\"(max-width: 300px) 100vw, 300px\" \/><img decoding=\"async\" class=\"alignnone  wp-image-5133\" src=\"https:\/\/eaulogikca.wpenginepowered.com\/wp-content\/uploads\/2022\/11\/Bluglass-tower_box.jpg\" alt=\"\" width=\"281\" height=\"275\" srcset=\"https:\/\/eaulogik.ca\/wp-content\/uploads\/2022\/11\/Bluglass-tower_box.jpg 474w, https:\/\/eaulogik.ca\/wp-content\/uploads\/2022\/11\/Bluglass-tower_box-200x196.jpg 200w, https:\/\/eaulogik.ca\/wp-content\/uploads\/2022\/11\/Bluglass-tower_box-400x392.jpg 400w, https:\/\/eaulogik.ca\/wp-content\/uploads\/2022\/11\/Bluglass-tower_box-300x294.jpg 300w, https:\/\/eaulogik.ca\/wp-content\/uploads\/2022\/11\/Bluglass-tower_box-12x12.jpg 12w\" sizes=\"(max-width: 281px) 100vw, 281px\" \/><\/p>\n<h2 class=\"product_title entry-title\">Bo\u00eete Blupura sous le comptoir avec option froid, ambiant et p\u00e9tillant<\/h2>\n<p>&nbsp;<\/p>\n<ul>\n<li>Une solution intelligente et peu encombrante, vous laissant la libert\u00e9 de choisir le robinet qui correspond le mieux \u00e0 votre environnement.<\/li>\n<li>Taille compacte gr\u00e2ce \u00e0 l'innovant convoyeur \u00e0 air con\u00e7u pour les meubles sous \u00e9vier de la cuisine.<\/li>\n<li>Toute la puissance d'un carbonateur professionnel.<\/li>\n<li>Certifications\u00a0<img loading=\"lazy\" decoding=\"async\" id=\"NDY4OjIzNQ==-1\" class=\"ls-is-cached lazyloaded alignnone wp-image-901 size-full\" src=\"https:\/\/eaulogikca.wpenginepowered.com\/wp-content\/uploads\/2022\/08\/certs-300x51-1.png\" alt=\"\" width=\"300\" height=\"51\" srcset=\"https:\/\/eaulogik.ca\/wp-content\/uploads\/2022\/08\/certs-300x51-1.png 300w, https:\/\/eaulogik.ca\/wp-content\/uploads\/2022\/08\/certs-300x51-1-200x34.png 200w\" sizes=\"(max-width: 300px) 100vw, 300px\" \/><\/li>\n<li>Se connecte \u00e0 la ligne d'eau froide normale sous votre \u00e9vier.<\/li>\n<li>Options de distribution d'eau filtr\u00e9e froide, ambiante et gazeuse.<\/li>\n<li>Livr\u00e9 avec un r\u00e9servoir de CO2 et un r\u00e9gulateur et un filtre \u00e0 bloc de carbone pour purifier l'eau.<\/li>\n<li>N\u00e9cessite une prise de courant de 110 V.<\/li>\n<li>Installation gratuite (offre \u00e0 dur\u00e9e limit\u00e9e)<\/li>\n<\/ul>\n<p>Garantie de 2 ans.<\/p>","protected":false},"excerpt":{"rendered":"<h4><strong>BluSeven Robinet froid ambiant p\u00e9tillant et chaud<\/strong><\/h4>","protected":false},"featured_media":3340,"template":"","meta":[],"product_brand":[],"product_cat":[49,20,44],"product_tag":[],"class_list":{"0":"post-1410","1":"product","2":"type-product","3":"status-publish","4":"has-post-thumbnail","6":"product_cat-kitchen-taps","7":"product_cat-residential-water-dispensers","8":"product_cat-sparkling-2","10":"first","11":"instock","12":"shipping-taxable","13":"product-type-simple"},"yoast_head":"<!-- This site is optimized with the Yoast SEO Premium plugin v24.4 (Yoast SEO v27.3) - https:\/\/yoast.com\/product\/yoast-seo-premium-wordpress\/ -->\n<title>BluSeven Tap Cold Ambient Sparkling &amp; Hot - Eaulogik<\/title>\n<meta name=\"robots\" content=\"index, follow, max-snippet:-1, max-image-preview:large, max-video-preview:-1\" \/>\n<link rel=\"canonical\" href=\"https:\/\/eaulogik.ca\/fr\/product\/bluseven-cold-ambient-sparkling-hot\/\" \/>\n<meta property=\"og:locale\" content=\"fr_CA\" \/>\n<meta property=\"og:type\" content=\"article\" \/>\n<meta property=\"og:title\" content=\"BluSeven Tap Cold Ambient Sparkling &amp; Hot\" \/>\n<meta property=\"og:description\" content=\"BluSeven Tap Cold Ambient Sparkling &amp; Hot\" \/>\n<meta property=\"og:url\" content=\"https:\/\/eaulogik.ca\/fr\/product\/bluseven-cold-ambient-sparkling-hot\/\" \/>\n<meta property=\"og:site_name\" content=\"Eaulogik\" \/>\n<meta property=\"article:modified_time\" content=\"2023-06-06T02:52:29+00:00\" \/>\n<meta property=\"og:image\" content=\"https:\/\/eaulogik.ca\/wp-content\/uploads\/2022\/08\/Bluseven.png\" \/>\n\t<meta property=\"og:image:width\" content=\"800\" \/>\n\t<meta property=\"og:image:height\" content=\"800\" \/>\n\t<meta property=\"og:image:type\" content=\"image\/png\" \/>\n<meta name=\"twitter:card\" content=\"summary_large_image\" \/>\n<meta name=\"twitter:label1\" content=\"Est. reading time\" \/>\n\t<meta name=\"twitter:data1\" content=\"2 minutes\" \/>\n<script type=\"application\/ld+json\" class=\"yoast-schema-graph\">{\"@context\":\"https:\\\/\\\/schema.org\",\"@graph\":[{\"@type\":\"WebPage\",\"@id\":\"https:\\\/\\\/eaulogik.ca\\\/en\\\/product\\\/bluseven-cold-ambient-sparkling-hot\\\/\",\"url\":\"https:\\\/\\\/eaulogik.ca\\\/en\\\/product\\\/bluseven-cold-ambient-sparkling-hot\\\/\",\"name\":\"BluSeven Tap Cold Ambient Sparkling & Hot - Eaulogik\",\"isPartOf\":{\"@id\":\"https:\\\/\\\/eaulogik.ca\\\/en\\\/#website\"},\"primaryImageOfPage\":{\"@id\":\"https:\\\/\\\/eaulogik.ca\\\/en\\\/product\\\/bluseven-cold-ambient-sparkling-hot\\\/#primaryimage\"},\"image\":{\"@id\":\"https:\\\/\\\/eaulogik.ca\\\/en\\\/product\\\/bluseven-cold-ambient-sparkling-hot\\\/#primaryimage\"},\"thumbnailUrl\":\"https:\\\/\\\/eaulogik.ca\\\/wp-content\\\/uploads\\\/2022\\\/08\\\/Bluseven.png\",\"datePublished\":\"2022-08-18T01:23:02+00:00\",\"dateModified\":\"2023-06-06T02:52:29+00:00\",\"breadcrumb\":{\"@id\":\"https:\\\/\\\/eaulogik.ca\\\/en\\\/product\\\/bluseven-cold-ambient-sparkling-hot\\\/#breadcrumb\"},\"inLanguage\":\"fr-CA\",\"potentialAction\":[{\"@type\":\"ReadAction\",\"target\":[\"https:\\\/\\\/eaulogik.ca\\\/en\\\/product\\\/bluseven-cold-ambient-sparkling-hot\\\/\"]}]},{\"@type\":\"ImageObject\",\"inLanguage\":\"fr-CA\",\"@id\":\"https:\\\/\\\/eaulogik.ca\\\/en\\\/product\\\/bluseven-cold-ambient-sparkling-hot\\\/#primaryimage\",\"url\":\"https:\\\/\\\/eaulogik.ca\\\/wp-content\\\/uploads\\\/2022\\\/08\\\/Bluseven.png\",\"contentUrl\":\"https:\\\/\\\/eaulogik.ca\\\/wp-content\\\/uploads\\\/2022\\\/08\\\/Bluseven.png\",\"width\":800,\"height\":800},{\"@type\":\"BreadcrumbList\",\"@id\":\"https:\\\/\\\/eaulogik.ca\\\/en\\\/product\\\/bluseven-cold-ambient-sparkling-hot\\\/#breadcrumb\",\"itemListElement\":[{\"@type\":\"ListItem\",\"position\":1,\"name\":\"Home\",\"item\":\"https:\\\/\\\/eaulogik.ca\\\/\"},{\"@type\":\"ListItem\",\"position\":2,\"name\":\"Shop\",\"item\":\"https:\\\/\\\/eaulogik.ca\\\/en\\\/shop\\\/\"},{\"@type\":\"ListItem\",\"position\":3,\"name\":\"BluSeven Tap Cold Ambient Sparkling &#038; Hot\"}]},{\"@type\":\"WebSite\",\"@id\":\"https:\\\/\\\/eaulogik.ca\\\/en\\\/#website\",\"url\":\"https:\\\/\\\/eaulogik.ca\\\/en\\\/\",\"name\":\"Eaulogik\",\"description\":\"Touchless, Bottleless Water Coolers\",\"publisher\":{\"@id\":\"https:\\\/\\\/eaulogik.ca\\\/en\\\/#organization\"},\"potentialAction\":[{\"@type\":\"SearchAction\",\"target\":{\"@type\":\"EntryPoint\",\"urlTemplate\":\"https:\\\/\\\/eaulogik.ca\\\/en\\\/?s={search_term_string}\"},\"query-input\":{\"@type\":\"PropertyValueSpecification\",\"valueRequired\":true,\"valueName\":\"search_term_string\"}}],\"inLanguage\":\"fr-CA\"},{\"@type\":\"Organization\",\"@id\":\"https:\\\/\\\/eaulogik.ca\\\/en\\\/#organization\",\"name\":\"Eaulogik\",\"url\":\"https:\\\/\\\/eaulogik.ca\\\/en\\\/\",\"logo\":{\"@type\":\"ImageObject\",\"inLanguage\":\"fr-CA\",\"@id\":\"https:\\\/\\\/eaulogik.ca\\\/en\\\/#\\\/schema\\\/logo\\\/image\\\/\",\"url\":\"https:\\\/\\\/eaulogik.ca\\\/wp-content\\\/uploads\\\/2022\\\/09\\\/eua-logo-sq.png\",\"contentUrl\":\"https:\\\/\\\/eaulogik.ca\\\/wp-content\\\/uploads\\\/2022\\\/09\\\/eua-logo-sq.png\",\"width\":500,\"height\":498,\"caption\":\"Eaulogik\"},\"image\":{\"@id\":\"https:\\\/\\\/eaulogik.ca\\\/en\\\/#\\\/schema\\\/logo\\\/image\\\/\"}}]}<\/script>\n<!-- \/ Yoast SEO Premium plugin. -->","yoast_head_json":{"title":"BluSeven Tap Cold Ambient Sparkling & Hot - Eaulogik","robots":{"index":"index","follow":"follow","max-snippet":"max-snippet:-1","max-image-preview":"max-image-preview:large","max-video-preview":"max-video-preview:-1"},"canonical":"https:\/\/eaulogik.ca\/fr\/product\/bluseven-cold-ambient-sparkling-hot\/","og_locale":"fr_CA","og_type":"article","og_title":"BluSeven Tap Cold Ambient Sparkling & Hot","og_description":"BluSeven Tap Cold Ambient Sparkling &amp; Hot","og_url":"https:\/\/eaulogik.ca\/fr\/product\/bluseven-cold-ambient-sparkling-hot\/","og_site_name":"Eaulogik","article_modified_time":"2023-06-06T02:52:29+00:00","og_image":[{"width":800,"height":800,"url":"https:\/\/eaulogik.ca\/wp-content\/uploads\/2022\/08\/Bluseven.png","type":"image\/png"}],"twitter_card":"summary_large_image","twitter_misc":{"Est. reading time":"2 minutes"},"schema":{"@context":"https:\/\/schema.org","@graph":[{"@type":"WebPage","@id":"https:\/\/eaulogik.ca\/en\/product\/bluseven-cold-ambient-sparkling-hot\/","url":"https:\/\/eaulogik.ca\/en\/product\/bluseven-cold-ambient-sparkling-hot\/","name":"BluSeven Tap Cold Ambient Sparkling & Hot - Eaulogik","isPartOf":{"@id":"https:\/\/eaulogik.ca\/en\/#website"},"primaryImageOfPage":{"@id":"https:\/\/eaulogik.ca\/en\/product\/bluseven-cold-ambient-sparkling-hot\/#primaryimage"},"image":{"@id":"https:\/\/eaulogik.ca\/en\/product\/bluseven-cold-ambient-sparkling-hot\/#primaryimage"},"thumbnailUrl":"https:\/\/eaulogik.ca\/wp-content\/uploads\/2022\/08\/Bluseven.png","datePublished":"2022-08-18T01:23:02+00:00","dateModified":"2023-06-06T02:52:29+00:00","breadcrumb":{"@id":"https:\/\/eaulogik.ca\/en\/product\/bluseven-cold-ambient-sparkling-hot\/#breadcrumb"},"inLanguage":"fr-CA","potentialAction":[{"@type":"ReadAction","target":["https:\/\/eaulogik.ca\/en\/product\/bluseven-cold-ambient-sparkling-hot\/"]}]},{"@type":"ImageObject","inLanguage":"fr-CA","@id":"https:\/\/eaulogik.ca\/en\/product\/bluseven-cold-ambient-sparkling-hot\/#primaryimage","url":"https:\/\/eaulogik.ca\/wp-content\/uploads\/2022\/08\/Bluseven.png","contentUrl":"https:\/\/eaulogik.ca\/wp-content\/uploads\/2022\/08\/Bluseven.png","width":800,"height":800},{"@type":"BreadcrumbList","@id":"https:\/\/eaulogik.ca\/en\/product\/bluseven-cold-ambient-sparkling-hot\/#breadcrumb","itemListElement":[{"@type":"ListItem","position":1,"name":"Home","item":"https:\/\/eaulogik.ca\/"},{"@type":"ListItem","position":2,"name":"Shop","item":"https:\/\/eaulogik.ca\/en\/shop\/"},{"@type":"ListItem","position":3,"name":"BluSeven Tap Cold Ambient Sparkling &#038; Hot"}]},{"@type":"WebSite","@id":"https:\/\/eaulogik.ca\/en\/#website","url":"https:\/\/eaulogik.ca\/en\/","name":"Eaulogik","description":"Touchless, Bottleless Water Coolers","publisher":{"@id":"https:\/\/eaulogik.ca\/en\/#organization"},"potentialAction":[{"@type":"SearchAction","target":{"@type":"EntryPoint","urlTemplate":"https:\/\/eaulogik.ca\/en\/?s={search_term_string}"},"query-input":{"@type":"PropertyValueSpecification","valueRequired":true,"valueName":"search_term_string"}}],"inLanguage":"fr-CA"},{"@type":"Organization","@id":"https:\/\/eaulogik.ca\/en\/#organization","name":"Eaulogik","url":"https:\/\/eaulogik.ca\/en\/","logo":{"@type":"ImageObject","inLanguage":"fr-CA","@id":"https:\/\/eaulogik.ca\/en\/#\/schema\/logo\/image\/","url":"https:\/\/eaulogik.ca\/wp-content\/uploads\/2022\/09\/eua-logo-sq.png","contentUrl":"https:\/\/eaulogik.ca\/wp-content\/uploads\/2022\/09\/eua-logo-sq.png","width":500,"height":498,"caption":"Eaulogik"},"image":{"@id":"https:\/\/eaulogik.ca\/en\/#\/schema\/logo\/image\/"}}]}},"_links":{"self":[{"href":"https:\/\/eaulogik.ca\/fr\/wp-json\/wp\/v2\/product\/1410","targetHints":{"allow":["GET"]}}],"collection":[{"href":"https:\/\/eaulogik.ca\/fr\/wp-json\/wp\/v2\/product"}],"about":[{"href":"https:\/\/eaulogik.ca\/fr\/wp-json\/wp\/v2\/types\/product"}],"version-history":[{"count":0,"href":"https:\/\/eaulogik.ca\/fr\/wp-json\/wp\/v2\/product\/1410\/revisions"}],"wp:featuredmedia":[{"embeddable":true,"href":"https:\/\/eaulogik.ca\/fr\/wp-json\/wp\/v2\/media\/3340"}],"wp:attachment":[{"href":"https:\/\/eaulogik.ca\/fr\/wp-json\/wp\/v2\/media?parent=1410"}],"wp:term":[{"taxonomy":"product_brand","embeddable":true,"href":"https:\/\/eaulogik.ca\/fr\/wp-json\/wp\/v2\/product_brand?post=1410"},{"taxonomy":"product_cat","embeddable":true,"href":"https:\/\/eaulogik.ca\/fr\/wp-json\/wp\/v2\/product_cat?post=1410"},{"taxonomy":"product_tag","embeddable":true,"href":"https:\/\/eaulogik.ca\/fr\/wp-json\/wp\/v2\/product_tag?post=1410"}],"curies":[{"name":"wp","href":"https:\/\/api.w.org\/{rel}","templated":true}]}}