{"id":4208,"date":"2022-09-27T12:03:03","date_gmt":"2022-09-27T12:03:03","guid":{"rendered":"https:\/\/eaulogikca.wpenginepowered.com\/?post_type=product&#038;p=4208"},"modified":"2024-09-06T02:54:08","modified_gmt":"2024-09-06T02:54:08","slug":"waterlogic-wl100-tower","status":"publish","type":"product","link":"https:\/\/eaulogik.ca\/fr\/product\/waterlogic-wl100-tower\/","title":{"rendered":"Waterlogic WL100 &#8211; Tower"},"content":{"rendered":"<p>C\u2019est un refroidisseur d\u2019eau efficace au point d\u2019utilisation qui se connecte directement \u00e0 l\u2019alimentation en eau de votre b\u00e2timent et purifie l\u2019eau lors de la distribution pour fournir un approvisionnement illimit\u00e9 du meilleur en eau r\u00e9frig\u00e9r\u00e9e et chaude. Il offre une capacit\u00e9 de distribution id\u00e9ale pour les petits bureaux et les groupes de travail.<\/p>\n<div class=\"_6s2bg fggS- cell\">\n<h2 class=\"Text178763205__root Text178763205---typography-11-runningText Text178763205---priority-7-primary s8gg2 _149OH InfoSectionTitle3095652555__root\" aria-hidden=\"false\" data-hook=\"info-section-title\">Caract\u00e9ristiques<\/h2>\n<div class=\"WncCi\" data-hook=\"info-section-description\">\n<ul>\n<li>Froide<\/li>\n<li>Chaud<\/li>\n<li>Eau ambiante<\/li>\n<li>Tower Free Standing<\/li>\n<li>Protection antimicrobienne BioCote<\/li>\n<\/ul>\n<\/div>\n<\/div>","protected":false},"excerpt":{"rendered":"<h4 id=\"comp-k9vpcacm\" class=\"_1Q9if _3bcaz\" data-testid=\"richTextElement\"><strong>Waterlogic WL100 &#8211; Tower\u00a0 Cold &amp; Hot\u00a0<\/strong><\/h4>","protected":false},"featured_media":4324,"template":"","meta":[],"product_brand":[],"product_cat":[33,28,63],"product_tag":[],"class_list":{"0":"post-4208","1":"product","2":"type-product","3":"status-publish","4":"has-post-thumbnail","6":"product_cat-sale","7":"product_cat-water-coolers","8":"product_cat-waterlogic","10":"first","11":"instock","12":"shipping-taxable","13":"product-type-simple"},"yoast_head":"<!-- This site is optimized with the Yoast SEO Premium plugin v24.4 (Yoast SEO v27.3) - https:\/\/yoast.com\/product\/yoast-seo-premium-wordpress\/ -->\n<title>Waterlogic WL100 - Tower - Eaulogik<\/title>\n<meta name=\"description\" content=\"Cold and Hot Water dispenserIt is an effective point-of-use water cooler that connects directly to your building&#039;s water supply and purifies water upon dispensing to provide an unlimited supply of the best in chilled, hot and ambient water. It offers ideal dispensing capacity for smaller offices and work groups.FeaturesCold,HotAmbient waterTower Free StandingBioCote antimicrobial protection\" \/>\n<meta name=\"robots\" content=\"index, follow, max-snippet:-1, max-image-preview:large, max-video-preview:-1\" \/>\n<link rel=\"canonical\" href=\"https:\/\/eaulogik.ca\/fr\/product\/waterlogic-wl100-tower\/\" \/>\n<meta property=\"og:locale\" content=\"fr_CA\" \/>\n<meta property=\"og:type\" content=\"article\" \/>\n<meta property=\"og:title\" content=\"Waterlogic WL100 - Tower\" \/>\n<meta property=\"og:description\" content=\"Cold and Hot Water dispenserIt is an effective point-of-use water cooler that connects directly to your building&#039;s water supply and purifies water upon dispensing to provide an unlimited supply of the best in chilled, hot and ambient water. It offers ideal dispensing capacity for smaller offices and work groups.FeaturesCold,HotAmbient waterTower Free StandingBioCote antimicrobial protection\" \/>\n<meta property=\"og:url\" content=\"https:\/\/eaulogik.ca\/fr\/product\/waterlogic-wl100-tower\/\" \/>\n<meta property=\"og:site_name\" content=\"Eaulogik\" \/>\n<meta property=\"article:modified_time\" content=\"2024-09-06T02:54:08+00:00\" \/>\n<meta property=\"og:image\" content=\"https:\/\/eaulogik.ca\/wp-content\/uploads\/2022\/09\/wl100-t.jpg\" \/>\n\t<meta property=\"og:image:width\" content=\"635\" \/>\n\t<meta property=\"og:image:height\" content=\"635\" \/>\n\t<meta property=\"og:image:type\" content=\"image\/jpeg\" \/>\n<meta name=\"twitter:card\" content=\"summary_large_image\" \/>\n<meta name=\"twitter:label1\" content=\"Est. reading time\" \/>\n\t<meta name=\"twitter:data1\" content=\"1 minute\" \/>\n<script type=\"application\/ld+json\" class=\"yoast-schema-graph\">{\"@context\":\"https:\\\/\\\/schema.org\",\"@graph\":[{\"@type\":\"WebPage\",\"@id\":\"https:\\\/\\\/eaulogik.ca\\\/en\\\/product\\\/waterlogic-wl100-tower\\\/\",\"url\":\"https:\\\/\\\/eaulogik.ca\\\/en\\\/product\\\/waterlogic-wl100-tower\\\/\",\"name\":\"Waterlogic WL100 - Tower - Eaulogik\",\"isPartOf\":{\"@id\":\"https:\\\/\\\/eaulogik.ca\\\/en\\\/#website\"},\"primaryImageOfPage\":{\"@id\":\"https:\\\/\\\/eaulogik.ca\\\/en\\\/product\\\/waterlogic-wl100-tower\\\/#primaryimage\"},\"image\":{\"@id\":\"https:\\\/\\\/eaulogik.ca\\\/en\\\/product\\\/waterlogic-wl100-tower\\\/#primaryimage\"},\"thumbnailUrl\":\"https:\\\/\\\/eaulogik.ca\\\/wp-content\\\/uploads\\\/2022\\\/09\\\/wl100-t.jpg\",\"datePublished\":\"2022-09-27T12:03:03+00:00\",\"dateModified\":\"2024-09-06T02:54:08+00:00\",\"description\":\"Cold and Hot Water dispenserIt is an effective point-of-use water cooler that connects directly to your building's water supply and purifies water upon dispensing to provide an unlimited supply of the best in chilled, hot and ambient water. It offers ideal dispensing capacity for smaller offices and work groups.FeaturesCold,HotAmbient waterTower Free StandingBioCote antimicrobial protection\",\"breadcrumb\":{\"@id\":\"https:\\\/\\\/eaulogik.ca\\\/en\\\/product\\\/waterlogic-wl100-tower\\\/#breadcrumb\"},\"inLanguage\":\"fr-CA\",\"potentialAction\":[{\"@type\":\"ReadAction\",\"target\":[\"https:\\\/\\\/eaulogik.ca\\\/en\\\/product\\\/waterlogic-wl100-tower\\\/\"]}]},{\"@type\":\"ImageObject\",\"inLanguage\":\"fr-CA\",\"@id\":\"https:\\\/\\\/eaulogik.ca\\\/en\\\/product\\\/waterlogic-wl100-tower\\\/#primaryimage\",\"url\":\"https:\\\/\\\/eaulogik.ca\\\/wp-content\\\/uploads\\\/2022\\\/09\\\/wl100-t.jpg\",\"contentUrl\":\"https:\\\/\\\/eaulogik.ca\\\/wp-content\\\/uploads\\\/2022\\\/09\\\/wl100-t.jpg\",\"width\":635,\"height\":635},{\"@type\":\"BreadcrumbList\",\"@id\":\"https:\\\/\\\/eaulogik.ca\\\/en\\\/product\\\/waterlogic-wl100-tower\\\/#breadcrumb\",\"itemListElement\":[{\"@type\":\"ListItem\",\"position\":1,\"name\":\"Home\",\"item\":\"https:\\\/\\\/eaulogik.ca\\\/\"},{\"@type\":\"ListItem\",\"position\":2,\"name\":\"Shop\",\"item\":\"https:\\\/\\\/eaulogik.ca\\\/en\\\/shop\\\/\"},{\"@type\":\"ListItem\",\"position\":3,\"name\":\"Waterlogic WL100 &#8211; Tower\"}]},{\"@type\":\"WebSite\",\"@id\":\"https:\\\/\\\/eaulogik.ca\\\/en\\\/#website\",\"url\":\"https:\\\/\\\/eaulogik.ca\\\/en\\\/\",\"name\":\"Eaulogik\",\"description\":\"Touchless, Bottleless Water Coolers\",\"publisher\":{\"@id\":\"https:\\\/\\\/eaulogik.ca\\\/en\\\/#organization\"},\"potentialAction\":[{\"@type\":\"SearchAction\",\"target\":{\"@type\":\"EntryPoint\",\"urlTemplate\":\"https:\\\/\\\/eaulogik.ca\\\/en\\\/?s={search_term_string}\"},\"query-input\":{\"@type\":\"PropertyValueSpecification\",\"valueRequired\":true,\"valueName\":\"search_term_string\"}}],\"inLanguage\":\"fr-CA\"},{\"@type\":\"Organization\",\"@id\":\"https:\\\/\\\/eaulogik.ca\\\/en\\\/#organization\",\"name\":\"Eaulogik\",\"url\":\"https:\\\/\\\/eaulogik.ca\\\/en\\\/\",\"logo\":{\"@type\":\"ImageObject\",\"inLanguage\":\"fr-CA\",\"@id\":\"https:\\\/\\\/eaulogik.ca\\\/en\\\/#\\\/schema\\\/logo\\\/image\\\/\",\"url\":\"https:\\\/\\\/eaulogik.ca\\\/wp-content\\\/uploads\\\/2022\\\/09\\\/eua-logo-sq.png\",\"contentUrl\":\"https:\\\/\\\/eaulogik.ca\\\/wp-content\\\/uploads\\\/2022\\\/09\\\/eua-logo-sq.png\",\"width\":500,\"height\":498,\"caption\":\"Eaulogik\"},\"image\":{\"@id\":\"https:\\\/\\\/eaulogik.ca\\\/en\\\/#\\\/schema\\\/logo\\\/image\\\/\"}}]}<\/script>\n<!-- \/ Yoast SEO Premium plugin. -->","yoast_head_json":{"title":"Waterlogic WL100 - Tower - Eaulogik","description":"Cold and Hot Water dispenserIt is an effective point-of-use water cooler that connects directly to your building's water supply and purifies water upon dispensing to provide an unlimited supply of the best in chilled, hot and ambient water. It offers ideal dispensing capacity for smaller offices and work groups.FeaturesCold,HotAmbient waterTower Free StandingBioCote antimicrobial protection","robots":{"index":"index","follow":"follow","max-snippet":"max-snippet:-1","max-image-preview":"max-image-preview:large","max-video-preview":"max-video-preview:-1"},"canonical":"https:\/\/eaulogik.ca\/fr\/product\/waterlogic-wl100-tower\/","og_locale":"fr_CA","og_type":"article","og_title":"Waterlogic WL100 - Tower","og_description":"Cold and Hot Water dispenserIt is an effective point-of-use water cooler that connects directly to your building's water supply and purifies water upon dispensing to provide an unlimited supply of the best in chilled, hot and ambient water. It offers ideal dispensing capacity for smaller offices and work groups.FeaturesCold,HotAmbient waterTower Free StandingBioCote antimicrobial protection","og_url":"https:\/\/eaulogik.ca\/fr\/product\/waterlogic-wl100-tower\/","og_site_name":"Eaulogik","article_modified_time":"2024-09-06T02:54:08+00:00","og_image":[{"width":635,"height":635,"url":"https:\/\/eaulogik.ca\/wp-content\/uploads\/2022\/09\/wl100-t.jpg","type":"image\/jpeg"}],"twitter_card":"summary_large_image","twitter_misc":{"Est. reading time":"1 minute"},"schema":{"@context":"https:\/\/schema.org","@graph":[{"@type":"WebPage","@id":"https:\/\/eaulogik.ca\/en\/product\/waterlogic-wl100-tower\/","url":"https:\/\/eaulogik.ca\/en\/product\/waterlogic-wl100-tower\/","name":"Waterlogic WL100 - Tower - Eaulogik","isPartOf":{"@id":"https:\/\/eaulogik.ca\/en\/#website"},"primaryImageOfPage":{"@id":"https:\/\/eaulogik.ca\/en\/product\/waterlogic-wl100-tower\/#primaryimage"},"image":{"@id":"https:\/\/eaulogik.ca\/en\/product\/waterlogic-wl100-tower\/#primaryimage"},"thumbnailUrl":"https:\/\/eaulogik.ca\/wp-content\/uploads\/2022\/09\/wl100-t.jpg","datePublished":"2022-09-27T12:03:03+00:00","dateModified":"2024-09-06T02:54:08+00:00","description":"Cold and Hot Water dispenserIt is an effective point-of-use water cooler that connects directly to your building's water supply and purifies water upon dispensing to provide an unlimited supply of the best in chilled, hot and ambient water. It offers ideal dispensing capacity for smaller offices and work groups.FeaturesCold,HotAmbient waterTower Free StandingBioCote antimicrobial protection","breadcrumb":{"@id":"https:\/\/eaulogik.ca\/en\/product\/waterlogic-wl100-tower\/#breadcrumb"},"inLanguage":"fr-CA","potentialAction":[{"@type":"ReadAction","target":["https:\/\/eaulogik.ca\/en\/product\/waterlogic-wl100-tower\/"]}]},{"@type":"ImageObject","inLanguage":"fr-CA","@id":"https:\/\/eaulogik.ca\/en\/product\/waterlogic-wl100-tower\/#primaryimage","url":"https:\/\/eaulogik.ca\/wp-content\/uploads\/2022\/09\/wl100-t.jpg","contentUrl":"https:\/\/eaulogik.ca\/wp-content\/uploads\/2022\/09\/wl100-t.jpg","width":635,"height":635},{"@type":"BreadcrumbList","@id":"https:\/\/eaulogik.ca\/en\/product\/waterlogic-wl100-tower\/#breadcrumb","itemListElement":[{"@type":"ListItem","position":1,"name":"Home","item":"https:\/\/eaulogik.ca\/"},{"@type":"ListItem","position":2,"name":"Shop","item":"https:\/\/eaulogik.ca\/en\/shop\/"},{"@type":"ListItem","position":3,"name":"Waterlogic WL100 &#8211; Tower"}]},{"@type":"WebSite","@id":"https:\/\/eaulogik.ca\/en\/#website","url":"https:\/\/eaulogik.ca\/en\/","name":"Eaulogik","description":"Touchless, Bottleless Water Coolers","publisher":{"@id":"https:\/\/eaulogik.ca\/en\/#organization"},"potentialAction":[{"@type":"SearchAction","target":{"@type":"EntryPoint","urlTemplate":"https:\/\/eaulogik.ca\/en\/?s={search_term_string}"},"query-input":{"@type":"PropertyValueSpecification","valueRequired":true,"valueName":"search_term_string"}}],"inLanguage":"fr-CA"},{"@type":"Organization","@id":"https:\/\/eaulogik.ca\/en\/#organization","name":"Eaulogik","url":"https:\/\/eaulogik.ca\/en\/","logo":{"@type":"ImageObject","inLanguage":"fr-CA","@id":"https:\/\/eaulogik.ca\/en\/#\/schema\/logo\/image\/","url":"https:\/\/eaulogik.ca\/wp-content\/uploads\/2022\/09\/eua-logo-sq.png","contentUrl":"https:\/\/eaulogik.ca\/wp-content\/uploads\/2022\/09\/eua-logo-sq.png","width":500,"height":498,"caption":"Eaulogik"},"image":{"@id":"https:\/\/eaulogik.ca\/en\/#\/schema\/logo\/image\/"}}]}},"_links":{"self":[{"href":"https:\/\/eaulogik.ca\/fr\/wp-json\/wp\/v2\/product\/4208","targetHints":{"allow":["GET"]}}],"collection":[{"href":"https:\/\/eaulogik.ca\/fr\/wp-json\/wp\/v2\/product"}],"about":[{"href":"https:\/\/eaulogik.ca\/fr\/wp-json\/wp\/v2\/types\/product"}],"version-history":[{"count":0,"href":"https:\/\/eaulogik.ca\/fr\/wp-json\/wp\/v2\/product\/4208\/revisions"}],"wp:featuredmedia":[{"embeddable":true,"href":"https:\/\/eaulogik.ca\/fr\/wp-json\/wp\/v2\/media\/4324"}],"wp:attachment":[{"href":"https:\/\/eaulogik.ca\/fr\/wp-json\/wp\/v2\/media?parent=4208"}],"wp:term":[{"taxonomy":"product_brand","embeddable":true,"href":"https:\/\/eaulogik.ca\/fr\/wp-json\/wp\/v2\/product_brand?post=4208"},{"taxonomy":"product_cat","embeddable":true,"href":"https:\/\/eaulogik.ca\/fr\/wp-json\/wp\/v2\/product_cat?post=4208"},{"taxonomy":"product_tag","embeddable":true,"href":"https:\/\/eaulogik.ca\/fr\/wp-json\/wp\/v2\/product_tag?post=4208"}],"curies":[{"name":"wp","href":"https:\/\/api.w.org\/{rel}","templated":true}]}}