{"id":4277,"date":"2022-09-27T12:21:29","date_gmt":"2022-09-27T12:21:29","guid":{"rendered":"https:\/\/eaulogikca.wpenginepowered.com\/?post_type=product&#038;p=4277"},"modified":"2024-09-06T01:49:52","modified_gmt":"2024-09-06T01:49:52","slug":"waterlogic-wl250-counter-top","status":"publish","type":"product","link":"https:\/\/eaulogik.ca\/fr\/product\/waterlogic-wl250-counter-top\/","title":{"rendered":"Waterlogic WL250 - Comptoir"},"content":{"rendered":"<p>La tour et le distributeur d'eau chaude et froide de comptoir WL250 tiennent la promesse d'une eau fra\u00eeche et rafra\u00eechissante sans fin pour votre lieu de travail. Il est dot\u00e9 d'un syst\u00e8me de filtration \u00e0 plusieurs \u00e9tages et<strong>\u00a0d\u00e9sinfection aux rayons ultraviolets<\/strong> pour emp\u00eacher l'accumulation potentielle de biofilms et r\u00e9duire la croissance bact\u00e9rienne. La conception adapt\u00e9e aux entreprises et la fiabilit\u00e9 garantie vous assurent de disposer de toute l'eau froide et chaude de qualit\u00e9 dont vos employ\u00e9s et vos invit\u00e9s ont besoin.<\/p>\n<h2>Caract\u00e9ristiques<\/h2>\n<ul>\n<li>Froid<\/li>\n<li>Chaud<\/li>\n<li>Eau filtr\u00e9e au carbone<\/li>\n<li><strong>In Tank UV Light Sanitization<\/strong><\/li>\n<li>Protection antimicrobienne BioCote<\/li>\n<li>Countertop Model<\/li>\n<\/ul>\n<div class=\"_6s2bg fggS- cell\">\n<div class=\"WncCi\" data-hook=\"info-section-description\"><\/div>\n<\/div>","protected":false},"excerpt":{"rendered":"<h4>Waterlogic WL250 Counter Top Cold &amp; Hot<\/h4>","protected":false},"featured_media":4320,"template":"","meta":[],"product_brand":[],"product_cat":[28,63],"product_tag":[],"class_list":{"0":"post-4277","1":"product","2":"type-product","3":"status-publish","4":"has-post-thumbnail","6":"product_cat-water-coolers","7":"product_cat-waterlogic","9":"first","10":"instock","11":"shipping-taxable","12":"product-type-simple"},"yoast_head":"<!-- This site is optimized with the Yoast SEO Premium plugin v24.4 (Yoast SEO v27.3) - https:\/\/yoast.com\/product\/yoast-seo-premium-wordpress\/ -->\n<title>Waterlogic WL250 Counter Top - Eaulogik<\/title>\n<meta name=\"description\" content=\"The WL250 tower and countertop hot and cold water dispenser deliver on a promise of endless refreshing chilled water for your workplace. It features multi-stage filtration and\u00a0ultraviolet light sanitization to prevent potential biofilm build-up and reduce bacterial growth. The business-friendly design and guaranteed reliability ensure you have all the quality cold and hot water your employees and guests need\" \/>\n<meta name=\"robots\" content=\"index, follow, max-snippet:-1, max-image-preview:large, max-video-preview:-1\" \/>\n<link rel=\"canonical\" href=\"https:\/\/eaulogik.ca\/fr\/product\/waterlogic-wl250-counter-top\/\" \/>\n<meta property=\"og:locale\" content=\"fr_CA\" \/>\n<meta property=\"og:type\" content=\"article\" \/>\n<meta property=\"og:title\" content=\"Waterlogic WL250 Counter Top\" \/>\n<meta property=\"og:description\" content=\"The WL250 tower and countertop hot and cold water dispenser deliver on a promise of endless refreshing chilled water for your workplace. It features multi-stage filtration and\u00a0ultraviolet light sanitization to prevent potential biofilm build-up and reduce bacterial growth. The business-friendly design and guaranteed reliability ensure you have all the quality cold and hot water your employees and guests need\" \/>\n<meta property=\"og:url\" content=\"https:\/\/eaulogik.ca\/fr\/product\/waterlogic-wl250-counter-top\/\" \/>\n<meta property=\"og:site_name\" content=\"Eaulogik\" \/>\n<meta property=\"article:modified_time\" content=\"2024-09-06T01:49:52+00:00\" \/>\n<meta property=\"og:image\" content=\"https:\/\/eaulogik.ca\/wp-content\/uploads\/2022\/09\/wl250-c.jpg\" \/>\n\t<meta property=\"og:image:width\" content=\"635\" \/>\n\t<meta property=\"og:image:height\" content=\"635\" \/>\n\t<meta property=\"og:image:type\" content=\"image\/jpeg\" \/>\n<meta name=\"twitter:card\" content=\"summary_large_image\" \/>\n<meta name=\"twitter:label1\" content=\"Est. reading time\" \/>\n\t<meta name=\"twitter:data1\" content=\"1 minute\" \/>\n<script type=\"application\/ld+json\" class=\"yoast-schema-graph\">{\"@context\":\"https:\\\/\\\/schema.org\",\"@graph\":[{\"@type\":\"WebPage\",\"@id\":\"https:\\\/\\\/eaulogik.ca\\\/en\\\/product\\\/waterlogic-wl250-counter-top\\\/\",\"url\":\"https:\\\/\\\/eaulogik.ca\\\/en\\\/product\\\/waterlogic-wl250-counter-top\\\/\",\"name\":\"Waterlogic WL250 Counter Top - Eaulogik\",\"isPartOf\":{\"@id\":\"https:\\\/\\\/eaulogik.ca\\\/en\\\/#website\"},\"primaryImageOfPage\":{\"@id\":\"https:\\\/\\\/eaulogik.ca\\\/en\\\/product\\\/waterlogic-wl250-counter-top\\\/#primaryimage\"},\"image\":{\"@id\":\"https:\\\/\\\/eaulogik.ca\\\/en\\\/product\\\/waterlogic-wl250-counter-top\\\/#primaryimage\"},\"thumbnailUrl\":\"https:\\\/\\\/eaulogik.ca\\\/wp-content\\\/uploads\\\/2022\\\/09\\\/wl250-c.jpg\",\"datePublished\":\"2022-09-27T12:21:29+00:00\",\"dateModified\":\"2024-09-06T01:49:52+00:00\",\"description\":\"The WL250 tower and countertop hot and cold water dispenser deliver on a promise of endless refreshing chilled water for your workplace. It features multi-stage filtration and\u00a0ultraviolet light sanitization to prevent potential biofilm build-up and reduce bacterial growth. The business-friendly design and guaranteed reliability ensure you have all the quality cold and hot water your employees and guests need\",\"breadcrumb\":{\"@id\":\"https:\\\/\\\/eaulogik.ca\\\/en\\\/product\\\/waterlogic-wl250-counter-top\\\/#breadcrumb\"},\"inLanguage\":\"fr-CA\",\"potentialAction\":[{\"@type\":\"ReadAction\",\"target\":[\"https:\\\/\\\/eaulogik.ca\\\/en\\\/product\\\/waterlogic-wl250-counter-top\\\/\"]}]},{\"@type\":\"ImageObject\",\"inLanguage\":\"fr-CA\",\"@id\":\"https:\\\/\\\/eaulogik.ca\\\/en\\\/product\\\/waterlogic-wl250-counter-top\\\/#primaryimage\",\"url\":\"https:\\\/\\\/eaulogik.ca\\\/wp-content\\\/uploads\\\/2022\\\/09\\\/wl250-c.jpg\",\"contentUrl\":\"https:\\\/\\\/eaulogik.ca\\\/wp-content\\\/uploads\\\/2022\\\/09\\\/wl250-c.jpg\",\"width\":635,\"height\":635},{\"@type\":\"BreadcrumbList\",\"@id\":\"https:\\\/\\\/eaulogik.ca\\\/en\\\/product\\\/waterlogic-wl250-counter-top\\\/#breadcrumb\",\"itemListElement\":[{\"@type\":\"ListItem\",\"position\":1,\"name\":\"Home\",\"item\":\"https:\\\/\\\/eaulogik.ca\\\/\"},{\"@type\":\"ListItem\",\"position\":2,\"name\":\"Shop\",\"item\":\"https:\\\/\\\/eaulogik.ca\\\/en\\\/shop\\\/\"},{\"@type\":\"ListItem\",\"position\":3,\"name\":\"Waterlogic WL250 Counter Top\"}]},{\"@type\":\"WebSite\",\"@id\":\"https:\\\/\\\/eaulogik.ca\\\/en\\\/#website\",\"url\":\"https:\\\/\\\/eaulogik.ca\\\/en\\\/\",\"name\":\"Eaulogik\",\"description\":\"Touchless, Bottleless Water Coolers\",\"publisher\":{\"@id\":\"https:\\\/\\\/eaulogik.ca\\\/en\\\/#organization\"},\"potentialAction\":[{\"@type\":\"SearchAction\",\"target\":{\"@type\":\"EntryPoint\",\"urlTemplate\":\"https:\\\/\\\/eaulogik.ca\\\/en\\\/?s={search_term_string}\"},\"query-input\":{\"@type\":\"PropertyValueSpecification\",\"valueRequired\":true,\"valueName\":\"search_term_string\"}}],\"inLanguage\":\"fr-CA\"},{\"@type\":\"Organization\",\"@id\":\"https:\\\/\\\/eaulogik.ca\\\/en\\\/#organization\",\"name\":\"Eaulogik\",\"url\":\"https:\\\/\\\/eaulogik.ca\\\/en\\\/\",\"logo\":{\"@type\":\"ImageObject\",\"inLanguage\":\"fr-CA\",\"@id\":\"https:\\\/\\\/eaulogik.ca\\\/en\\\/#\\\/schema\\\/logo\\\/image\\\/\",\"url\":\"https:\\\/\\\/eaulogik.ca\\\/wp-content\\\/uploads\\\/2022\\\/09\\\/eua-logo-sq.png\",\"contentUrl\":\"https:\\\/\\\/eaulogik.ca\\\/wp-content\\\/uploads\\\/2022\\\/09\\\/eua-logo-sq.png\",\"width\":500,\"height\":498,\"caption\":\"Eaulogik\"},\"image\":{\"@id\":\"https:\\\/\\\/eaulogik.ca\\\/en\\\/#\\\/schema\\\/logo\\\/image\\\/\"}}]}<\/script>\n<!-- \/ Yoast SEO Premium plugin. -->","yoast_head_json":{"title":"Waterlogic WL250 Counter Top - Eaulogik","description":"The WL250 tower and countertop hot and cold water dispenser deliver on a promise of endless refreshing chilled water for your workplace. It features multi-stage filtration and\u00a0ultraviolet light sanitization to prevent potential biofilm build-up and reduce bacterial growth. The business-friendly design and guaranteed reliability ensure you have all the quality cold and hot water your employees and guests need","robots":{"index":"index","follow":"follow","max-snippet":"max-snippet:-1","max-image-preview":"max-image-preview:large","max-video-preview":"max-video-preview:-1"},"canonical":"https:\/\/eaulogik.ca\/fr\/product\/waterlogic-wl250-counter-top\/","og_locale":"fr_CA","og_type":"article","og_title":"Waterlogic WL250 Counter Top","og_description":"The WL250 tower and countertop hot and cold water dispenser deliver on a promise of endless refreshing chilled water for your workplace. It features multi-stage filtration and\u00a0ultraviolet light sanitization to prevent potential biofilm build-up and reduce bacterial growth. The business-friendly design and guaranteed reliability ensure you have all the quality cold and hot water your employees and guests need","og_url":"https:\/\/eaulogik.ca\/fr\/product\/waterlogic-wl250-counter-top\/","og_site_name":"Eaulogik","article_modified_time":"2024-09-06T01:49:52+00:00","og_image":[{"width":635,"height":635,"url":"https:\/\/eaulogik.ca\/wp-content\/uploads\/2022\/09\/wl250-c.jpg","type":"image\/jpeg"}],"twitter_card":"summary_large_image","twitter_misc":{"Est. reading time":"1 minute"},"schema":{"@context":"https:\/\/schema.org","@graph":[{"@type":"WebPage","@id":"https:\/\/eaulogik.ca\/en\/product\/waterlogic-wl250-counter-top\/","url":"https:\/\/eaulogik.ca\/en\/product\/waterlogic-wl250-counter-top\/","name":"Waterlogic WL250 Counter Top - Eaulogik","isPartOf":{"@id":"https:\/\/eaulogik.ca\/en\/#website"},"primaryImageOfPage":{"@id":"https:\/\/eaulogik.ca\/en\/product\/waterlogic-wl250-counter-top\/#primaryimage"},"image":{"@id":"https:\/\/eaulogik.ca\/en\/product\/waterlogic-wl250-counter-top\/#primaryimage"},"thumbnailUrl":"https:\/\/eaulogik.ca\/wp-content\/uploads\/2022\/09\/wl250-c.jpg","datePublished":"2022-09-27T12:21:29+00:00","dateModified":"2024-09-06T01:49:52+00:00","description":"The WL250 tower and countertop hot and cold water dispenser deliver on a promise of endless refreshing chilled water for your workplace. It features multi-stage filtration and\u00a0ultraviolet light sanitization to prevent potential biofilm build-up and reduce bacterial growth. The business-friendly design and guaranteed reliability ensure you have all the quality cold and hot water your employees and guests need","breadcrumb":{"@id":"https:\/\/eaulogik.ca\/en\/product\/waterlogic-wl250-counter-top\/#breadcrumb"},"inLanguage":"fr-CA","potentialAction":[{"@type":"ReadAction","target":["https:\/\/eaulogik.ca\/en\/product\/waterlogic-wl250-counter-top\/"]}]},{"@type":"ImageObject","inLanguage":"fr-CA","@id":"https:\/\/eaulogik.ca\/en\/product\/waterlogic-wl250-counter-top\/#primaryimage","url":"https:\/\/eaulogik.ca\/wp-content\/uploads\/2022\/09\/wl250-c.jpg","contentUrl":"https:\/\/eaulogik.ca\/wp-content\/uploads\/2022\/09\/wl250-c.jpg","width":635,"height":635},{"@type":"BreadcrumbList","@id":"https:\/\/eaulogik.ca\/en\/product\/waterlogic-wl250-counter-top\/#breadcrumb","itemListElement":[{"@type":"ListItem","position":1,"name":"Home","item":"https:\/\/eaulogik.ca\/"},{"@type":"ListItem","position":2,"name":"Shop","item":"https:\/\/eaulogik.ca\/en\/shop\/"},{"@type":"ListItem","position":3,"name":"Waterlogic WL250 Counter Top"}]},{"@type":"WebSite","@id":"https:\/\/eaulogik.ca\/en\/#website","url":"https:\/\/eaulogik.ca\/en\/","name":"Eaulogik","description":"Touchless, Bottleless Water Coolers","publisher":{"@id":"https:\/\/eaulogik.ca\/en\/#organization"},"potentialAction":[{"@type":"SearchAction","target":{"@type":"EntryPoint","urlTemplate":"https:\/\/eaulogik.ca\/en\/?s={search_term_string}"},"query-input":{"@type":"PropertyValueSpecification","valueRequired":true,"valueName":"search_term_string"}}],"inLanguage":"fr-CA"},{"@type":"Organization","@id":"https:\/\/eaulogik.ca\/en\/#organization","name":"Eaulogik","url":"https:\/\/eaulogik.ca\/en\/","logo":{"@type":"ImageObject","inLanguage":"fr-CA","@id":"https:\/\/eaulogik.ca\/en\/#\/schema\/logo\/image\/","url":"https:\/\/eaulogik.ca\/wp-content\/uploads\/2022\/09\/eua-logo-sq.png","contentUrl":"https:\/\/eaulogik.ca\/wp-content\/uploads\/2022\/09\/eua-logo-sq.png","width":500,"height":498,"caption":"Eaulogik"},"image":{"@id":"https:\/\/eaulogik.ca\/en\/#\/schema\/logo\/image\/"}}]}},"_links":{"self":[{"href":"https:\/\/eaulogik.ca\/fr\/wp-json\/wp\/v2\/product\/4277","targetHints":{"allow":["GET"]}}],"collection":[{"href":"https:\/\/eaulogik.ca\/fr\/wp-json\/wp\/v2\/product"}],"about":[{"href":"https:\/\/eaulogik.ca\/fr\/wp-json\/wp\/v2\/types\/product"}],"version-history":[{"count":0,"href":"https:\/\/eaulogik.ca\/fr\/wp-json\/wp\/v2\/product\/4277\/revisions"}],"wp:featuredmedia":[{"embeddable":true,"href":"https:\/\/eaulogik.ca\/fr\/wp-json\/wp\/v2\/media\/4320"}],"wp:attachment":[{"href":"https:\/\/eaulogik.ca\/fr\/wp-json\/wp\/v2\/media?parent=4277"}],"wp:term":[{"taxonomy":"product_brand","embeddable":true,"href":"https:\/\/eaulogik.ca\/fr\/wp-json\/wp\/v2\/product_brand?post=4277"},{"taxonomy":"product_cat","embeddable":true,"href":"https:\/\/eaulogik.ca\/fr\/wp-json\/wp\/v2\/product_cat?post=4277"},{"taxonomy":"product_tag","embeddable":true,"href":"https:\/\/eaulogik.ca\/fr\/wp-json\/wp\/v2\/product_tag?post=4277"}],"curies":[{"name":"wp","href":"https:\/\/api.w.org\/{rel}","templated":true}]}}