{"id":4286,"date":"2022-09-27T12:48:17","date_gmt":"2022-09-27T12:48:17","guid":{"rendered":"https:\/\/eaulogikca.wpenginepowered.com\/?post_type=product&#038;p=4286"},"modified":"2024-09-08T18:10:29","modified_gmt":"2024-09-08T18:10:29","slug":"waterlogic-wl500-counter-top","status":"publish","type":"product","link":"https:\/\/eaulogik.ca\/fr\/product\/waterlogic-wl500-counter-top\/","title":{"rendered":"Waterlogic WL500 - Comptoir"},"content":{"rendered":"<div class=\"_6s2bg fggS- cell\">\n<p class=\"Text570327463__root Text570327463---typography-11-runningText Text570327463---priority-7-primary s8gg2 _149OH InfoSectionTitle3095652555__root\" aria-hidden=\"false\" data-hook=\"info-section-title\">Le WL500 est un distributeur d\u2019eau p\u00e9tillante avanc\u00e9 pour la puret\u00e9, la qualit\u00e9 et la commodit\u00e9. Il existe des options d\u2019eau adapt\u00e9es \u00e0 chaque lieu de travail et une capacit\u00e9 \u00e0 garder tous les employ\u00e9s hydrat\u00e9s. La technologie UV garantit la puret\u00e9 et notre syst\u00e8me de filtration au charbon signifie que l\u2019eau a \u00e9galement un go\u00fbt merveilleux.<\/p>\n<h2 class=\"Text570327463__root Text570327463---typography-11-runningText Text570327463---priority-7-primary s8gg2 _149OH InfoSectionTitle3095652555__root\" aria-hidden=\"false\" data-hook=\"info-section-title\">Caract\u00e9ristiques<\/h2>\n<div class=\"WncCi\" data-hook=\"info-section-description\">\n<ul>\n<li>Gaz\u00e9ifi\u00e9e<\/li>\n<li>Froid<\/li>\n<li>Chaud<\/li>\n<li>\u00c9bullition<\/li>\n<li>Mod\u00e8les de tour et de comptoir<\/li>\n<li>Distributeur de gobelets double int\u00e9gr\u00e9<\/li>\n<li>Affichage num\u00e9rique avec trois param\u00e8tres de langue<\/li>\n<li>D\u00e9sinfection UV<\/li>\n<li>Capteur UV<\/li>\n<li>Alarme d\u2019\u00e9gouttement pour la tranquillit\u00e9 d\u2019esprit<\/li>\n<li>Mode veille pour \u00e9conomiser de l\u2019\u00e9nergie lorsque personne ne boit<\/li>\n<li>Les surfaces en plastique entourant la zone de distribution sont impr\u00e9gn\u00e9es de BioCote, un antimicrobien naturel qui inhibe la croissance des germes, fournissant une couche permanente de d\u00e9fense hygi\u00e9nique.<\/li>\n<\/ul>\n<\/div>\n<\/div>","protected":false},"excerpt":{"rendered":"<h4><strong>Waterlogic WL500 Comptoir Froid, Chaud et <span style=\"color: #000080;\">Gazeuse <\/span>eau<\/strong><\/h4>","protected":false},"featured_media":4323,"template":"","meta":[],"product_brand":[],"product_cat":[33,63],"product_tag":[42,43],"class_list":{"0":"post-4286","1":"product","2":"type-product","3":"status-publish","4":"has-post-thumbnail","6":"product_cat-sale","7":"product_cat-waterlogic","8":"product_tag-eau-gazeuse","9":"product_tag-sparkling-water","11":"first","12":"instock","13":"shipping-taxable","14":"product-type-simple"},"yoast_head":"<!-- This site is optimized with the Yoast SEO Premium plugin v24.4 (Yoast SEO v27.3) - https:\/\/yoast.com\/product\/yoast-seo-premium-wordpress\/ -->\n<title>Waterlogic WL500<\/title>\n<meta name=\"description\" content=\"The WL500 is an advanced sparkling water dispenser for purity, quality and convenience. There are water options suitable for each workplace and an ability to keep all employees hydrated. UV technology guarantees purity and our carbon filtration system means that the water also has a wonderful taste.\" \/>\n<meta name=\"robots\" content=\"index, follow, max-snippet:-1, max-image-preview:large, max-video-preview:-1\" \/>\n<link rel=\"canonical\" href=\"https:\/\/eaulogik.ca\/fr\/product\/waterlogic-wl500-counter-top\/\" \/>\n<meta property=\"og:locale\" content=\"fr_CA\" \/>\n<meta property=\"og:type\" content=\"article\" \/>\n<meta property=\"og:title\" content=\"Waterlogic WL500 Counter Top\" \/>\n<meta property=\"og:description\" content=\"The WL500 is an advanced sparkling water dispenser for purity, quality and convenience. There are water options suitable for each workplace and an ability to keep all employees hydrated. UV technology guarantees purity and our carbon filtration system means that the water also has a wonderful taste.\" \/>\n<meta property=\"og:url\" content=\"https:\/\/eaulogik.ca\/fr\/product\/waterlogic-wl500-counter-top\/\" \/>\n<meta property=\"og:site_name\" content=\"Eaulogik\" \/>\n<meta property=\"article:modified_time\" content=\"2024-09-08T18:10:29+00:00\" \/>\n<meta property=\"og:image\" content=\"https:\/\/eaulogik.ca\/wp-content\/uploads\/2022\/09\/wl500-c1.jpg\" \/>\n\t<meta property=\"og:image:width\" content=\"635\" \/>\n\t<meta property=\"og:image:height\" content=\"635\" \/>\n\t<meta property=\"og:image:type\" content=\"image\/jpeg\" \/>\n<meta name=\"twitter:card\" content=\"summary_large_image\" \/>\n<meta name=\"twitter:label1\" content=\"Est. reading time\" \/>\n\t<meta name=\"twitter:data1\" content=\"1 minute\" \/>\n<script type=\"application\/ld+json\" class=\"yoast-schema-graph\">{\"@context\":\"https:\\\/\\\/schema.org\",\"@graph\":[{\"@type\":\"WebPage\",\"@id\":\"https:\\\/\\\/eaulogik.ca\\\/en\\\/product\\\/waterlogic-wl500-counter-top\\\/\",\"url\":\"https:\\\/\\\/eaulogik.ca\\\/en\\\/product\\\/waterlogic-wl500-counter-top\\\/\",\"name\":\"Waterlogic WL500\",\"isPartOf\":{\"@id\":\"https:\\\/\\\/eaulogik.ca\\\/en\\\/#website\"},\"primaryImageOfPage\":{\"@id\":\"https:\\\/\\\/eaulogik.ca\\\/en\\\/product\\\/waterlogic-wl500-counter-top\\\/#primaryimage\"},\"image\":{\"@id\":\"https:\\\/\\\/eaulogik.ca\\\/en\\\/product\\\/waterlogic-wl500-counter-top\\\/#primaryimage\"},\"thumbnailUrl\":\"https:\\\/\\\/eaulogik.ca\\\/wp-content\\\/uploads\\\/2022\\\/09\\\/wl500-c1.jpg\",\"datePublished\":\"2022-09-27T12:48:17+00:00\",\"dateModified\":\"2024-09-08T18:10:29+00:00\",\"description\":\"The WL500 is an advanced sparkling water dispenser for purity, quality and convenience. There are water options suitable for each workplace and an ability to keep all employees hydrated. UV technology guarantees purity and our carbon filtration system means that the water also has a wonderful taste.\",\"breadcrumb\":{\"@id\":\"https:\\\/\\\/eaulogik.ca\\\/en\\\/product\\\/waterlogic-wl500-counter-top\\\/#breadcrumb\"},\"inLanguage\":\"fr-CA\",\"potentialAction\":[{\"@type\":\"ReadAction\",\"target\":[\"https:\\\/\\\/eaulogik.ca\\\/en\\\/product\\\/waterlogic-wl500-counter-top\\\/\"]}]},{\"@type\":\"ImageObject\",\"inLanguage\":\"fr-CA\",\"@id\":\"https:\\\/\\\/eaulogik.ca\\\/en\\\/product\\\/waterlogic-wl500-counter-top\\\/#primaryimage\",\"url\":\"https:\\\/\\\/eaulogik.ca\\\/wp-content\\\/uploads\\\/2022\\\/09\\\/wl500-c1.jpg\",\"contentUrl\":\"https:\\\/\\\/eaulogik.ca\\\/wp-content\\\/uploads\\\/2022\\\/09\\\/wl500-c1.jpg\",\"width\":635,\"height\":635,\"caption\":\"Waterlogic WL500 Sparkling Water\"},{\"@type\":\"BreadcrumbList\",\"@id\":\"https:\\\/\\\/eaulogik.ca\\\/en\\\/product\\\/waterlogic-wl500-counter-top\\\/#breadcrumb\",\"itemListElement\":[{\"@type\":\"ListItem\",\"position\":1,\"name\":\"Home\",\"item\":\"https:\\\/\\\/eaulogik.ca\\\/\"},{\"@type\":\"ListItem\",\"position\":2,\"name\":\"Shop\",\"item\":\"https:\\\/\\\/eaulogik.ca\\\/en\\\/shop\\\/\"},{\"@type\":\"ListItem\",\"position\":3,\"name\":\"Waterlogic WL500 Counter Top\"}]},{\"@type\":\"WebSite\",\"@id\":\"https:\\\/\\\/eaulogik.ca\\\/en\\\/#website\",\"url\":\"https:\\\/\\\/eaulogik.ca\\\/en\\\/\",\"name\":\"Eaulogik\",\"description\":\"Touchless, Bottleless Water Coolers\",\"publisher\":{\"@id\":\"https:\\\/\\\/eaulogik.ca\\\/en\\\/#organization\"},\"potentialAction\":[{\"@type\":\"SearchAction\",\"target\":{\"@type\":\"EntryPoint\",\"urlTemplate\":\"https:\\\/\\\/eaulogik.ca\\\/en\\\/?s={search_term_string}\"},\"query-input\":{\"@type\":\"PropertyValueSpecification\",\"valueRequired\":true,\"valueName\":\"search_term_string\"}}],\"inLanguage\":\"fr-CA\"},{\"@type\":\"Organization\",\"@id\":\"https:\\\/\\\/eaulogik.ca\\\/en\\\/#organization\",\"name\":\"Eaulogik\",\"url\":\"https:\\\/\\\/eaulogik.ca\\\/en\\\/\",\"logo\":{\"@type\":\"ImageObject\",\"inLanguage\":\"fr-CA\",\"@id\":\"https:\\\/\\\/eaulogik.ca\\\/en\\\/#\\\/schema\\\/logo\\\/image\\\/\",\"url\":\"https:\\\/\\\/eaulogik.ca\\\/wp-content\\\/uploads\\\/2022\\\/09\\\/eua-logo-sq.png\",\"contentUrl\":\"https:\\\/\\\/eaulogik.ca\\\/wp-content\\\/uploads\\\/2022\\\/09\\\/eua-logo-sq.png\",\"width\":500,\"height\":498,\"caption\":\"Eaulogik\"},\"image\":{\"@id\":\"https:\\\/\\\/eaulogik.ca\\\/en\\\/#\\\/schema\\\/logo\\\/image\\\/\"}}]}<\/script>\n<!-- \/ Yoast SEO Premium plugin. -->","yoast_head_json":{"title":"Waterlogic WL500","description":"Le WL500 est un distributeur d\u2019eau p\u00e9tillante avanc\u00e9 pour la puret\u00e9, la qualit\u00e9 et la commodit\u00e9. Il existe des options d\u2019eau adapt\u00e9es \u00e0 chaque lieu de travail et une capacit\u00e9 \u00e0 garder tous les employ\u00e9s hydrat\u00e9s. La technologie UV garantit la puret\u00e9 et notre syst\u00e8me de filtration au charbon signifie que l\u2019eau a \u00e9galement un go\u00fbt merveilleux.","robots":{"index":"index","follow":"follow","max-snippet":"max-snippet:-1","max-image-preview":"max-image-preview:large","max-video-preview":"max-video-preview:-1"},"canonical":"https:\/\/eaulogik.ca\/fr\/product\/waterlogic-wl500-counter-top\/","og_locale":"fr_CA","og_type":"article","og_title":"Waterlogic WL500 Counter Top","og_description":"The WL500 is an advanced sparkling water dispenser for purity, quality and convenience. There are water options suitable for each workplace and an ability to keep all employees hydrated. UV technology guarantees purity and our carbon filtration system means that the water also has a wonderful taste.","og_url":"https:\/\/eaulogik.ca\/fr\/product\/waterlogic-wl500-counter-top\/","og_site_name":"Eaulogik","article_modified_time":"2024-09-08T18:10:29+00:00","og_image":[{"width":635,"height":635,"url":"https:\/\/eaulogik.ca\/wp-content\/uploads\/2022\/09\/wl500-c1.jpg","type":"image\/jpeg"}],"twitter_card":"summary_large_image","twitter_misc":{"Est. reading time":"1 minute"},"schema":{"@context":"https:\/\/schema.org","@graph":[{"@type":"WebPage","@id":"https:\/\/eaulogik.ca\/en\/product\/waterlogic-wl500-counter-top\/","url":"https:\/\/eaulogik.ca\/en\/product\/waterlogic-wl500-counter-top\/","name":"Waterlogic WL500","isPartOf":{"@id":"https:\/\/eaulogik.ca\/en\/#website"},"primaryImageOfPage":{"@id":"https:\/\/eaulogik.ca\/en\/product\/waterlogic-wl500-counter-top\/#primaryimage"},"image":{"@id":"https:\/\/eaulogik.ca\/en\/product\/waterlogic-wl500-counter-top\/#primaryimage"},"thumbnailUrl":"https:\/\/eaulogik.ca\/wp-content\/uploads\/2022\/09\/wl500-c1.jpg","datePublished":"2022-09-27T12:48:17+00:00","dateModified":"2024-09-08T18:10:29+00:00","description":"Le WL500 est un distributeur d\u2019eau p\u00e9tillante avanc\u00e9 pour la puret\u00e9, la qualit\u00e9 et la commodit\u00e9. Il existe des options d\u2019eau adapt\u00e9es \u00e0 chaque lieu de travail et une capacit\u00e9 \u00e0 garder tous les employ\u00e9s hydrat\u00e9s. La technologie UV garantit la puret\u00e9 et notre syst\u00e8me de filtration au charbon signifie que l\u2019eau a \u00e9galement un go\u00fbt merveilleux.","breadcrumb":{"@id":"https:\/\/eaulogik.ca\/en\/product\/waterlogic-wl500-counter-top\/#breadcrumb"},"inLanguage":"fr-CA","potentialAction":[{"@type":"ReadAction","target":["https:\/\/eaulogik.ca\/en\/product\/waterlogic-wl500-counter-top\/"]}]},{"@type":"ImageObject","inLanguage":"fr-CA","@id":"https:\/\/eaulogik.ca\/en\/product\/waterlogic-wl500-counter-top\/#primaryimage","url":"https:\/\/eaulogik.ca\/wp-content\/uploads\/2022\/09\/wl500-c1.jpg","contentUrl":"https:\/\/eaulogik.ca\/wp-content\/uploads\/2022\/09\/wl500-c1.jpg","width":635,"height":635,"caption":"Waterlogic WL500 Sparkling Water"},{"@type":"BreadcrumbList","@id":"https:\/\/eaulogik.ca\/en\/product\/waterlogic-wl500-counter-top\/#breadcrumb","itemListElement":[{"@type":"ListItem","position":1,"name":"Home","item":"https:\/\/eaulogik.ca\/"},{"@type":"ListItem","position":2,"name":"Shop","item":"https:\/\/eaulogik.ca\/en\/shop\/"},{"@type":"ListItem","position":3,"name":"Waterlogic WL500 Counter Top"}]},{"@type":"WebSite","@id":"https:\/\/eaulogik.ca\/en\/#website","url":"https:\/\/eaulogik.ca\/en\/","name":"Eaulogik","description":"Touchless, Bottleless Water Coolers","publisher":{"@id":"https:\/\/eaulogik.ca\/en\/#organization"},"potentialAction":[{"@type":"SearchAction","target":{"@type":"EntryPoint","urlTemplate":"https:\/\/eaulogik.ca\/en\/?s={search_term_string}"},"query-input":{"@type":"PropertyValueSpecification","valueRequired":true,"valueName":"search_term_string"}}],"inLanguage":"fr-CA"},{"@type":"Organization","@id":"https:\/\/eaulogik.ca\/en\/#organization","name":"Eaulogik","url":"https:\/\/eaulogik.ca\/en\/","logo":{"@type":"ImageObject","inLanguage":"fr-CA","@id":"https:\/\/eaulogik.ca\/en\/#\/schema\/logo\/image\/","url":"https:\/\/eaulogik.ca\/wp-content\/uploads\/2022\/09\/eua-logo-sq.png","contentUrl":"https:\/\/eaulogik.ca\/wp-content\/uploads\/2022\/09\/eua-logo-sq.png","width":500,"height":498,"caption":"Eaulogik"},"image":{"@id":"https:\/\/eaulogik.ca\/en\/#\/schema\/logo\/image\/"}}]}},"_links":{"self":[{"href":"https:\/\/eaulogik.ca\/fr\/wp-json\/wp\/v2\/product\/4286","targetHints":{"allow":["GET"]}}],"collection":[{"href":"https:\/\/eaulogik.ca\/fr\/wp-json\/wp\/v2\/product"}],"about":[{"href":"https:\/\/eaulogik.ca\/fr\/wp-json\/wp\/v2\/types\/product"}],"version-history":[{"count":0,"href":"https:\/\/eaulogik.ca\/fr\/wp-json\/wp\/v2\/product\/4286\/revisions"}],"wp:featuredmedia":[{"embeddable":true,"href":"https:\/\/eaulogik.ca\/fr\/wp-json\/wp\/v2\/media\/4323"}],"wp:attachment":[{"href":"https:\/\/eaulogik.ca\/fr\/wp-json\/wp\/v2\/media?parent=4286"}],"wp:term":[{"taxonomy":"product_brand","embeddable":true,"href":"https:\/\/eaulogik.ca\/fr\/wp-json\/wp\/v2\/product_brand?post=4286"},{"taxonomy":"product_cat","embeddable":true,"href":"https:\/\/eaulogik.ca\/fr\/wp-json\/wp\/v2\/product_cat?post=4286"},{"taxonomy":"product_tag","embeddable":true,"href":"https:\/\/eaulogik.ca\/fr\/wp-json\/wp\/v2\/product_tag?post=4286"}],"curies":[{"name":"wp","href":"https:\/\/api.w.org\/{rel}","templated":true}]}}