{"id":893,"date":"2022-08-15T14:19:05","date_gmt":"2022-08-15T14:19:05","guid":{"rendered":"https:\/\/soon2come.website\/?post_type=product&#038;p=893"},"modified":"2024-09-06T03:21:16","modified_gmt":"2024-09-06T03:21:16","slug":"blupura-hydrazon","status":"publish","type":"product","link":"https:\/\/eaulogik.ca\/fr\/product\/blupura-hydrazon\/","title":{"rendered":"Blupura Hydrazon"},"content":{"rendered":"<p>Libre-Touche est le nouveau mod\u00e8le d'Hydrazon, parfait pour r\u00e9pondre aux exigences actuelles. Essentiel et \u00e9l\u00e9gant, pour s'int\u00e9grer avec style dans n'importe quel environnement. Ce distributeur d'eau est la solution parfaite pour tout bureau ou lieu de travail.<\/p>\n<h2><strong>Caract\u00e9ristiques<\/strong><\/h2>\n<ul>\n<li>Alerte de bac d'\u00e9gouttement plein : une LED indique lorsque le bac d'\u00e9gouttement est plein. Le bac d'\u00e9gouttage permet \u00e9galement de raccorder une \u00e9vacuation en option.<\/li>\n<li>Zone de distribution : haute de 11 pouces et \u00e9clair\u00e9e pour un remplissage facile de tout type de r\u00e9cipient, bouteilles incluses !<\/li>\n<li>Zone de distribution : haute de 280 mm et \u00e9clair\u00e9e pour faciliter le remplissage de tout type de r\u00e9cipient, bouteilles comprises !<\/li>\n<li>Utilisation de gaz r\u00e9frig\u00e9rant naturel R600a.<\/li>\n<li>Nano Silver Pipe pour \u00e9viter l\u2019accumulation de bact\u00e9ries.<\/li>\n<\/ul>\n<p>&nbsp;<\/p>\n<p><iframe title=\"Hydrazon by Blupura is now touch-free!\" width=\"800\" height=\"450\" src=\"https:\/\/www.youtube.com\/embed\/iOLRZ_JQ5Hg?start=1&#038;feature=oembed\" frameborder=\"0\" allow=\"accelerometer; autoplay; clipboard-write; encrypted-media; gyroscope; picture-in-picture; web-share\" referrerpolicy=\"strict-origin-when-cross-origin\" allowfullscreen><\/iframe><\/p>\n<p><strong>For more info:<\/strong><\/p>\n<p><a href=\"https:\/\/www.blupura.com\/us\/product_family\/hydrazon-us\/\">BlupuraHydrazon.com<\/a><\/p>\n<p>Eaulogik is an authorized distributor for Blupura<\/p>","protected":false},"excerpt":{"rendered":"<h4><strong>Blupura Hydrazon Eau ambiante, froide, chaude et gazeuse<\/strong><\/h4>","protected":false},"featured_media":3589,"template":"","meta":[],"product_brand":[],"product_cat":[19,40,45],"product_tag":[42,43],"class_list":{"0":"post-893","1":"product","2":"type-product","3":"status-publish","4":"has-post-thumbnail","6":"product_cat-commercial-water-dispensers","7":"product_cat-sparkling","8":"product_cat-touch-free","9":"product_tag-eau-gazeuse","10":"product_tag-sparkling-water","12":"first","13":"instock","14":"shipping-taxable","15":"product-type-simple"},"yoast_head":"<!-- This site is optimized with the Yoast SEO Premium plugin v24.4 (Yoast SEO v27.4) - https:\/\/yoast.com\/product\/yoast-seo-premium-wordpress\/ -->\n<title>Blupura Hydrazon<\/title>\n<meta name=\"description\" content=\"Blupura Hydrazon the latest in modern techology with a large dispensing area, UV protection for sparkling, cold and hot water on tap Eau gazeuse\" \/>\n<meta name=\"robots\" content=\"index, follow, max-snippet:-1, max-image-preview:large, max-video-preview:-1\" \/>\n<link rel=\"canonical\" href=\"https:\/\/eaulogik.ca\/fr\/product\/blupura-hydrazon\/\" \/>\n<meta property=\"og:locale\" content=\"fr_CA\" \/>\n<meta property=\"og:type\" content=\"article\" \/>\n<meta property=\"og:title\" content=\"Blupura Hydrazon\" \/>\n<meta property=\"og:description\" content=\"Blupura Hydrazon the latest in modern techology with a large dispensing area, UV protection for sparkling, cold and hot water on tap Eau gazeuse\" \/>\n<meta property=\"og:url\" content=\"https:\/\/eaulogik.ca\/fr\/product\/blupura-hydrazon\/\" \/>\n<meta property=\"og:site_name\" content=\"Eaulogik\" \/>\n<meta property=\"article:modified_time\" content=\"2024-09-06T03:21:16+00:00\" \/>\n<meta property=\"og:image\" content=\"https:\/\/eaulogik.ca\/wp-content\/uploads\/2022\/08\/hydrazon-2.png\" \/>\n\t<meta property=\"og:image:width\" content=\"800\" \/>\n\t<meta property=\"og:image:height\" content=\"800\" \/>\n\t<meta property=\"og:image:type\" content=\"image\/png\" \/>\n<meta name=\"twitter:card\" content=\"summary_large_image\" \/>\n<meta name=\"twitter:label1\" content=\"Est. reading time\" \/>\n\t<meta name=\"twitter:data1\" content=\"1 minute\" \/>\n<script type=\"application\/ld+json\" class=\"yoast-schema-graph\">{\"@context\":\"https:\\\/\\\/schema.org\",\"@graph\":[{\"@type\":\"WebPage\",\"@id\":\"https:\\\/\\\/eaulogik.ca\\\/en\\\/product\\\/blupura-hydrazon\\\/\",\"url\":\"https:\\\/\\\/eaulogik.ca\\\/en\\\/product\\\/blupura-hydrazon\\\/\",\"name\":\"Blupura Hydrazon\",\"isPartOf\":{\"@id\":\"https:\\\/\\\/eaulogik.ca\\\/en\\\/#website\"},\"primaryImageOfPage\":{\"@id\":\"https:\\\/\\\/eaulogik.ca\\\/en\\\/product\\\/blupura-hydrazon\\\/#primaryimage\"},\"image\":{\"@id\":\"https:\\\/\\\/eaulogik.ca\\\/en\\\/product\\\/blupura-hydrazon\\\/#primaryimage\"},\"thumbnailUrl\":\"https:\\\/\\\/eaulogik.ca\\\/wp-content\\\/uploads\\\/2022\\\/08\\\/hydrazon-2.png\",\"datePublished\":\"2022-08-15T14:19:05+00:00\",\"dateModified\":\"2024-09-06T03:21:16+00:00\",\"description\":\"Blupura Hydrazon the latest in modern techology with a large dispensing area, UV protection for sparkling, cold and hot water on tap Eau gazeuse\",\"breadcrumb\":{\"@id\":\"https:\\\/\\\/eaulogik.ca\\\/en\\\/product\\\/blupura-hydrazon\\\/#breadcrumb\"},\"inLanguage\":\"fr-CA\",\"potentialAction\":[{\"@type\":\"ReadAction\",\"target\":[\"https:\\\/\\\/eaulogik.ca\\\/en\\\/product\\\/blupura-hydrazon\\\/\"]}]},{\"@type\":\"ImageObject\",\"inLanguage\":\"fr-CA\",\"@id\":\"https:\\\/\\\/eaulogik.ca\\\/en\\\/product\\\/blupura-hydrazon\\\/#primaryimage\",\"url\":\"https:\\\/\\\/eaulogik.ca\\\/wp-content\\\/uploads\\\/2022\\\/08\\\/hydrazon-2.png\",\"contentUrl\":\"https:\\\/\\\/eaulogik.ca\\\/wp-content\\\/uploads\\\/2022\\\/08\\\/hydrazon-2.png\",\"width\":800,\"height\":800,\"caption\":\"Blupura Hydrazon\"},{\"@type\":\"BreadcrumbList\",\"@id\":\"https:\\\/\\\/eaulogik.ca\\\/en\\\/product\\\/blupura-hydrazon\\\/#breadcrumb\",\"itemListElement\":[{\"@type\":\"ListItem\",\"position\":1,\"name\":\"Home\",\"item\":\"https:\\\/\\\/eaulogik.ca\\\/en\\\/\"},{\"@type\":\"ListItem\",\"position\":2,\"name\":\"Shop\",\"item\":\"https:\\\/\\\/eaulogik.ca\\\/en\\\/shop\\\/\"},{\"@type\":\"ListItem\",\"position\":3,\"name\":\"Blupura Hydrazon\"}]},{\"@type\":\"WebSite\",\"@id\":\"https:\\\/\\\/eaulogik.ca\\\/en\\\/#website\",\"url\":\"https:\\\/\\\/eaulogik.ca\\\/en\\\/\",\"name\":\"Eaulogik\",\"description\":\"Touchless, Bottleless Water Coolers\",\"publisher\":{\"@id\":\"https:\\\/\\\/eaulogik.ca\\\/en\\\/#organization\"},\"potentialAction\":[{\"@type\":\"SearchAction\",\"target\":{\"@type\":\"EntryPoint\",\"urlTemplate\":\"https:\\\/\\\/eaulogik.ca\\\/en\\\/?s={search_term_string}\"},\"query-input\":{\"@type\":\"PropertyValueSpecification\",\"valueRequired\":true,\"valueName\":\"search_term_string\"}}],\"inLanguage\":\"fr-CA\"},{\"@type\":\"Organization\",\"@id\":\"https:\\\/\\\/eaulogik.ca\\\/en\\\/#organization\",\"name\":\"Eaulogik\",\"url\":\"https:\\\/\\\/eaulogik.ca\\\/en\\\/\",\"logo\":{\"@type\":\"ImageObject\",\"inLanguage\":\"fr-CA\",\"@id\":\"https:\\\/\\\/eaulogik.ca\\\/en\\\/#\\\/schema\\\/logo\\\/image\\\/\",\"url\":\"https:\\\/\\\/eaulogik.ca\\\/wp-content\\\/uploads\\\/2022\\\/09\\\/eua-logo-sq.png\",\"contentUrl\":\"https:\\\/\\\/eaulogik.ca\\\/wp-content\\\/uploads\\\/2022\\\/09\\\/eua-logo-sq.png\",\"width\":500,\"height\":498,\"caption\":\"Eaulogik\"},\"image\":{\"@id\":\"https:\\\/\\\/eaulogik.ca\\\/en\\\/#\\\/schema\\\/logo\\\/image\\\/\"}}]}<\/script>\n<!-- \/ Yoast SEO Premium plugin. -->","yoast_head_json":{"title":"Blupura Hydrazon","description":"Blupura Hydrazon the latest in modern techology with a large dispensing area, UV protection for sparkling, cold and hot water on tap Eau gazeuse","robots":{"index":"index","follow":"follow","max-snippet":"max-snippet:-1","max-image-preview":"max-image-preview:large","max-video-preview":"max-video-preview:-1"},"canonical":"https:\/\/eaulogik.ca\/fr\/product\/blupura-hydrazon\/","og_locale":"fr_CA","og_type":"article","og_title":"Blupura Hydrazon","og_description":"Blupura Hydrazon the latest in modern techology with a large dispensing area, UV protection for sparkling, cold and hot water on tap Eau gazeuse","og_url":"https:\/\/eaulogik.ca\/fr\/product\/blupura-hydrazon\/","og_site_name":"Eaulogik","article_modified_time":"2024-09-06T03:21:16+00:00","og_image":[{"width":800,"height":800,"url":"https:\/\/eaulogik.ca\/wp-content\/uploads\/2022\/08\/hydrazon-2.png","type":"image\/png"}],"twitter_card":"summary_large_image","twitter_misc":{"Est. reading time":"1 minute"},"schema":{"@context":"https:\/\/schema.org","@graph":[{"@type":"WebPage","@id":"https:\/\/eaulogik.ca\/en\/product\/blupura-hydrazon\/","url":"https:\/\/eaulogik.ca\/en\/product\/blupura-hydrazon\/","name":"Blupura Hydrazon","isPartOf":{"@id":"https:\/\/eaulogik.ca\/en\/#website"},"primaryImageOfPage":{"@id":"https:\/\/eaulogik.ca\/en\/product\/blupura-hydrazon\/#primaryimage"},"image":{"@id":"https:\/\/eaulogik.ca\/en\/product\/blupura-hydrazon\/#primaryimage"},"thumbnailUrl":"https:\/\/eaulogik.ca\/wp-content\/uploads\/2022\/08\/hydrazon-2.png","datePublished":"2022-08-15T14:19:05+00:00","dateModified":"2024-09-06T03:21:16+00:00","description":"Blupura Hydrazon the latest in modern techology with a large dispensing area, UV protection for sparkling, cold and hot water on tap Eau gazeuse","breadcrumb":{"@id":"https:\/\/eaulogik.ca\/en\/product\/blupura-hydrazon\/#breadcrumb"},"inLanguage":"fr-CA","potentialAction":[{"@type":"ReadAction","target":["https:\/\/eaulogik.ca\/en\/product\/blupura-hydrazon\/"]}]},{"@type":"ImageObject","inLanguage":"fr-CA","@id":"https:\/\/eaulogik.ca\/en\/product\/blupura-hydrazon\/#primaryimage","url":"https:\/\/eaulogik.ca\/wp-content\/uploads\/2022\/08\/hydrazon-2.png","contentUrl":"https:\/\/eaulogik.ca\/wp-content\/uploads\/2022\/08\/hydrazon-2.png","width":800,"height":800,"caption":"Blupura Hydrazon"},{"@type":"BreadcrumbList","@id":"https:\/\/eaulogik.ca\/en\/product\/blupura-hydrazon\/#breadcrumb","itemListElement":[{"@type":"ListItem","position":1,"name":"Home","item":"https:\/\/eaulogik.ca\/en\/"},{"@type":"ListItem","position":2,"name":"Shop","item":"https:\/\/eaulogik.ca\/en\/shop\/"},{"@type":"ListItem","position":3,"name":"Blupura Hydrazon"}]},{"@type":"WebSite","@id":"https:\/\/eaulogik.ca\/en\/#website","url":"https:\/\/eaulogik.ca\/en\/","name":"Eaulogik","description":"Touchless, Bottleless Water Coolers","publisher":{"@id":"https:\/\/eaulogik.ca\/en\/#organization"},"potentialAction":[{"@type":"SearchAction","target":{"@type":"EntryPoint","urlTemplate":"https:\/\/eaulogik.ca\/en\/?s={search_term_string}"},"query-input":{"@type":"PropertyValueSpecification","valueRequired":true,"valueName":"search_term_string"}}],"inLanguage":"fr-CA"},{"@type":"Organization","@id":"https:\/\/eaulogik.ca\/en\/#organization","name":"Eaulogik","url":"https:\/\/eaulogik.ca\/en\/","logo":{"@type":"ImageObject","inLanguage":"fr-CA","@id":"https:\/\/eaulogik.ca\/en\/#\/schema\/logo\/image\/","url":"https:\/\/eaulogik.ca\/wp-content\/uploads\/2022\/09\/eua-logo-sq.png","contentUrl":"https:\/\/eaulogik.ca\/wp-content\/uploads\/2022\/09\/eua-logo-sq.png","width":500,"height":498,"caption":"Eaulogik"},"image":{"@id":"https:\/\/eaulogik.ca\/en\/#\/schema\/logo\/image\/"}}]}},"_links":{"self":[{"href":"https:\/\/eaulogik.ca\/fr\/wp-json\/wp\/v2\/product\/893","targetHints":{"allow":["GET"]}}],"collection":[{"href":"https:\/\/eaulogik.ca\/fr\/wp-json\/wp\/v2\/product"}],"about":[{"href":"https:\/\/eaulogik.ca\/fr\/wp-json\/wp\/v2\/types\/product"}],"version-history":[{"count":0,"href":"https:\/\/eaulogik.ca\/fr\/wp-json\/wp\/v2\/product\/893\/revisions"}],"wp:featuredmedia":[{"embeddable":true,"href":"https:\/\/eaulogik.ca\/fr\/wp-json\/wp\/v2\/media\/3589"}],"wp:attachment":[{"href":"https:\/\/eaulogik.ca\/fr\/wp-json\/wp\/v2\/media?parent=893"}],"wp:term":[{"taxonomy":"product_brand","embeddable":true,"href":"https:\/\/eaulogik.ca\/fr\/wp-json\/wp\/v2\/product_brand?post=893"},{"taxonomy":"product_cat","embeddable":true,"href":"https:\/\/eaulogik.ca\/fr\/wp-json\/wp\/v2\/product_cat?post=893"},{"taxonomy":"product_tag","embeddable":true,"href":"https:\/\/eaulogik.ca\/fr\/wp-json\/wp\/v2\/product_tag?post=893"}],"curies":[{"name":"wp","href":"https:\/\/api.w.org\/{rel}","templated":true}]}}